{"id":85,"date":"2023-06-22T19:49:48","date_gmt":"2023-06-22T19:49:48","guid":{"rendered":"https:\/\/www.agronomoscuenca.es\/?page_id=85"},"modified":"2023-06-22T19:58:50","modified_gmt":"2023-06-22T19:58:50","slug":"formacion","status":"publish","type":"page","link":"https:\/\/www.agronomoscuenca.es\/index.php\/formacion\/","title":{"rendered":"FORMACI\u00d3N"},"content":{"rendered":"\n<p>M\u00e1s de 20<strong>&nbsp;a\u00f1os de experiencia<\/strong>&nbsp;en la preparaci\u00f3n de agricultores y ganaderos nos avalan.<\/p>\n\n\n\n<p>Ponemos a tu disposici\u00f3n&nbsp;<strong>los mejores cursos, contenidos y herramientas formativas para agricultores y ganaderos.<\/strong><\/p>\n\n\n\n<p>Gracias a la metodolog\u00eda ONLINE, t\u00fa decides cu\u00e1ndo y d\u00f3nde quieres estudiar.<\/p>\n\n\n\n<figure class=\"wp-block-image size-full\"><img loading=\"lazy\" decoding=\"async\" width=\"800\" height=\"317\" src=\"https:\/\/www.agronomoscuenca.es\/wp-content\/uploads\/2023\/06\/cursos-apiac.jpg\" alt=\"\" class=\"wp-image-87\" srcset=\"https:\/\/www.agronomoscuenca.es\/wp-content\/uploads\/2023\/06\/cursos-apiac.jpg 800w, https:\/\/www.agronomoscuenca.es\/wp-content\/uploads\/2023\/06\/cursos-apiac-300x119.jpg 300w, https:\/\/www.agronomoscuenca.es\/wp-content\/uploads\/2023\/06\/cursos-apiac-768x304.jpg 768w\" sizes=\"auto, (max-width: 800px) 100vw, 800px\" \/><\/figure>\n\n\n\n<p>La formaci\u00f3n est\u00e1 cobrando cada vez m\u00e1s importancia en el \u00e1mbito agrario. Aunque la principal semilla para el desarrollo de la actividad agr\u00edcola y ganadera suele ser la que se pasa de padres a hijos, la continua innovaci\u00f3n en el \u00e1mbito agrario y la constante publicaci\u00f3n de normativa hace deseable que el agricultor y ganadero, as\u00ed como t\u00e9cnicos est\u00e9n al d\u00eda en las materias propias del sector primario. APIAC ofrece la posibilidad de impartir cursos de formaci\u00f3n en materias como fitosanitarios, incorporaci\u00f3n a la actividad agraria, medio ambiente, agricultura ecol\u00f3gica,\u2026 Dispone para ello de los medios materiales y humanos y obtenemos el reconocimiento por parte de la Junta de Comunidades de Castilla \u2013 La Mancha para la impartici\u00f3n de estos cursos.<\/p>\n\n\n\n<h2 class=\"wp-block-heading\">Principales actividades formativas:<\/h2>\n\n\n\n<p>Curso de incorporaci\u00f3n a la agricultura para jovenes.<\/p>\n\n\n\n<p>Curso de plaguicidas de uso ganadero.<\/p>\n\n\n\n<p>Curso de manipulador de productos fitosanitarios.<\/p>\n\n\n\n<p>Curso de aromaticas<\/p>\n\n\n\n<p>Curso de preparacion para superar el examen del cazador.<\/p>\n","protected":false},"excerpt":{"rendered":"<p>M\u00e1s de 20&nbsp;a\u00f1os de experiencia&nbsp;en la preparaci\u00f3n de agricultores y ganaderos nos avalan. Ponemos a tu disposici\u00f3n&nbsp;los mejores cursos, contenidos y herramientas formativas para agricultores y ganaderos. Gracias a la metodolog\u00eda ONLINE, t\u00fa decides cu\u00e1ndo y d\u00f3nde quieres estudiar. La formaci\u00f3n est\u00e1 cobrando cada vez m\u00e1s importancia en el \u00e1mbito agrario. Aunque la principal semilla [&hellip;]<\/p>\n","protected":false},"author":1,"featured_media":0,"parent":0,"menu_order":0,"comment_status":"closed","ping_status":"closed","template":"","meta":{"footnotes":""},"class_list":["post-85","page","type-page","status-publish","czr-hentry"],"yoast_head":"<!-- This site is optimized with the Yoast SEO plugin v26.6 - https:\/\/yoast.com\/wordpress\/plugins\/seo\/ -->\n<title>FORMACI\u00d3N - APIAC<\/title>\n<meta name=\"robots\" content=\"index, follow, max-snippet:-1, max-image-preview:large, max-video-preview:-1\" \/>\n<link rel=\"canonical\" href=\"https:\/\/www.agronomoscuenca.es\/index.php\/formacion\/\" \/>\n<meta property=\"og:locale\" content=\"es_ES\" \/>\n<meta property=\"og:type\" content=\"article\" \/>\n<meta property=\"og:title\" content=\"FORMACI\u00d3N - APIAC\" \/>\n<meta property=\"og:description\" content=\"M\u00e1s de 20&nbsp;a\u00f1os de experiencia&nbsp;en la preparaci\u00f3n de agricultores y ganaderos nos avalan. Ponemos a tu disposici\u00f3n&nbsp;los mejores cursos, contenidos y herramientas formativas para agricultores y ganaderos. Gracias a la metodolog\u00eda ONLINE, t\u00fa decides cu\u00e1ndo y d\u00f3nde quieres estudiar. La formaci\u00f3n est\u00e1 cobrando cada vez m\u00e1s importancia en el \u00e1mbito agrario. Aunque la principal semilla [&hellip;]\" \/>\n<meta property=\"og:url\" content=\"https:\/\/www.agronomoscuenca.es\/index.php\/formacion\/\" \/>\n<meta property=\"og:site_name\" content=\"APIAC\" \/>\n<meta property=\"article:modified_time\" content=\"2023-06-22T19:58:50+00:00\" \/>\n<meta property=\"og:image\" content=\"https:\/\/www.agronomoscuenca.es\/wp-content\/uploads\/2023\/06\/cursos-apiac.jpg\" \/>\n<meta name=\"twitter:card\" content=\"summary_large_image\" \/>\n<meta name=\"twitter:label1\" content=\"Tiempo de lectura\" \/>\n\t<meta name=\"twitter:data1\" content=\"1 minuto\" \/>\n<script type=\"application\/ld+json\" class=\"yoast-schema-graph\">{\"@context\":\"https:\/\/schema.org\",\"@graph\":[{\"@type\":\"WebPage\",\"@id\":\"https:\/\/www.agronomoscuenca.es\/index.php\/formacion\/\",\"url\":\"https:\/\/www.agronomoscuenca.es\/index.php\/formacion\/\",\"name\":\"FORMACI\u00d3N - APIAC\",\"isPartOf\":{\"@id\":\"http:\/\/www.agronomoscuenca.es\/#website\"},\"primaryImageOfPage\":{\"@id\":\"https:\/\/www.agronomoscuenca.es\/index.php\/formacion\/#primaryimage\"},\"image\":{\"@id\":\"https:\/\/www.agronomoscuenca.es\/index.php\/formacion\/#primaryimage\"},\"thumbnailUrl\":\"https:\/\/www.agronomoscuenca.es\/wp-content\/uploads\/2023\/06\/cursos-apiac.jpg\",\"datePublished\":\"2023-06-22T19:49:48+00:00\",\"dateModified\":\"2023-06-22T19:58:50+00:00\",\"breadcrumb\":{\"@id\":\"https:\/\/www.agronomoscuenca.es\/index.php\/formacion\/#breadcrumb\"},\"inLanguage\":\"es\",\"potentialAction\":[{\"@type\":\"ReadAction\",\"target\":[\"https:\/\/www.agronomoscuenca.es\/index.php\/formacion\/\"]}]},{\"@type\":\"ImageObject\",\"inLanguage\":\"es\",\"@id\":\"https:\/\/www.agronomoscuenca.es\/index.php\/formacion\/#primaryimage\",\"url\":\"https:\/\/www.agronomoscuenca.es\/wp-content\/uploads\/2023\/06\/cursos-apiac.jpg\",\"contentUrl\":\"https:\/\/www.agronomoscuenca.es\/wp-content\/uploads\/2023\/06\/cursos-apiac.jpg\"},{\"@type\":\"BreadcrumbList\",\"@id\":\"https:\/\/www.agronomoscuenca.es\/index.php\/formacion\/#breadcrumb\",\"itemListElement\":[{\"@type\":\"ListItem\",\"position\":1,\"name\":\"Portada\",\"item\":\"http:\/\/www.agronomoscuenca.es\/\"},{\"@type\":\"ListItem\",\"position\":2,\"name\":\"FORMACI\u00d3N\"}]},{\"@type\":\"WebSite\",\"@id\":\"http:\/\/www.agronomoscuenca.es\/#website\",\"url\":\"http:\/\/www.agronomoscuenca.es\/\",\"name\":\"APIAC\",\"description\":\"Asociaci\u00f3n Profesional de Ingenieros Agronomos\",\"publisher\":{\"@id\":\"http:\/\/www.agronomoscuenca.es\/#organization\"},\"potentialAction\":[{\"@type\":\"SearchAction\",\"target\":{\"@type\":\"EntryPoint\",\"urlTemplate\":\"http:\/\/www.agronomoscuenca.es\/?s={search_term_string}\"},\"query-input\":{\"@type\":\"PropertyValueSpecification\",\"valueRequired\":true,\"valueName\":\"search_term_string\"}}],\"inLanguage\":\"es\"},{\"@type\":\"Organization\",\"@id\":\"http:\/\/www.agronomoscuenca.es\/#organization\",\"name\":\"APIAC\",\"url\":\"http:\/\/www.agronomoscuenca.es\/\",\"logo\":{\"@type\":\"ImageObject\",\"inLanguage\":\"es\",\"@id\":\"http:\/\/www.agronomoscuenca.es\/#\/schema\/logo\/image\/\",\"url\":\"https:\/\/www.agronomoscuenca.es\/wp-content\/uploads\/2023\/06\/cropped-logo-apiac-800x470-1.jpg\",\"contentUrl\":\"https:\/\/www.agronomoscuenca.es\/wp-content\/uploads\/2023\/06\/cropped-logo-apiac-800x470-1.jpg\",\"width\":800,\"height\":419,\"caption\":\"APIAC\"},\"image\":{\"@id\":\"http:\/\/www.agronomoscuenca.es\/#\/schema\/logo\/image\/\"}}]}<\/script>\n<!-- \/ Yoast SEO plugin. -->","yoast_head_json":{"title":"FORMACI\u00d3N - APIAC","robots":{"index":"index","follow":"follow","max-snippet":"max-snippet:-1","max-image-preview":"max-image-preview:large","max-video-preview":"max-video-preview:-1"},"canonical":"https:\/\/www.agronomoscuenca.es\/index.php\/formacion\/","og_locale":"es_ES","og_type":"article","og_title":"FORMACI\u00d3N - APIAC","og_description":"M\u00e1s de 20&nbsp;a\u00f1os de experiencia&nbsp;en la preparaci\u00f3n de agricultores y ganaderos nos avalan. Ponemos a tu disposici\u00f3n&nbsp;los mejores cursos, contenidos y herramientas formativas para agricultores y ganaderos. Gracias a la metodolog\u00eda ONLINE, t\u00fa decides cu\u00e1ndo y d\u00f3nde quieres estudiar. La formaci\u00f3n est\u00e1 cobrando cada vez m\u00e1s importancia en el \u00e1mbito agrario. Aunque la principal semilla [&hellip;]","og_url":"https:\/\/www.agronomoscuenca.es\/index.php\/formacion\/","og_site_name":"APIAC","article_modified_time":"2023-06-22T19:58:50+00:00","og_image":[{"url":"https:\/\/www.agronomoscuenca.es\/wp-content\/uploads\/2023\/06\/cursos-apiac.jpg","type":"","width":"","height":""}],"twitter_card":"summary_large_image","twitter_misc":{"Tiempo de lectura":"1 minuto"},"schema":{"@context":"https:\/\/schema.org","@graph":[{"@type":"WebPage","@id":"https:\/\/www.agronomoscuenca.es\/index.php\/formacion\/","url":"https:\/\/www.agronomoscuenca.es\/index.php\/formacion\/","name":"FORMACI\u00d3N - APIAC","isPartOf":{"@id":"http:\/\/www.agronomoscuenca.es\/#website"},"primaryImageOfPage":{"@id":"https:\/\/www.agronomoscuenca.es\/index.php\/formacion\/#primaryimage"},"image":{"@id":"https:\/\/www.agronomoscuenca.es\/index.php\/formacion\/#primaryimage"},"thumbnailUrl":"https:\/\/www.agronomoscuenca.es\/wp-content\/uploads\/2023\/06\/cursos-apiac.jpg","datePublished":"2023-06-22T19:49:48+00:00","dateModified":"2023-06-22T19:58:50+00:00","breadcrumb":{"@id":"https:\/\/www.agronomoscuenca.es\/index.php\/formacion\/#breadcrumb"},"inLanguage":"es","potentialAction":[{"@type":"ReadAction","target":["https:\/\/www.agronomoscuenca.es\/index.php\/formacion\/"]}]},{"@type":"ImageObject","inLanguage":"es","@id":"https:\/\/www.agronomoscuenca.es\/index.php\/formacion\/#primaryimage","url":"https:\/\/www.agronomoscuenca.es\/wp-content\/uploads\/2023\/06\/cursos-apiac.jpg","contentUrl":"https:\/\/www.agronomoscuenca.es\/wp-content\/uploads\/2023\/06\/cursos-apiac.jpg"},{"@type":"BreadcrumbList","@id":"https:\/\/www.agronomoscuenca.es\/index.php\/formacion\/#breadcrumb","itemListElement":[{"@type":"ListItem","position":1,"name":"Portada","item":"http:\/\/www.agronomoscuenca.es\/"},{"@type":"ListItem","position":2,"name":"FORMACI\u00d3N"}]},{"@type":"WebSite","@id":"http:\/\/www.agronomoscuenca.es\/#website","url":"http:\/\/www.agronomoscuenca.es\/","name":"APIAC","description":"Asociaci\u00f3n Profesional de Ingenieros Agronomos","publisher":{"@id":"http:\/\/www.agronomoscuenca.es\/#organization"},"potentialAction":[{"@type":"SearchAction","target":{"@type":"EntryPoint","urlTemplate":"http:\/\/www.agronomoscuenca.es\/?s={search_term_string}"},"query-input":{"@type":"PropertyValueSpecification","valueRequired":true,"valueName":"search_term_string"}}],"inLanguage":"es"},{"@type":"Organization","@id":"http:\/\/www.agronomoscuenca.es\/#organization","name":"APIAC","url":"http:\/\/www.agronomoscuenca.es\/","logo":{"@type":"ImageObject","inLanguage":"es","@id":"http:\/\/www.agronomoscuenca.es\/#\/schema\/logo\/image\/","url":"https:\/\/www.agronomoscuenca.es\/wp-content\/uploads\/2023\/06\/cropped-logo-apiac-800x470-1.jpg","contentUrl":"https:\/\/www.agronomoscuenca.es\/wp-content\/uploads\/2023\/06\/cropped-logo-apiac-800x470-1.jpg","width":800,"height":419,"caption":"APIAC"},"image":{"@id":"http:\/\/www.agronomoscuenca.es\/#\/schema\/logo\/image\/"}}]}},"jetpack_sharing_enabled":true,"_links":{"self":[{"href":"https:\/\/www.agronomoscuenca.es\/index.php\/wp-json\/wp\/v2\/pages\/85","targetHints":{"allow":["GET"]}}],"collection":[{"href":"https:\/\/www.agronomoscuenca.es\/index.php\/wp-json\/wp\/v2\/pages"}],"about":[{"href":"https:\/\/www.agronomoscuenca.es\/index.php\/wp-json\/wp\/v2\/types\/page"}],"author":[{"embeddable":true,"href":"https:\/\/www.agronomoscuenca.es\/index.php\/wp-json\/wp\/v2\/users\/1"}],"replies":[{"embeddable":true,"href":"https:\/\/www.agronomoscuenca.es\/index.php\/wp-json\/wp\/v2\/comments?post=85"}],"version-history":[{"count":2,"href":"https:\/\/www.agronomoscuenca.es\/index.php\/wp-json\/wp\/v2\/pages\/85\/revisions"}],"predecessor-version":[{"id":92,"href":"https:\/\/www.agronomoscuenca.es\/index.php\/wp-json\/wp\/v2\/pages\/85\/revisions\/92"}],"wp:attachment":[{"href":"https:\/\/www.agronomoscuenca.es\/index.php\/wp-json\/wp\/v2\/media?parent=85"}],"curies":[{"name":"wp","href":"https:\/\/api.w.org\/{rel}","templated":true}]}}