{"id":52,"date":"2023-06-22T17:41:43","date_gmt":"2023-06-22T17:41:43","guid":{"rendered":"https:\/\/www.agronomoscuenca.es\/?page_id=52"},"modified":"2023-06-22T17:41:45","modified_gmt":"2023-06-22T17:41:45","slug":"informes-y-peritaciones","status":"publish","type":"page","link":"https:\/\/www.agronomoscuenca.es\/index.php\/informes-y-peritaciones\/","title":{"rendered":"Informes y peritaciones"},"content":{"rendered":"<div class=\"wp-block-image\">\n<figure class=\"aligncenter size-full is-resized\"><img loading=\"lazy\" decoding=\"async\" src=\"https:\/\/www.agronomoscuenca.es\/wp-content\/uploads\/2023\/06\/ingeniero-agronomo-apiac.jpg\" alt=\"\" class=\"wp-image-53\" width=\"880\" height=\"660\" srcset=\"https:\/\/www.agronomoscuenca.es\/wp-content\/uploads\/2023\/06\/ingeniero-agronomo-apiac.jpg 800w, https:\/\/www.agronomoscuenca.es\/wp-content\/uploads\/2023\/06\/ingeniero-agronomo-apiac-300x225.jpg 300w, https:\/\/www.agronomoscuenca.es\/wp-content\/uploads\/2023\/06\/ingeniero-agronomo-apiac-768x576.jpg 768w\" sizes=\"auto, (max-width: 880px) 100vw, 880px\" \/><\/figure>\n<\/div>\n\n\n<p>Dentro del \u00e1mbito judicial, el ingeniero agr\u00f3nomo es el profesional capacitado para realizar actuaciones como perito experto en materias relacionadas no s\u00f3lo con agricultura y ganader\u00eda, sino con otras como la Gesti\u00f3n de Residuos, las edificaciones rurales, las industrias agroalimentarias, el Medio Ambiente, etc.<\/p>\n\n\n\n<p>En cuanto a la redacci\u00f3n de informes, el campo que abarca la profesi\u00f3n es ampl\u00edsimo y la casu\u00edstica es as\u00ed mismo, enorme. Son muy frecuentes los informes de Valoraci\u00f3n de Fincas, destinados a entidades de cr\u00e9dito o a particulares. En este \u00faltimo caso, las particiones de fincas por herencias son uno de los casos m\u00e1s t\u00edpicos.<\/p>\n\n\n\n<p>El Ingeniero Agr\u00f3nomo puede actuar igualmente como redactor de Informes encargados por Ayuntamientos y destinados a valorar los documentos t\u00e9cnicos aportados para la solicitud de Licencias de Actividades ganaderas, agrarias, agroindustriales, etc.<\/p>\n\n\n\n<p>Dentro de las peritaciones, alguno de los ejemplos m\u00e1s t\u00edpicos -por ser de los m\u00e1s frecuentes- son los siguientes:<\/p>\n\n\n\n<ol class=\"wp-block-list\" type=\"a\">\n<li>Informes periciales relacionados con la delimitaci\u00f3n de fincas, tanto r\u00fasticas como urbanas. Este tipo de informe se suele solicitar tanto en el caso de reclamaciones a terceros por ocupaci\u00f3n indebida de fincas, como en el caso de querer confirmar los linderos de la finca propia.<\/li>\n\n\n\n<li>Informes para Valoraci\u00f3n y Reclamaci\u00f3n de da\u00f1os. En estos trabajos se cuantifica el da\u00f1o sufrido seg\u00fan la metodolog\u00eda que proceda y se detalla en un informe, argumentando \u00e9ste &nbsp;con criterios t\u00e9cnicos. No s\u00f3lo se valoran da\u00f1os agrarios sino otros como Da\u00f1os en edificaciones, da\u00f1os en maquinaria, Da\u00f1os por Lucro Cesante, etc.<\/li>\n\n\n\n<li>Tasaciones de da\u00f1os destinadas a la valoraciones contradictorias con compa\u00f1\u00edas de seguros. Se encargan cuando el asegurado no est\u00e1 de acuerdo con la tasaci\u00f3n llevada a cabo por el perito de la compa\u00f1\u00eda aseguradora y decide reclamarle una indemnizaci\u00f3n superior.<\/li>\n<\/ol>\n","protected":false},"excerpt":{"rendered":"<p>Dentro del \u00e1mbito judicial, el ingeniero agr\u00f3nomo es el profesional capacitado para realizar actuaciones como perito experto en materias relacionadas no s\u00f3lo con agricultura y ganader\u00eda, sino con otras como la Gesti\u00f3n de Residuos, las edificaciones rurales, las industrias agroalimentarias, el Medio Ambiente, etc. En cuanto a la redacci\u00f3n de informes, el campo que abarca [&hellip;]<\/p>\n","protected":false},"author":1,"featured_media":0,"parent":0,"menu_order":0,"comment_status":"closed","ping_status":"closed","template":"","meta":{"footnotes":""},"class_list":["post-52","page","type-page","status-publish","czr-hentry"],"yoast_head":"<!-- This site is optimized with the Yoast SEO plugin v26.6 - https:\/\/yoast.com\/wordpress\/plugins\/seo\/ -->\n<title>Informes y peritaciones - APIAC<\/title>\n<meta name=\"robots\" content=\"index, follow, max-snippet:-1, max-image-preview:large, max-video-preview:-1\" \/>\n<link rel=\"canonical\" href=\"https:\/\/www.agronomoscuenca.es\/index.php\/informes-y-peritaciones\/\" \/>\n<meta property=\"og:locale\" content=\"es_ES\" \/>\n<meta property=\"og:type\" content=\"article\" \/>\n<meta property=\"og:title\" content=\"Informes y peritaciones - APIAC\" \/>\n<meta property=\"og:description\" content=\"Dentro del \u00e1mbito judicial, el ingeniero agr\u00f3nomo es el profesional capacitado para realizar actuaciones como perito experto en materias relacionadas no s\u00f3lo con agricultura y ganader\u00eda, sino con otras como la Gesti\u00f3n de Residuos, las edificaciones rurales, las industrias agroalimentarias, el Medio Ambiente, etc. En cuanto a la redacci\u00f3n de informes, el campo que abarca [&hellip;]\" \/>\n<meta property=\"og:url\" content=\"https:\/\/www.agronomoscuenca.es\/index.php\/informes-y-peritaciones\/\" \/>\n<meta property=\"og:site_name\" content=\"APIAC\" \/>\n<meta property=\"article:modified_time\" content=\"2023-06-22T17:41:45+00:00\" \/>\n<meta property=\"og:image\" content=\"https:\/\/www.agronomoscuenca.es\/wp-content\/uploads\/2023\/06\/ingeniero-agronomo-apiac.jpg\" \/>\n<meta name=\"twitter:card\" content=\"summary_large_image\" \/>\n<meta name=\"twitter:label1\" content=\"Tiempo de lectura\" \/>\n\t<meta name=\"twitter:data1\" content=\"2 minutos\" \/>\n<script type=\"application\/ld+json\" class=\"yoast-schema-graph\">{\"@context\":\"https:\/\/schema.org\",\"@graph\":[{\"@type\":\"WebPage\",\"@id\":\"https:\/\/www.agronomoscuenca.es\/index.php\/informes-y-peritaciones\/\",\"url\":\"https:\/\/www.agronomoscuenca.es\/index.php\/informes-y-peritaciones\/\",\"name\":\"Informes y peritaciones - APIAC\",\"isPartOf\":{\"@id\":\"https:\/\/www.agronomoscuenca.es\/#website\"},\"primaryImageOfPage\":{\"@id\":\"https:\/\/www.agronomoscuenca.es\/index.php\/informes-y-peritaciones\/#primaryimage\"},\"image\":{\"@id\":\"https:\/\/www.agronomoscuenca.es\/index.php\/informes-y-peritaciones\/#primaryimage\"},\"thumbnailUrl\":\"https:\/\/www.agronomoscuenca.es\/wp-content\/uploads\/2023\/06\/ingeniero-agronomo-apiac.jpg\",\"datePublished\":\"2023-06-22T17:41:43+00:00\",\"dateModified\":\"2023-06-22T17:41:45+00:00\",\"breadcrumb\":{\"@id\":\"https:\/\/www.agronomoscuenca.es\/index.php\/informes-y-peritaciones\/#breadcrumb\"},\"inLanguage\":\"es\",\"potentialAction\":[{\"@type\":\"ReadAction\",\"target\":[\"https:\/\/www.agronomoscuenca.es\/index.php\/informes-y-peritaciones\/\"]}]},{\"@type\":\"ImageObject\",\"inLanguage\":\"es\",\"@id\":\"https:\/\/www.agronomoscuenca.es\/index.php\/informes-y-peritaciones\/#primaryimage\",\"url\":\"https:\/\/www.agronomoscuenca.es\/wp-content\/uploads\/2023\/06\/ingeniero-agronomo-apiac.jpg\",\"contentUrl\":\"https:\/\/www.agronomoscuenca.es\/wp-content\/uploads\/2023\/06\/ingeniero-agronomo-apiac.jpg\"},{\"@type\":\"BreadcrumbList\",\"@id\":\"https:\/\/www.agronomoscuenca.es\/index.php\/informes-y-peritaciones\/#breadcrumb\",\"itemListElement\":[{\"@type\":\"ListItem\",\"position\":1,\"name\":\"Portada\",\"item\":\"https:\/\/www.agronomoscuenca.es\/\"},{\"@type\":\"ListItem\",\"position\":2,\"name\":\"Informes y peritaciones\"}]},{\"@type\":\"WebSite\",\"@id\":\"https:\/\/www.agronomoscuenca.es\/#website\",\"url\":\"https:\/\/www.agronomoscuenca.es\/\",\"name\":\"APIAC\",\"description\":\"Asociaci\u00f3n Profesional de Ingenieros Agronomos\",\"publisher\":{\"@id\":\"https:\/\/www.agronomoscuenca.es\/#organization\"},\"potentialAction\":[{\"@type\":\"SearchAction\",\"target\":{\"@type\":\"EntryPoint\",\"urlTemplate\":\"https:\/\/www.agronomoscuenca.es\/?s={search_term_string}\"},\"query-input\":{\"@type\":\"PropertyValueSpecification\",\"valueRequired\":true,\"valueName\":\"search_term_string\"}}],\"inLanguage\":\"es\"},{\"@type\":\"Organization\",\"@id\":\"https:\/\/www.agronomoscuenca.es\/#organization\",\"name\":\"APIAC\",\"url\":\"https:\/\/www.agronomoscuenca.es\/\",\"logo\":{\"@type\":\"ImageObject\",\"inLanguage\":\"es\",\"@id\":\"https:\/\/www.agronomoscuenca.es\/#\/schema\/logo\/image\/\",\"url\":\"https:\/\/www.agronomoscuenca.es\/wp-content\/uploads\/2023\/06\/cropped-logo-apiac-800x470-1.jpg\",\"contentUrl\":\"https:\/\/www.agronomoscuenca.es\/wp-content\/uploads\/2023\/06\/cropped-logo-apiac-800x470-1.jpg\",\"width\":800,\"height\":419,\"caption\":\"APIAC\"},\"image\":{\"@id\":\"https:\/\/www.agronomoscuenca.es\/#\/schema\/logo\/image\/\"}}]}<\/script>\n<!-- \/ Yoast SEO plugin. -->","yoast_head_json":{"title":"Informes y peritaciones - APIAC","robots":{"index":"index","follow":"follow","max-snippet":"max-snippet:-1","max-image-preview":"max-image-preview:large","max-video-preview":"max-video-preview:-1"},"canonical":"https:\/\/www.agronomoscuenca.es\/index.php\/informes-y-peritaciones\/","og_locale":"es_ES","og_type":"article","og_title":"Informes y peritaciones - APIAC","og_description":"Dentro del \u00e1mbito judicial, el ingeniero agr\u00f3nomo es el profesional capacitado para realizar actuaciones como perito experto en materias relacionadas no s\u00f3lo con agricultura y ganader\u00eda, sino con otras como la Gesti\u00f3n de Residuos, las edificaciones rurales, las industrias agroalimentarias, el Medio Ambiente, etc. En cuanto a la redacci\u00f3n de informes, el campo que abarca [&hellip;]","og_url":"https:\/\/www.agronomoscuenca.es\/index.php\/informes-y-peritaciones\/","og_site_name":"APIAC","article_modified_time":"2023-06-22T17:41:45+00:00","og_image":[{"url":"https:\/\/www.agronomoscuenca.es\/wp-content\/uploads\/2023\/06\/ingeniero-agronomo-apiac.jpg","type":"","width":"","height":""}],"twitter_card":"summary_large_image","twitter_misc":{"Tiempo de lectura":"2 minutos"},"schema":{"@context":"https:\/\/schema.org","@graph":[{"@type":"WebPage","@id":"https:\/\/www.agronomoscuenca.es\/index.php\/informes-y-peritaciones\/","url":"https:\/\/www.agronomoscuenca.es\/index.php\/informes-y-peritaciones\/","name":"Informes y peritaciones - APIAC","isPartOf":{"@id":"https:\/\/www.agronomoscuenca.es\/#website"},"primaryImageOfPage":{"@id":"https:\/\/www.agronomoscuenca.es\/index.php\/informes-y-peritaciones\/#primaryimage"},"image":{"@id":"https:\/\/www.agronomoscuenca.es\/index.php\/informes-y-peritaciones\/#primaryimage"},"thumbnailUrl":"https:\/\/www.agronomoscuenca.es\/wp-content\/uploads\/2023\/06\/ingeniero-agronomo-apiac.jpg","datePublished":"2023-06-22T17:41:43+00:00","dateModified":"2023-06-22T17:41:45+00:00","breadcrumb":{"@id":"https:\/\/www.agronomoscuenca.es\/index.php\/informes-y-peritaciones\/#breadcrumb"},"inLanguage":"es","potentialAction":[{"@type":"ReadAction","target":["https:\/\/www.agronomoscuenca.es\/index.php\/informes-y-peritaciones\/"]}]},{"@type":"ImageObject","inLanguage":"es","@id":"https:\/\/www.agronomoscuenca.es\/index.php\/informes-y-peritaciones\/#primaryimage","url":"https:\/\/www.agronomoscuenca.es\/wp-content\/uploads\/2023\/06\/ingeniero-agronomo-apiac.jpg","contentUrl":"https:\/\/www.agronomoscuenca.es\/wp-content\/uploads\/2023\/06\/ingeniero-agronomo-apiac.jpg"},{"@type":"BreadcrumbList","@id":"https:\/\/www.agronomoscuenca.es\/index.php\/informes-y-peritaciones\/#breadcrumb","itemListElement":[{"@type":"ListItem","position":1,"name":"Portada","item":"https:\/\/www.agronomoscuenca.es\/"},{"@type":"ListItem","position":2,"name":"Informes y peritaciones"}]},{"@type":"WebSite","@id":"https:\/\/www.agronomoscuenca.es\/#website","url":"https:\/\/www.agronomoscuenca.es\/","name":"APIAC","description":"Asociaci\u00f3n Profesional de Ingenieros Agronomos","publisher":{"@id":"https:\/\/www.agronomoscuenca.es\/#organization"},"potentialAction":[{"@type":"SearchAction","target":{"@type":"EntryPoint","urlTemplate":"https:\/\/www.agronomoscuenca.es\/?s={search_term_string}"},"query-input":{"@type":"PropertyValueSpecification","valueRequired":true,"valueName":"search_term_string"}}],"inLanguage":"es"},{"@type":"Organization","@id":"https:\/\/www.agronomoscuenca.es\/#organization","name":"APIAC","url":"https:\/\/www.agronomoscuenca.es\/","logo":{"@type":"ImageObject","inLanguage":"es","@id":"https:\/\/www.agronomoscuenca.es\/#\/schema\/logo\/image\/","url":"https:\/\/www.agronomoscuenca.es\/wp-content\/uploads\/2023\/06\/cropped-logo-apiac-800x470-1.jpg","contentUrl":"https:\/\/www.agronomoscuenca.es\/wp-content\/uploads\/2023\/06\/cropped-logo-apiac-800x470-1.jpg","width":800,"height":419,"caption":"APIAC"},"image":{"@id":"https:\/\/www.agronomoscuenca.es\/#\/schema\/logo\/image\/"}}]}},"jetpack_sharing_enabled":true,"_links":{"self":[{"href":"https:\/\/www.agronomoscuenca.es\/index.php\/wp-json\/wp\/v2\/pages\/52","targetHints":{"allow":["GET"]}}],"collection":[{"href":"https:\/\/www.agronomoscuenca.es\/index.php\/wp-json\/wp\/v2\/pages"}],"about":[{"href":"https:\/\/www.agronomoscuenca.es\/index.php\/wp-json\/wp\/v2\/types\/page"}],"author":[{"embeddable":true,"href":"https:\/\/www.agronomoscuenca.es\/index.php\/wp-json\/wp\/v2\/users\/1"}],"replies":[{"embeddable":true,"href":"https:\/\/www.agronomoscuenca.es\/index.php\/wp-json\/wp\/v2\/comments?post=52"}],"version-history":[{"count":1,"href":"https:\/\/www.agronomoscuenca.es\/index.php\/wp-json\/wp\/v2\/pages\/52\/revisions"}],"predecessor-version":[{"id":54,"href":"https:\/\/www.agronomoscuenca.es\/index.php\/wp-json\/wp\/v2\/pages\/52\/revisions\/54"}],"wp:attachment":[{"href":"https:\/\/www.agronomoscuenca.es\/index.php\/wp-json\/wp\/v2\/media?parent=52"}],"curies":[{"name":"wp","href":"https:\/\/api.w.org\/{rel}","templated":true}]}}