{"id":173,"date":"2023-06-23T21:12:49","date_gmt":"2023-06-23T21:12:49","guid":{"rendered":"https:\/\/www.agronomoscuenca.es\/?page_id=173"},"modified":"2023-06-23T21:31:08","modified_gmt":"2023-06-23T21:31:08","slug":"practicas-en-agricultura-ecologica","status":"publish","type":"page","link":"https:\/\/www.agronomoscuenca.es\/index.php\/practicas-en-agricultura-ecologica\/","title":{"rendered":"Pr\u00e1cticas en Agricultura Ecol\u00f3gica"},"content":{"rendered":"\n<p><a href=\"https:\/\/www.agrocursos.es\/wp-admin\/post.php?post=215&amp;action=edit\">EDITAR<\/a><a href=\"https:\/\/www.agrocursos.es\/agricultura\/practicas-en-agricultura-ecologica\/#czr-comments\">2 Comentarios<\/a><\/p>\n\n\n\n<h2 class=\"wp-block-heading\">CURSO ONLINE:<br>PR\u00c1CTICAS EN AGRICULTURA ECOL\u00d3GICA<\/h2>\n\n\n\n<p>El curso ONLINE, Practicas en Agricultura Ecol\u00f3gica, es v\u00e1lido para justificar estar en posesi\u00f3n de la formaci\u00f3n adecuada para ser beneficiario de la ayuda a la media de Agricultura Ecol\u00f3gica.<\/p>\n\n\n\n<figure class=\"wp-block-image\"><img decoding=\"async\" src=\"https:\/\/i0.wp.com\/www.agrocursos.es\/wp-content\/uploads\/2020\/01\/19222571_1910089785870098_7790133787467281940_o-copia.jpg?fit=1024%2C576\" alt=\"Pr\u00e1cticas en Agricultura Ecol\u00f3gica\" class=\"wp-image-217\"\/><\/figure>\n\n\n\n<h2 class=\"wp-block-heading\">Caracter\u00edsticas del&nbsp;<a href=\"http:\/\/www.agrocursos.es\/agricultura\/\">curso online agricultura<\/a>:<br>Pr\u00e1cticas en Agricultura Ecol\u00f3gica.<\/h2>\n\n\n\n<ul class=\"wp-block-list\">\n<li>Duraci\u00f3n del Curso:&nbsp;40 horas, por esta raz\u00f3n el tiempo para terminar el curso: 25-50 d\u00edas (1-2horas\/d\u00eda)<\/li>\n\n\n\n<li>Nivel: Medio.<\/li>\n\n\n\n<li>Requisitos: Manejo b\u00e1sico del ordenador o por el contrario la tablet<\/li>\n\n\n\n<li>Coste: 150 euros&nbsp;como consecuencia de la oferta de lanzamiento<\/li>\n\n\n\n<li>Por \u00faltimo, plazas limitadas: 20 alumnos<\/li>\n<\/ul>\n\n\n\n<h2 class=\"wp-block-heading\">Objetivos<\/h2>\n\n\n\n<p>El curso de Conversi\u00f3n a la Agricultura Ecol\u00f3gica permite conocer los or\u00edgenes y los principios b\u00e1sicos de la agricultura ecol\u00f3gica.<\/p>\n\n\n\n<p>En segundo lugar las pr\u00e1cticas m\u00e1s usadas y el aprovechamiento de recursos y manejo del suelo.<\/p>\n\n\n\n<p>Adem\u00e1s del manejo de la biodiversidad, conocer la mejora vegetal y las semillas.<\/p>\n\n\n\n<p>Tambi\u00e9n las pr\u00e1cticas de control de prevenci\u00f3n de plagas.<\/p>\n\n\n\n<p>En el curso de Conversi\u00f3n a la Agricultura Ecol\u00f3gica del mismo modo conocer\u00e1s las pautas para crear un Plan de Conversi\u00f3n.<\/p>\n\n\n\n<p>Y por \u00faltimo, la situaci\u00f3n del mercado alimentario ecol\u00f3gico y el marketing de los productos y el consumo actual.<\/p>\n\n\n\n<p>El curso es v\u00e1lido para justificar estar en posesi\u00f3n de la formaci\u00f3n adecuada para ser beneficiario de la ayuda a la media de Agricultura Ecol\u00f3gica en el marco del Programa de Desarrollo Rural para Castilla-La Mancha (<a href=\"http:\/\/pagina.jccm.es\/agricul\/paginas\/desarrollorural\/Legislacion\/Legislacion\/2015_3922.pdf\" target=\"_blank\" rel=\"noreferrer noopener\">Orden de 24\/03\/2015, de la consejer\u00eda de Agricultura<\/a>)<\/p>\n\n\n\n<h2 class=\"wp-block-heading\">\u00bfA quien va dirigido?<\/h2>\n\n\n\n<p>Verdaderamente va dirigido a j\u00f3venes agricultores que inician su actividad en una explotaci\u00f3n con compromisos en Agricultura Ecol\u00f3gica.<\/p>\n\n\n\n<p>Por esta raz\u00f3n pretenden seguir siendo beneficiarios de la ayuda para la aplicaci\u00f3n de la medida de agricultura ecol\u00f3gica en el marco del Programa de Desarrollo Rural de Castilla-La Mancha 2014\/2020.<\/p>\n\n\n\n<h2 class=\"wp-block-heading\">Temario<\/h2>\n\n\n\n<ol class=\"wp-block-list\">\n<li>Antecedentes y conceptos previos<\/li>\n\n\n\n<li>Legislaci\u00f3n: reglamento y ayudas<\/li>\n\n\n\n<li>Control y certificaci\u00f3n<\/li>\n\n\n\n<li>Fertilizaci\u00f3n<\/li>\n\n\n\n<li>Manejo de la biodiversidad<\/li>\n\n\n\n<li>Semillas y material vegetal<\/li>\n\n\n\n<li>Control de plagas y enfermedades<\/li>\n\n\n\n<li>T\u00e9cnicas de manejo de la flora adventicia<\/li>\n\n\n\n<li>Ganader\u00eda<\/li>\n\n\n\n<li>Comercializaci\u00f3n de los productos<\/li>\n\n\n\n<li>Proceso de conversi\u00f3n a la producci\u00f3n ecol\u00f3gica<\/li>\n<\/ol>\n\n\n\n<h2 class=\"wp-block-heading\">Reserva tu plaza o solicita mas informaci\u00f3n<\/h2>\n\n\n\n<div class=\"wp-block-contact-form-7-contact-form-selector\">\n<div class=\"wpcf7 no-js\" id=\"wpcf7-f180-o1\" lang=\"es-ES\" dir=\"ltr\" data-wpcf7-id=\"180\">\n<div class=\"screen-reader-response\"><p role=\"status\" aria-live=\"polite\" aria-atomic=\"true\"><\/p> <ul><\/ul><\/div>\n<form action=\"\/index.php\/wp-json\/wp\/v2\/pages\/173#wpcf7-f180-o1\" method=\"post\" class=\"wpcf7-form init\" aria-label=\"Formulario de contacto\" novalidate=\"novalidate\" data-status=\"init\">\n<fieldset class=\"hidden-fields-container\"><input type=\"hidden\" name=\"_wpcf7\" value=\"180\" \/><input type=\"hidden\" name=\"_wpcf7_version\" value=\"6.1.4\" \/><input type=\"hidden\" name=\"_wpcf7_locale\" value=\"es_ES\" \/><input type=\"hidden\" name=\"_wpcf7_unit_tag\" value=\"wpcf7-f180-o1\" \/><input type=\"hidden\" name=\"_wpcf7_container_post\" value=\"0\" \/><input type=\"hidden\" name=\"_wpcf7_posted_data_hash\" value=\"\" \/>\n<\/fieldset>\n<p><label> Nombre (requerido)<br \/>\n<span class=\"wpcf7-form-control-wrap\" data-name=\"nombre\"><input size=\"40\" maxlength=\"400\" class=\"wpcf7-form-control wpcf7-text wpcf7-validates-as-required\" aria-required=\"true\" aria-invalid=\"false\" value=\"\" type=\"text\" name=\"nombre\" \/><\/span> <\/label>\n<\/p>\n<p><label> Apellidos (requerido)<br \/>\n<span class=\"wpcf7-form-control-wrap\" data-name=\"apellidos\"><input size=\"40\" maxlength=\"400\" class=\"wpcf7-form-control wpcf7-text wpcf7-validates-as-required\" aria-required=\"true\" aria-invalid=\"false\" value=\"\" type=\"text\" name=\"apellidos\" \/><\/span> <\/label>\n<\/p>\n<p><label> DNI (requerido)<br \/>\n<span class=\"wpcf7-form-control-wrap\" data-name=\"dni\"><input size=\"40\" maxlength=\"400\" class=\"wpcf7-form-control wpcf7-text wpcf7-validates-as-required\" aria-required=\"true\" aria-invalid=\"false\" value=\"\" type=\"text\" name=\"dni\" \/><\/span> <\/label>\n<\/p>\n<p><label> Localidad (requerido)<br \/>\n<span class=\"wpcf7-form-control-wrap\" data-name=\"localidad\"><input size=\"40\" maxlength=\"400\" class=\"wpcf7-form-control wpcf7-text wpcf7-validates-as-required\" aria-required=\"true\" aria-invalid=\"false\" value=\"\" type=\"text\" name=\"localidad\" \/><\/span> <\/label>\n<\/p>\n<p><label> Provincia (requerido)<br \/>\n<span class=\"wpcf7-form-control-wrap\" data-name=\"provincia\"><input size=\"40\" maxlength=\"400\" class=\"wpcf7-form-control wpcf7-text wpcf7-validates-as-required\" aria-required=\"true\" aria-invalid=\"false\" value=\"\" type=\"text\" name=\"provincia\" \/><\/span> <\/label>\n<\/p>\n<p><label> Tu correo electr\u00f3nico (requerido)<br \/>\n<span class=\"wpcf7-form-control-wrap\" data-name=\"your-email\"><input size=\"40\" maxlength=\"400\" class=\"wpcf7-form-control wpcf7-email wpcf7-validates-as-required wpcf7-text wpcf7-validates-as-email\" aria-required=\"true\" aria-invalid=\"false\" value=\"\" type=\"email\" name=\"your-email\" \/><\/span> <\/label>\n<\/p>\n<p><label> Tu tel\u00e9fono (requerido)<br \/>\n<span class=\"wpcf7-form-control-wrap\" data-name=\"telefono01\"><input class=\"wpcf7-form-control wpcf7-number wpcf7-validates-as-number\" aria-invalid=\"false\" value=\"\" type=\"number\" name=\"telefono01\" \/><\/span><\/label>\n<\/p>\n<p><label> Asunto (requerido)<br \/>\n<span class=\"wpcf7-form-control-wrap\" data-name=\"textarea-132\"><textarea cols=\"40\" rows=\"10\" maxlength=\"2000\" class=\"wpcf7-form-control wpcf7-textarea\" aria-invalid=\"false\" name=\"textarea-132\"><\/textarea><\/span> <\/label>\n<\/p>\n<p><span class=\"wpcf7-form-control-wrap\" data-name=\"Politicadatospersonales\"><span class=\"wpcf7-form-control wpcf7-acceptance\"><span class=\"wpcf7-list-item\"><label><input type=\"checkbox\" name=\"Politicadatospersonales\" value=\"1\" aria-invalid=\"false\" \/><span class=\"wpcf7-list-item-label\">Acepto la <a href= \"http:\/\/www.agrocursos.es\/index.php\/politica-de-datos-de-caracter-personal\/\" target=\"_blank\"> Politica de datos de car\u00e1cter personal<\/a><\/span><\/label><\/span><\/span><\/span>\n<\/p>\n<p><input class=\"wpcf7-form-control wpcf7-submit has-spinner\" type=\"submit\" value=\"Enviar\" \/>\n<\/p><p style=\"display: none !important;\" class=\"akismet-fields-container\" data-prefix=\"_wpcf7_ak_\"><label>&#916;<textarea name=\"_wpcf7_ak_hp_textarea\" cols=\"45\" rows=\"8\" maxlength=\"100\"><\/textarea><\/label><input type=\"hidden\" id=\"ak_js_1\" name=\"_wpcf7_ak_js\" value=\"49\"\/><script>document.getElementById( \"ak_js_1\" ).setAttribute( \"value\", ( new Date() ).getTime() );<\/script><\/p><div class=\"wpcf7-response-output\" aria-hidden=\"true\"><\/div>\n<\/form>\n<\/div>\n<\/div>\n","protected":false},"excerpt":{"rendered":"<p>EDITAR2 Comentarios CURSO ONLINE:PR\u00c1CTICAS EN AGRICULTURA ECOL\u00d3GICA El curso ONLINE, Practicas en Agricultura Ecol\u00f3gica, es v\u00e1lido para justificar estar en posesi\u00f3n de la formaci\u00f3n adecuada para ser beneficiario de la ayuda a la media de Agricultura Ecol\u00f3gica. Caracter\u00edsticas del&nbsp;curso online agricultura:Pr\u00e1cticas en Agricultura Ecol\u00f3gica. Objetivos El curso de Conversi\u00f3n a la Agricultura Ecol\u00f3gica permite conocer [&hellip;]<\/p>\n","protected":false},"author":1,"featured_media":0,"parent":0,"menu_order":0,"comment_status":"closed","ping_status":"closed","template":"","meta":{"footnotes":""},"class_list":["post-173","page","type-page","status-publish","czr-hentry"],"yoast_head":"<!-- This site is optimized with the Yoast SEO plugin v26.6 - https:\/\/yoast.com\/wordpress\/plugins\/seo\/ -->\n<title>Pr\u00e1cticas en Agricultura Ecol\u00f3gica - APIAC<\/title>\n<meta name=\"robots\" content=\"index, follow, max-snippet:-1, max-image-preview:large, max-video-preview:-1\" \/>\n<link rel=\"canonical\" href=\"https:\/\/www.agronomoscuenca.es\/index.php\/practicas-en-agricultura-ecologica\/\" \/>\n<meta property=\"og:locale\" content=\"es_ES\" \/>\n<meta property=\"og:type\" content=\"article\" \/>\n<meta property=\"og:title\" content=\"Pr\u00e1cticas en Agricultura Ecol\u00f3gica - APIAC\" \/>\n<meta property=\"og:description\" content=\"EDITAR2 Comentarios CURSO ONLINE:PR\u00c1CTICAS EN AGRICULTURA ECOL\u00d3GICA El curso ONLINE, Practicas en Agricultura Ecol\u00f3gica, es v\u00e1lido para justificar estar en posesi\u00f3n de la formaci\u00f3n adecuada para ser beneficiario de la ayuda a la media de Agricultura Ecol\u00f3gica. Caracter\u00edsticas del&nbsp;curso online agricultura:Pr\u00e1cticas en Agricultura Ecol\u00f3gica. Objetivos El curso de Conversi\u00f3n a la Agricultura Ecol\u00f3gica permite conocer [&hellip;]\" \/>\n<meta property=\"og:url\" content=\"https:\/\/www.agronomoscuenca.es\/index.php\/practicas-en-agricultura-ecologica\/\" \/>\n<meta property=\"og:site_name\" content=\"APIAC\" \/>\n<meta property=\"article:modified_time\" content=\"2023-06-23T21:31:08+00:00\" \/>\n<meta property=\"og:image\" content=\"https:\/\/i0.wp.com\/www.agrocursos.es\/wp-content\/uploads\/2020\/01\/19222571_1910089785870098_7790133787467281940_o-copia.jpg?fit=1024%2C576\" \/>\n<meta name=\"twitter:card\" content=\"summary_large_image\" \/>\n<meta name=\"twitter:label1\" content=\"Tiempo de lectura\" \/>\n\t<meta name=\"twitter:data1\" content=\"2 minutos\" \/>\n<script type=\"application\/ld+json\" class=\"yoast-schema-graph\">{\"@context\":\"https:\/\/schema.org\",\"@graph\":[{\"@type\":\"WebPage\",\"@id\":\"https:\/\/www.agronomoscuenca.es\/index.php\/practicas-en-agricultura-ecologica\/\",\"url\":\"https:\/\/www.agronomoscuenca.es\/index.php\/practicas-en-agricultura-ecologica\/\",\"name\":\"Pr\u00e1cticas en Agricultura Ecol\u00f3gica - APIAC\",\"isPartOf\":{\"@id\":\"https:\/\/www.agronomoscuenca.es\/#website\"},\"primaryImageOfPage\":{\"@id\":\"https:\/\/www.agronomoscuenca.es\/index.php\/practicas-en-agricultura-ecologica\/#primaryimage\"},\"image\":{\"@id\":\"https:\/\/www.agronomoscuenca.es\/index.php\/practicas-en-agricultura-ecologica\/#primaryimage\"},\"thumbnailUrl\":\"https:\/\/i0.wp.com\/www.agrocursos.es\/wp-content\/uploads\/2020\/01\/19222571_1910089785870098_7790133787467281940_o-copia.jpg?fit=1024%2C576\",\"datePublished\":\"2023-06-23T21:12:49+00:00\",\"dateModified\":\"2023-06-23T21:31:08+00:00\",\"breadcrumb\":{\"@id\":\"https:\/\/www.agronomoscuenca.es\/index.php\/practicas-en-agricultura-ecologica\/#breadcrumb\"},\"inLanguage\":\"es\",\"potentialAction\":[{\"@type\":\"ReadAction\",\"target\":[\"https:\/\/www.agronomoscuenca.es\/index.php\/practicas-en-agricultura-ecologica\/\"]}]},{\"@type\":\"ImageObject\",\"inLanguage\":\"es\",\"@id\":\"https:\/\/www.agronomoscuenca.es\/index.php\/practicas-en-agricultura-ecologica\/#primaryimage\",\"url\":\"https:\/\/i0.wp.com\/www.agrocursos.es\/wp-content\/uploads\/2020\/01\/19222571_1910089785870098_7790133787467281940_o-copia.jpg?fit=1024%2C576\",\"contentUrl\":\"https:\/\/i0.wp.com\/www.agrocursos.es\/wp-content\/uploads\/2020\/01\/19222571_1910089785870098_7790133787467281940_o-copia.jpg?fit=1024%2C576\"},{\"@type\":\"BreadcrumbList\",\"@id\":\"https:\/\/www.agronomoscuenca.es\/index.php\/practicas-en-agricultura-ecologica\/#breadcrumb\",\"itemListElement\":[{\"@type\":\"ListItem\",\"position\":1,\"name\":\"Portada\",\"item\":\"https:\/\/www.agronomoscuenca.es\/\"},{\"@type\":\"ListItem\",\"position\":2,\"name\":\"Pr\u00e1cticas en Agricultura Ecol\u00f3gica\"}]},{\"@type\":\"WebSite\",\"@id\":\"https:\/\/www.agronomoscuenca.es\/#website\",\"url\":\"https:\/\/www.agronomoscuenca.es\/\",\"name\":\"APIAC\",\"description\":\"Asociaci\u00f3n Profesional de Ingenieros Agronomos\",\"publisher\":{\"@id\":\"https:\/\/www.agronomoscuenca.es\/#organization\"},\"potentialAction\":[{\"@type\":\"SearchAction\",\"target\":{\"@type\":\"EntryPoint\",\"urlTemplate\":\"https:\/\/www.agronomoscuenca.es\/?s={search_term_string}\"},\"query-input\":{\"@type\":\"PropertyValueSpecification\",\"valueRequired\":true,\"valueName\":\"search_term_string\"}}],\"inLanguage\":\"es\"},{\"@type\":\"Organization\",\"@id\":\"https:\/\/www.agronomoscuenca.es\/#organization\",\"name\":\"APIAC\",\"url\":\"https:\/\/www.agronomoscuenca.es\/\",\"logo\":{\"@type\":\"ImageObject\",\"inLanguage\":\"es\",\"@id\":\"https:\/\/www.agronomoscuenca.es\/#\/schema\/logo\/image\/\",\"url\":\"https:\/\/www.agronomoscuenca.es\/wp-content\/uploads\/2023\/06\/cropped-logo-apiac-800x470-1.jpg\",\"contentUrl\":\"https:\/\/www.agronomoscuenca.es\/wp-content\/uploads\/2023\/06\/cropped-logo-apiac-800x470-1.jpg\",\"width\":800,\"height\":419,\"caption\":\"APIAC\"},\"image\":{\"@id\":\"https:\/\/www.agronomoscuenca.es\/#\/schema\/logo\/image\/\"}}]}<\/script>\n<!-- \/ Yoast SEO plugin. -->","yoast_head_json":{"title":"Pr\u00e1cticas en Agricultura Ecol\u00f3gica - APIAC","robots":{"index":"index","follow":"follow","max-snippet":"max-snippet:-1","max-image-preview":"max-image-preview:large","max-video-preview":"max-video-preview:-1"},"canonical":"https:\/\/www.agronomoscuenca.es\/index.php\/practicas-en-agricultura-ecologica\/","og_locale":"es_ES","og_type":"article","og_title":"Pr\u00e1cticas en Agricultura Ecol\u00f3gica - APIAC","og_description":"EDITAR2 Comentarios CURSO ONLINE:PR\u00c1CTICAS EN AGRICULTURA ECOL\u00d3GICA El curso ONLINE, Practicas en Agricultura Ecol\u00f3gica, es v\u00e1lido para justificar estar en posesi\u00f3n de la formaci\u00f3n adecuada para ser beneficiario de la ayuda a la media de Agricultura Ecol\u00f3gica. Caracter\u00edsticas del&nbsp;curso online agricultura:Pr\u00e1cticas en Agricultura Ecol\u00f3gica. Objetivos El curso de Conversi\u00f3n a la Agricultura Ecol\u00f3gica permite conocer [&hellip;]","og_url":"https:\/\/www.agronomoscuenca.es\/index.php\/practicas-en-agricultura-ecologica\/","og_site_name":"APIAC","article_modified_time":"2023-06-23T21:31:08+00:00","og_image":[{"url":"https:\/\/i0.wp.com\/www.agrocursos.es\/wp-content\/uploads\/2020\/01\/19222571_1910089785870098_7790133787467281940_o-copia.jpg?fit=1024%2C576","type":"","width":"","height":""}],"twitter_card":"summary_large_image","twitter_misc":{"Tiempo de lectura":"2 minutos"},"schema":{"@context":"https:\/\/schema.org","@graph":[{"@type":"WebPage","@id":"https:\/\/www.agronomoscuenca.es\/index.php\/practicas-en-agricultura-ecologica\/","url":"https:\/\/www.agronomoscuenca.es\/index.php\/practicas-en-agricultura-ecologica\/","name":"Pr\u00e1cticas en Agricultura Ecol\u00f3gica - APIAC","isPartOf":{"@id":"https:\/\/www.agronomoscuenca.es\/#website"},"primaryImageOfPage":{"@id":"https:\/\/www.agronomoscuenca.es\/index.php\/practicas-en-agricultura-ecologica\/#primaryimage"},"image":{"@id":"https:\/\/www.agronomoscuenca.es\/index.php\/practicas-en-agricultura-ecologica\/#primaryimage"},"thumbnailUrl":"https:\/\/i0.wp.com\/www.agrocursos.es\/wp-content\/uploads\/2020\/01\/19222571_1910089785870098_7790133787467281940_o-copia.jpg?fit=1024%2C576","datePublished":"2023-06-23T21:12:49+00:00","dateModified":"2023-06-23T21:31:08+00:00","breadcrumb":{"@id":"https:\/\/www.agronomoscuenca.es\/index.php\/practicas-en-agricultura-ecologica\/#breadcrumb"},"inLanguage":"es","potentialAction":[{"@type":"ReadAction","target":["https:\/\/www.agronomoscuenca.es\/index.php\/practicas-en-agricultura-ecologica\/"]}]},{"@type":"ImageObject","inLanguage":"es","@id":"https:\/\/www.agronomoscuenca.es\/index.php\/practicas-en-agricultura-ecologica\/#primaryimage","url":"https:\/\/i0.wp.com\/www.agrocursos.es\/wp-content\/uploads\/2020\/01\/19222571_1910089785870098_7790133787467281940_o-copia.jpg?fit=1024%2C576","contentUrl":"https:\/\/i0.wp.com\/www.agrocursos.es\/wp-content\/uploads\/2020\/01\/19222571_1910089785870098_7790133787467281940_o-copia.jpg?fit=1024%2C576"},{"@type":"BreadcrumbList","@id":"https:\/\/www.agronomoscuenca.es\/index.php\/practicas-en-agricultura-ecologica\/#breadcrumb","itemListElement":[{"@type":"ListItem","position":1,"name":"Portada","item":"https:\/\/www.agronomoscuenca.es\/"},{"@type":"ListItem","position":2,"name":"Pr\u00e1cticas en Agricultura Ecol\u00f3gica"}]},{"@type":"WebSite","@id":"https:\/\/www.agronomoscuenca.es\/#website","url":"https:\/\/www.agronomoscuenca.es\/","name":"APIAC","description":"Asociaci\u00f3n Profesional de Ingenieros Agronomos","publisher":{"@id":"https:\/\/www.agronomoscuenca.es\/#organization"},"potentialAction":[{"@type":"SearchAction","target":{"@type":"EntryPoint","urlTemplate":"https:\/\/www.agronomoscuenca.es\/?s={search_term_string}"},"query-input":{"@type":"PropertyValueSpecification","valueRequired":true,"valueName":"search_term_string"}}],"inLanguage":"es"},{"@type":"Organization","@id":"https:\/\/www.agronomoscuenca.es\/#organization","name":"APIAC","url":"https:\/\/www.agronomoscuenca.es\/","logo":{"@type":"ImageObject","inLanguage":"es","@id":"https:\/\/www.agronomoscuenca.es\/#\/schema\/logo\/image\/","url":"https:\/\/www.agronomoscuenca.es\/wp-content\/uploads\/2023\/06\/cropped-logo-apiac-800x470-1.jpg","contentUrl":"https:\/\/www.agronomoscuenca.es\/wp-content\/uploads\/2023\/06\/cropped-logo-apiac-800x470-1.jpg","width":800,"height":419,"caption":"APIAC"},"image":{"@id":"https:\/\/www.agronomoscuenca.es\/#\/schema\/logo\/image\/"}}]}},"jetpack_sharing_enabled":true,"_links":{"self":[{"href":"https:\/\/www.agronomoscuenca.es\/index.php\/wp-json\/wp\/v2\/pages\/173","targetHints":{"allow":["GET"]}}],"collection":[{"href":"https:\/\/www.agronomoscuenca.es\/index.php\/wp-json\/wp\/v2\/pages"}],"about":[{"href":"https:\/\/www.agronomoscuenca.es\/index.php\/wp-json\/wp\/v2\/types\/page"}],"author":[{"embeddable":true,"href":"https:\/\/www.agronomoscuenca.es\/index.php\/wp-json\/wp\/v2\/users\/1"}],"replies":[{"embeddable":true,"href":"https:\/\/www.agronomoscuenca.es\/index.php\/wp-json\/wp\/v2\/comments?post=173"}],"version-history":[{"count":2,"href":"https:\/\/www.agronomoscuenca.es\/index.php\/wp-json\/wp\/v2\/pages\/173\/revisions"}],"predecessor-version":[{"id":186,"href":"https:\/\/www.agronomoscuenca.es\/index.php\/wp-json\/wp\/v2\/pages\/173\/revisions\/186"}],"wp:attachment":[{"href":"https:\/\/www.agronomoscuenca.es\/index.php\/wp-json\/wp\/v2\/media?parent=173"}],"curies":[{"name":"wp","href":"https:\/\/api.w.org\/{rel}","templated":true}]}}