{"id":170,"date":"2023-06-23T21:11:42","date_gmt":"2023-06-23T21:11:42","guid":{"rendered":"https:\/\/www.agronomoscuenca.es\/?page_id=170"},"modified":"2023-06-23T21:31:49","modified_gmt":"2023-06-23T21:31:49","slug":"curso-online-cultivo-del-lavandin","status":"publish","type":"page","link":"https:\/\/www.agronomoscuenca.es\/index.php\/curso-online-cultivo-del-lavandin\/","title":{"rendered":"CURSO ONLINE CULTIVO DEL LAVANDIN"},"content":{"rendered":"<div class=\"wp-block-image\">\n<figure class=\"aligncenter size-full is-resized\"><img loading=\"lazy\" decoding=\"async\" src=\"https:\/\/www.agronomoscuenca.es\/wp-content\/uploads\/2023\/06\/Curso-lavandin-02.webp\" alt=\"\" class=\"wp-image-171\" width=\"891\" height=\"589\" srcset=\"https:\/\/www.agronomoscuenca.es\/wp-content\/uploads\/2023\/06\/Curso-lavandin-02.webp 640w, https:\/\/www.agronomoscuenca.es\/wp-content\/uploads\/2023\/06\/Curso-lavandin-02-300x198.webp 300w\" sizes=\"auto, (max-width: 891px) 100vw, 891px\" \/><\/figure>\n<\/div>\n\n\n<h2 class=\"wp-block-heading\"><em>PLANTAS AROM\u00c1TICAS Y MEDICINALES:EL CULTIVO DEL LAVAND\u00cdN<\/em><\/h2>\n\n\n\n<ul class=\"wp-block-list\">\n<li><em>Duraci\u00f3n:&nbsp;20 horas.<\/em><\/li>\n\n\n\n<li><em>Nivel: B\u00e1sico.<\/em><\/li>\n\n\n\n<li><em>Requisitos:&nbsp;Manejo b\u00e1sico del ordenador o Tablet.<\/em><\/li>\n\n\n\n<li><em>Tiempo para terminar el curso: 15-25 d\u00edas (1 horas\/d\u00eda).<\/em><\/li>\n\n\n\n<li><em>Coste:&nbsp;150\u20ac.<\/em><\/li>\n\n\n\n<li><em>Plazas:&nbsp;&nbsp;20 alumnos.<\/em><\/li>\n<\/ul>\n\n\n\n<h3 class=\"wp-block-heading\"><em>OBJETIVOS<\/em><\/h3>\n\n\n\n<p><em>Es un curso eminentemente pr\u00e1ctico orientado al agricultor o al titular de una explotaci\u00f3n agraria que quiera diversificar sus cultivos y se est\u00e9 planteando la posibilidad de inversi\u00f3n en plantas arom\u00e1ticas y medicinales (PAM), especialmente el lavand\u00edn. Se aportan datos totalmente actualizados de:<\/em><\/p>\n\n\n\n<ul class=\"wp-block-list\">\n<li><em>Principales iniciativas en la actualidad.<\/em><\/li>\n\n\n\n<li><em>Descripci\u00f3n del cultivo y labores necesarias.<\/em><\/li>\n\n\n\n<li><em>Maquinaria necesaria.<\/em><\/li>\n\n\n\n<li><em>Situaci\u00f3n del mercado y comercializaci\u00f3n.<\/em><\/li>\n\n\n\n<li><em>M\u00e1rgenes econ\u00f3micos en el caso del lavand\u00edn.<\/em><\/li>\n<\/ul>\n\n\n\n<p><strong>Este curso est\u00e1 reconocido por la Consejer\u00eda de Agricultura de Castilla \u2013 La Mancha para justificar la formaci\u00f3n en la ayuda agroambiental de la operaci\u00f3n de plantas arom\u00e1ticas para mejora de la biodiversidad de la medida 10 del PDR de Castilla \u2013 La Mancha.<\/strong><\/p>\n\n\n\n<h3 class=\"wp-block-heading\"><em>TEMARIO<\/em><\/h3>\n\n\n\n<p>1.&nbsp;<em>OBJETO.<\/em><\/p>\n\n\n\n<p><em>2.&nbsp;&nbsp; SITUACI\u00d3N ACTUAL DE LAS PAM Y SU EVOLUCI\u00d3N.<\/em><\/p>\n\n\n\n<p><em>2.1.&nbsp;&nbsp;&nbsp;&nbsp;&nbsp;&nbsp;&nbsp;&nbsp;&nbsp;&nbsp; Especies.<\/em><\/p>\n\n\n\n<p><em>2.2.&nbsp;&nbsp;&nbsp;&nbsp;&nbsp;&nbsp;&nbsp;&nbsp;&nbsp;&nbsp; Superficies cultivadas y producci\u00f3n.<\/em><\/p>\n\n\n\n<p><em>2.3.&nbsp;&nbsp;&nbsp;&nbsp;&nbsp;&nbsp;&nbsp;&nbsp;&nbsp;&nbsp; Principales iniciativas.<\/em><\/p>\n\n\n\n<p><em>2.4.&nbsp;&nbsp;&nbsp;&nbsp;&nbsp;&nbsp;&nbsp;&nbsp;&nbsp;&nbsp; Situaci\u00f3n del mercado.<\/em><\/p>\n\n\n\n<p><em>3.&nbsp;&nbsp; CULTIVO DEL LAVAND\u00cdN.<\/em><\/p>\n\n\n\n<p><em>3.1.&nbsp;&nbsp;&nbsp;&nbsp;&nbsp;&nbsp;&nbsp;&nbsp;&nbsp;&nbsp; Introducci\u00f3n.<\/em><\/p>\n\n\n\n<p><em>3.2.&nbsp;&nbsp;&nbsp;&nbsp;&nbsp;&nbsp;&nbsp;&nbsp;&nbsp;&nbsp; T\u00e9cnicas de cultivo.<\/em><\/p>\n\n\n\n<p><em>3.3.&nbsp;&nbsp;&nbsp;&nbsp;&nbsp;&nbsp;&nbsp;&nbsp;&nbsp;&nbsp; Maquinaria.<\/em><\/p>\n\n\n\n<p><em>3.4.&nbsp;&nbsp;&nbsp;&nbsp;&nbsp;&nbsp;&nbsp;&nbsp;&nbsp;&nbsp; Aprovechamientos.<\/em><\/p>\n\n\n\n<p><em>4.&nbsp;&nbsp; PRODUCCI\u00d3N ECOL\u00d3GICA.<\/em><\/p>\n\n\n\n<p><em>4.1.&nbsp;&nbsp;&nbsp;&nbsp;&nbsp;&nbsp;&nbsp;&nbsp;&nbsp;&nbsp; Concepto.<\/em><\/p>\n\n\n\n<p><em>4.2.&nbsp;&nbsp;&nbsp;&nbsp;&nbsp;&nbsp;&nbsp;&nbsp;&nbsp;&nbsp; Recolecci\u00f3n silvestre.<\/em><\/p>\n\n\n\n<p><em>4.3.&nbsp;&nbsp;&nbsp;&nbsp;&nbsp;&nbsp;&nbsp;&nbsp;&nbsp;&nbsp; Producci\u00f3n ecol\u00f3gica en PAM.<\/em><\/p>\n\n\n\n<p><em>5.&nbsp;&nbsp; MULTIPLICACI\u00d3N DE PLANTA.<\/em><\/p>\n\n\n\n<p><em>5.1.&nbsp;&nbsp;&nbsp;&nbsp;&nbsp;&nbsp;&nbsp;&nbsp;&nbsp;&nbsp; Multiplicaci\u00f3n por semilla.<\/em><\/p>\n\n\n\n<p><em>5.2.&nbsp;&nbsp;&nbsp;&nbsp;&nbsp;&nbsp;&nbsp;&nbsp;&nbsp;&nbsp; Multiplicaci\u00f3n vegetativa.<\/em><\/p>\n\n\n\n<p><em>6.&nbsp;&nbsp; ESTUDIO ECON\u00d3MICO.<\/em><\/p>\n\n\n\n<p><em>6.1.&nbsp;&nbsp;&nbsp;&nbsp;&nbsp;&nbsp;&nbsp;&nbsp;&nbsp;&nbsp; Condicionantes.<\/em><\/p>\n\n\n\n<p><em>6.2.&nbsp;&nbsp;&nbsp;&nbsp;&nbsp;&nbsp;&nbsp;&nbsp;&nbsp;&nbsp; Precios de mercado.<\/em><\/p>\n\n\n\n<p><em>6.3.&nbsp;&nbsp;&nbsp;&nbsp;&nbsp;&nbsp;&nbsp;&nbsp;&nbsp;&nbsp; Estudio de los m\u00e1rgenes.<\/em><\/p>\n\n\n\n<p><em>7.&nbsp;&nbsp;&nbsp;&nbsp;&nbsp;&nbsp;&nbsp; CONCLUSIONES.<\/em><\/p>\n\n\n\n<h2 class=\"wp-block-heading\">Reserva tu plaza o solicita mas informaci\u00f3n<\/h2>\n\n\n\n<div class=\"wp-block-contact-form-7-contact-form-selector\">\n<div class=\"wpcf7 no-js\" id=\"wpcf7-f181-o1\" lang=\"es-ES\" dir=\"ltr\" data-wpcf7-id=\"181\">\n<div class=\"screen-reader-response\"><p role=\"status\" aria-live=\"polite\" aria-atomic=\"true\"><\/p> <ul><\/ul><\/div>\n<form action=\"\/index.php\/wp-json\/wp\/v2\/pages\/170#wpcf7-f181-o1\" method=\"post\" class=\"wpcf7-form init\" aria-label=\"Formulario de contacto\" novalidate=\"novalidate\" data-status=\"init\">\n<fieldset class=\"hidden-fields-container\"><input type=\"hidden\" name=\"_wpcf7\" value=\"181\" \/><input type=\"hidden\" name=\"_wpcf7_version\" value=\"6.1.4\" \/><input type=\"hidden\" name=\"_wpcf7_locale\" value=\"es_ES\" \/><input type=\"hidden\" name=\"_wpcf7_unit_tag\" value=\"wpcf7-f181-o1\" \/><input type=\"hidden\" name=\"_wpcf7_container_post\" value=\"0\" \/><input type=\"hidden\" name=\"_wpcf7_posted_data_hash\" value=\"\" \/>\n<\/fieldset>\n<p><label> Nombre (requerido)<br \/>\n<span class=\"wpcf7-form-control-wrap\" data-name=\"nombre\"><input size=\"40\" maxlength=\"400\" class=\"wpcf7-form-control wpcf7-text wpcf7-validates-as-required\" aria-required=\"true\" aria-invalid=\"false\" value=\"\" type=\"text\" name=\"nombre\" \/><\/span> <\/label>\n<\/p>\n<p><label> Apellidos (requerido)<br \/>\n<span class=\"wpcf7-form-control-wrap\" data-name=\"apellidos\"><input size=\"40\" maxlength=\"400\" class=\"wpcf7-form-control wpcf7-text wpcf7-validates-as-required\" aria-required=\"true\" aria-invalid=\"false\" value=\"\" type=\"text\" name=\"apellidos\" \/><\/span> <\/label>\n<\/p>\n<p><label> DNI (requerido)<br \/>\n<span class=\"wpcf7-form-control-wrap\" data-name=\"dni\"><input size=\"40\" maxlength=\"400\" class=\"wpcf7-form-control wpcf7-text wpcf7-validates-as-required\" aria-required=\"true\" aria-invalid=\"false\" value=\"\" type=\"text\" name=\"dni\" \/><\/span> <\/label>\n<\/p>\n<p><label> Localidad (requerido)<br \/>\n<span class=\"wpcf7-form-control-wrap\" data-name=\"localidad\"><input size=\"40\" maxlength=\"400\" class=\"wpcf7-form-control wpcf7-text wpcf7-validates-as-required\" aria-required=\"true\" aria-invalid=\"false\" value=\"\" type=\"text\" name=\"localidad\" \/><\/span> <\/label>\n<\/p>\n<p><label> Provincia (requerido)<br \/>\n<span class=\"wpcf7-form-control-wrap\" data-name=\"provincia\"><input size=\"40\" maxlength=\"400\" class=\"wpcf7-form-control wpcf7-text wpcf7-validates-as-required\" aria-required=\"true\" aria-invalid=\"false\" value=\"\" type=\"text\" name=\"provincia\" \/><\/span> <\/label>\n<\/p>\n<p><label> Tu correo electr\u00f3nico (requerido)<br \/>\n<span class=\"wpcf7-form-control-wrap\" data-name=\"your-email\"><input size=\"40\" maxlength=\"400\" class=\"wpcf7-form-control wpcf7-email wpcf7-validates-as-required wpcf7-text wpcf7-validates-as-email\" aria-required=\"true\" aria-invalid=\"false\" value=\"\" type=\"email\" name=\"your-email\" \/><\/span> <\/label>\n<\/p>\n<p><label> Tu tel\u00e9fono (requerido)<br \/>\n<span class=\"wpcf7-form-control-wrap\" data-name=\"telefono01\"><input class=\"wpcf7-form-control wpcf7-number wpcf7-validates-as-number\" aria-invalid=\"false\" value=\"\" type=\"number\" name=\"telefono01\" \/><\/span><\/label>\n<\/p>\n<p><label> Asunto (requerido)<br \/>\n<span class=\"wpcf7-form-control-wrap\" data-name=\"textarea-132\"><textarea cols=\"40\" rows=\"10\" maxlength=\"2000\" class=\"wpcf7-form-control wpcf7-textarea\" aria-invalid=\"false\" name=\"textarea-132\"><\/textarea><\/span> <\/label>\n<\/p>\n<p><span class=\"wpcf7-form-control-wrap\" data-name=\"Politicadatospersonales\"><span class=\"wpcf7-form-control wpcf7-acceptance\"><span class=\"wpcf7-list-item\"><label><input type=\"checkbox\" name=\"Politicadatospersonales\" value=\"1\" aria-invalid=\"false\" \/><span class=\"wpcf7-list-item-label\">Acepto la <a href= \"http:\/\/www.agrocursos.es\/index.php\/politica-de-datos-de-caracter-personal\/\" target=\"_blank\"> Politica de datos de car\u00e1cter personal<\/a><\/span><\/label><\/span><\/span><\/span>\n<\/p>\n<p><input class=\"wpcf7-form-control wpcf7-submit has-spinner\" type=\"submit\" value=\"Enviar\" \/>\n<\/p><p style=\"display: none !important;\" class=\"akismet-fields-container\" data-prefix=\"_wpcf7_ak_\"><label>&#916;<textarea name=\"_wpcf7_ak_hp_textarea\" cols=\"45\" rows=\"8\" maxlength=\"100\"><\/textarea><\/label><input type=\"hidden\" id=\"ak_js_1\" name=\"_wpcf7_ak_js\" value=\"56\"\/><script>document.getElementById( \"ak_js_1\" ).setAttribute( \"value\", ( new Date() ).getTime() );<\/script><\/p><div class=\"wpcf7-response-output\" aria-hidden=\"true\"><\/div>\n<\/form>\n<\/div>\n<\/div>\n","protected":false},"excerpt":{"rendered":"<p>PLANTAS AROM\u00c1TICAS Y MEDICINALES:EL CULTIVO DEL LAVAND\u00cdN OBJETIVOS Es un curso eminentemente pr\u00e1ctico orientado al agricultor o al titular de una explotaci\u00f3n agraria que quiera diversificar sus cultivos y se est\u00e9 planteando la posibilidad de inversi\u00f3n en plantas arom\u00e1ticas y medicinales (PAM), especialmente el lavand\u00edn. Se aportan datos totalmente actualizados de: Este curso est\u00e1 reconocido [&hellip;]<\/p>\n","protected":false},"author":1,"featured_media":0,"parent":0,"menu_order":0,"comment_status":"closed","ping_status":"closed","template":"","meta":{"footnotes":""},"class_list":["post-170","page","type-page","status-publish","czr-hentry"],"yoast_head":"<!-- This site is optimized with the Yoast SEO plugin v26.6 - https:\/\/yoast.com\/wordpress\/plugins\/seo\/ -->\n<title>CURSO ONLINE CULTIVO DEL LAVANDIN - APIAC<\/title>\n<meta name=\"robots\" content=\"index, follow, max-snippet:-1, max-image-preview:large, max-video-preview:-1\" \/>\n<link rel=\"canonical\" href=\"https:\/\/www.agronomoscuenca.es\/index.php\/curso-online-cultivo-del-lavandin\/\" \/>\n<meta property=\"og:locale\" content=\"es_ES\" \/>\n<meta property=\"og:type\" content=\"article\" \/>\n<meta property=\"og:title\" content=\"CURSO ONLINE CULTIVO DEL LAVANDIN - APIAC\" \/>\n<meta property=\"og:description\" content=\"PLANTAS AROM\u00c1TICAS Y MEDICINALES:EL CULTIVO DEL LAVAND\u00cdN OBJETIVOS Es un curso eminentemente pr\u00e1ctico orientado al agricultor o al titular de una explotaci\u00f3n agraria que quiera diversificar sus cultivos y se est\u00e9 planteando la posibilidad de inversi\u00f3n en plantas arom\u00e1ticas y medicinales (PAM), especialmente el lavand\u00edn. Se aportan datos totalmente actualizados de: Este curso est\u00e1 reconocido [&hellip;]\" \/>\n<meta property=\"og:url\" content=\"https:\/\/www.agronomoscuenca.es\/index.php\/curso-online-cultivo-del-lavandin\/\" \/>\n<meta property=\"og:site_name\" content=\"APIAC\" \/>\n<meta property=\"article:modified_time\" content=\"2023-06-23T21:31:49+00:00\" \/>\n<meta property=\"og:image\" content=\"https:\/\/www.agronomoscuenca.es\/wp-content\/uploads\/2023\/06\/Curso-lavandin-02.webp\" \/>\n<meta name=\"twitter:card\" content=\"summary_large_image\" \/>\n<meta name=\"twitter:label1\" content=\"Tiempo de lectura\" \/>\n\t<meta name=\"twitter:data1\" content=\"2 minutos\" \/>\n<script type=\"application\/ld+json\" class=\"yoast-schema-graph\">{\"@context\":\"https:\/\/schema.org\",\"@graph\":[{\"@type\":\"WebPage\",\"@id\":\"https:\/\/www.agronomoscuenca.es\/index.php\/curso-online-cultivo-del-lavandin\/\",\"url\":\"https:\/\/www.agronomoscuenca.es\/index.php\/curso-online-cultivo-del-lavandin\/\",\"name\":\"CURSO ONLINE CULTIVO DEL LAVANDIN - APIAC\",\"isPartOf\":{\"@id\":\"https:\/\/www.agronomoscuenca.es\/#website\"},\"primaryImageOfPage\":{\"@id\":\"https:\/\/www.agronomoscuenca.es\/index.php\/curso-online-cultivo-del-lavandin\/#primaryimage\"},\"image\":{\"@id\":\"https:\/\/www.agronomoscuenca.es\/index.php\/curso-online-cultivo-del-lavandin\/#primaryimage\"},\"thumbnailUrl\":\"https:\/\/www.agronomoscuenca.es\/wp-content\/uploads\/2023\/06\/Curso-lavandin-02.webp\",\"datePublished\":\"2023-06-23T21:11:42+00:00\",\"dateModified\":\"2023-06-23T21:31:49+00:00\",\"breadcrumb\":{\"@id\":\"https:\/\/www.agronomoscuenca.es\/index.php\/curso-online-cultivo-del-lavandin\/#breadcrumb\"},\"inLanguage\":\"es\",\"potentialAction\":[{\"@type\":\"ReadAction\",\"target\":[\"https:\/\/www.agronomoscuenca.es\/index.php\/curso-online-cultivo-del-lavandin\/\"]}]},{\"@type\":\"ImageObject\",\"inLanguage\":\"es\",\"@id\":\"https:\/\/www.agronomoscuenca.es\/index.php\/curso-online-cultivo-del-lavandin\/#primaryimage\",\"url\":\"https:\/\/www.agronomoscuenca.es\/wp-content\/uploads\/2023\/06\/Curso-lavandin-02.webp\",\"contentUrl\":\"https:\/\/www.agronomoscuenca.es\/wp-content\/uploads\/2023\/06\/Curso-lavandin-02.webp\"},{\"@type\":\"BreadcrumbList\",\"@id\":\"https:\/\/www.agronomoscuenca.es\/index.php\/curso-online-cultivo-del-lavandin\/#breadcrumb\",\"itemListElement\":[{\"@type\":\"ListItem\",\"position\":1,\"name\":\"Portada\",\"item\":\"https:\/\/www.agronomoscuenca.es\/\"},{\"@type\":\"ListItem\",\"position\":2,\"name\":\"CURSO ONLINE CULTIVO DEL LAVANDIN\"}]},{\"@type\":\"WebSite\",\"@id\":\"https:\/\/www.agronomoscuenca.es\/#website\",\"url\":\"https:\/\/www.agronomoscuenca.es\/\",\"name\":\"APIAC\",\"description\":\"Asociaci\u00f3n Profesional de Ingenieros Agronomos\",\"publisher\":{\"@id\":\"https:\/\/www.agronomoscuenca.es\/#organization\"},\"potentialAction\":[{\"@type\":\"SearchAction\",\"target\":{\"@type\":\"EntryPoint\",\"urlTemplate\":\"https:\/\/www.agronomoscuenca.es\/?s={search_term_string}\"},\"query-input\":{\"@type\":\"PropertyValueSpecification\",\"valueRequired\":true,\"valueName\":\"search_term_string\"}}],\"inLanguage\":\"es\"},{\"@type\":\"Organization\",\"@id\":\"https:\/\/www.agronomoscuenca.es\/#organization\",\"name\":\"APIAC\",\"url\":\"https:\/\/www.agronomoscuenca.es\/\",\"logo\":{\"@type\":\"ImageObject\",\"inLanguage\":\"es\",\"@id\":\"https:\/\/www.agronomoscuenca.es\/#\/schema\/logo\/image\/\",\"url\":\"https:\/\/www.agronomoscuenca.es\/wp-content\/uploads\/2023\/06\/cropped-logo-apiac-800x470-1.jpg\",\"contentUrl\":\"https:\/\/www.agronomoscuenca.es\/wp-content\/uploads\/2023\/06\/cropped-logo-apiac-800x470-1.jpg\",\"width\":800,\"height\":419,\"caption\":\"APIAC\"},\"image\":{\"@id\":\"https:\/\/www.agronomoscuenca.es\/#\/schema\/logo\/image\/\"}}]}<\/script>\n<!-- \/ Yoast SEO plugin. -->","yoast_head_json":{"title":"CURSO ONLINE CULTIVO DEL LAVANDIN - APIAC","robots":{"index":"index","follow":"follow","max-snippet":"max-snippet:-1","max-image-preview":"max-image-preview:large","max-video-preview":"max-video-preview:-1"},"canonical":"https:\/\/www.agronomoscuenca.es\/index.php\/curso-online-cultivo-del-lavandin\/","og_locale":"es_ES","og_type":"article","og_title":"CURSO ONLINE CULTIVO DEL LAVANDIN - APIAC","og_description":"PLANTAS AROM\u00c1TICAS Y MEDICINALES:EL CULTIVO DEL LAVAND\u00cdN OBJETIVOS Es un curso eminentemente pr\u00e1ctico orientado al agricultor o al titular de una explotaci\u00f3n agraria que quiera diversificar sus cultivos y se est\u00e9 planteando la posibilidad de inversi\u00f3n en plantas arom\u00e1ticas y medicinales (PAM), especialmente el lavand\u00edn. Se aportan datos totalmente actualizados de: Este curso est\u00e1 reconocido [&hellip;]","og_url":"https:\/\/www.agronomoscuenca.es\/index.php\/curso-online-cultivo-del-lavandin\/","og_site_name":"APIAC","article_modified_time":"2023-06-23T21:31:49+00:00","og_image":[{"url":"https:\/\/www.agronomoscuenca.es\/wp-content\/uploads\/2023\/06\/Curso-lavandin-02.webp","type":"","width":"","height":""}],"twitter_card":"summary_large_image","twitter_misc":{"Tiempo de lectura":"2 minutos"},"schema":{"@context":"https:\/\/schema.org","@graph":[{"@type":"WebPage","@id":"https:\/\/www.agronomoscuenca.es\/index.php\/curso-online-cultivo-del-lavandin\/","url":"https:\/\/www.agronomoscuenca.es\/index.php\/curso-online-cultivo-del-lavandin\/","name":"CURSO ONLINE CULTIVO DEL LAVANDIN - APIAC","isPartOf":{"@id":"https:\/\/www.agronomoscuenca.es\/#website"},"primaryImageOfPage":{"@id":"https:\/\/www.agronomoscuenca.es\/index.php\/curso-online-cultivo-del-lavandin\/#primaryimage"},"image":{"@id":"https:\/\/www.agronomoscuenca.es\/index.php\/curso-online-cultivo-del-lavandin\/#primaryimage"},"thumbnailUrl":"https:\/\/www.agronomoscuenca.es\/wp-content\/uploads\/2023\/06\/Curso-lavandin-02.webp","datePublished":"2023-06-23T21:11:42+00:00","dateModified":"2023-06-23T21:31:49+00:00","breadcrumb":{"@id":"https:\/\/www.agronomoscuenca.es\/index.php\/curso-online-cultivo-del-lavandin\/#breadcrumb"},"inLanguage":"es","potentialAction":[{"@type":"ReadAction","target":["https:\/\/www.agronomoscuenca.es\/index.php\/curso-online-cultivo-del-lavandin\/"]}]},{"@type":"ImageObject","inLanguage":"es","@id":"https:\/\/www.agronomoscuenca.es\/index.php\/curso-online-cultivo-del-lavandin\/#primaryimage","url":"https:\/\/www.agronomoscuenca.es\/wp-content\/uploads\/2023\/06\/Curso-lavandin-02.webp","contentUrl":"https:\/\/www.agronomoscuenca.es\/wp-content\/uploads\/2023\/06\/Curso-lavandin-02.webp"},{"@type":"BreadcrumbList","@id":"https:\/\/www.agronomoscuenca.es\/index.php\/curso-online-cultivo-del-lavandin\/#breadcrumb","itemListElement":[{"@type":"ListItem","position":1,"name":"Portada","item":"https:\/\/www.agronomoscuenca.es\/"},{"@type":"ListItem","position":2,"name":"CURSO ONLINE CULTIVO DEL LAVANDIN"}]},{"@type":"WebSite","@id":"https:\/\/www.agronomoscuenca.es\/#website","url":"https:\/\/www.agronomoscuenca.es\/","name":"APIAC","description":"Asociaci\u00f3n Profesional de Ingenieros Agronomos","publisher":{"@id":"https:\/\/www.agronomoscuenca.es\/#organization"},"potentialAction":[{"@type":"SearchAction","target":{"@type":"EntryPoint","urlTemplate":"https:\/\/www.agronomoscuenca.es\/?s={search_term_string}"},"query-input":{"@type":"PropertyValueSpecification","valueRequired":true,"valueName":"search_term_string"}}],"inLanguage":"es"},{"@type":"Organization","@id":"https:\/\/www.agronomoscuenca.es\/#organization","name":"APIAC","url":"https:\/\/www.agronomoscuenca.es\/","logo":{"@type":"ImageObject","inLanguage":"es","@id":"https:\/\/www.agronomoscuenca.es\/#\/schema\/logo\/image\/","url":"https:\/\/www.agronomoscuenca.es\/wp-content\/uploads\/2023\/06\/cropped-logo-apiac-800x470-1.jpg","contentUrl":"https:\/\/www.agronomoscuenca.es\/wp-content\/uploads\/2023\/06\/cropped-logo-apiac-800x470-1.jpg","width":800,"height":419,"caption":"APIAC"},"image":{"@id":"https:\/\/www.agronomoscuenca.es\/#\/schema\/logo\/image\/"}}]}},"jetpack_sharing_enabled":true,"_links":{"self":[{"href":"https:\/\/www.agronomoscuenca.es\/index.php\/wp-json\/wp\/v2\/pages\/170","targetHints":{"allow":["GET"]}}],"collection":[{"href":"https:\/\/www.agronomoscuenca.es\/index.php\/wp-json\/wp\/v2\/pages"}],"about":[{"href":"https:\/\/www.agronomoscuenca.es\/index.php\/wp-json\/wp\/v2\/types\/page"}],"author":[{"embeddable":true,"href":"https:\/\/www.agronomoscuenca.es\/index.php\/wp-json\/wp\/v2\/users\/1"}],"replies":[{"embeddable":true,"href":"https:\/\/www.agronomoscuenca.es\/index.php\/wp-json\/wp\/v2\/comments?post=170"}],"version-history":[{"count":2,"href":"https:\/\/www.agronomoscuenca.es\/index.php\/wp-json\/wp\/v2\/pages\/170\/revisions"}],"predecessor-version":[{"id":187,"href":"https:\/\/www.agronomoscuenca.es\/index.php\/wp-json\/wp\/v2\/pages\/170\/revisions\/187"}],"wp:attachment":[{"href":"https:\/\/www.agronomoscuenca.es\/index.php\/wp-json\/wp\/v2\/media?parent=170"}],"curies":[{"name":"wp","href":"https:\/\/api.w.org\/{rel}","templated":true}]}}