{"id":153,"date":"2023-06-22T22:26:44","date_gmt":"2023-06-22T22:26:44","guid":{"rendered":"http:\/\/www.agronomoscuenca.es\/?page_id=153"},"modified":"2023-06-23T21:29:26","modified_gmt":"2023-06-23T21:29:26","slug":"examen-del-cazador-en-castilla-la-mancha","status":"publish","type":"page","link":"https:\/\/www.agronomoscuenca.es\/index.php\/examen-del-cazador-en-castilla-la-mancha\/","title":{"rendered":"EXAMEN DEL CAZADOR EN CASTILLA LA MANCHA"},"content":{"rendered":"<div class=\"wp-block-image\">\n<figure class=\"aligncenter size-full is-resized\"><img loading=\"lazy\" decoding=\"async\" src=\"http:\/\/www.agronomoscuenca.es\/wp-content\/uploads\/2023\/06\/como-ensenar-a-cazar-a-tu-perro-7.jpg\" alt=\"\" class=\"wp-image-154\" width=\"890\" height=\"651\" srcset=\"https:\/\/www.agronomoscuenca.es\/wp-content\/uploads\/2023\/06\/como-ensenar-a-cazar-a-tu-perro-7.jpg 763w, https:\/\/www.agronomoscuenca.es\/wp-content\/uploads\/2023\/06\/como-ensenar-a-cazar-a-tu-perro-7-300x219.jpg 300w\" sizes=\"auto, (max-width: 890px) 100vw, 890px\" \/><\/figure>\n<\/div>\n\n\n<h2 class=\"wp-block-heading\">CURSO ONLINE: EXAMEN DEL CAZADOR EN CASTILLA LAMANCHA<\/h2>\n\n\n\n<h3 class=\"wp-block-heading\">Caracter\u00edsticas del curso online Examen del Cazador en Castilla la Mancha<\/h3>\n\n\n\n<ul class=\"wp-block-list\">\n<li>La duraci\u00f3n del curso es de&nbsp;25 horas.<\/li>\n\n\n\n<li>El nivel del curso es de tipo MEDIO.<\/li>\n\n\n\n<li>Los requisitos necesarios para el aprovechamiento del curso, son tener manejo b\u00e1sico del ordenador o Tablet.<\/li>\n\n\n\n<li>El tiempo para terminar el curso: 15-25 d\u00edas (trabajando 1-2 horas al d\u00eda)<\/li>\n\n\n\n<li>El coste del curso es de 100 euros.<\/li>\n\n\n\n<li>Plazas limitadas: 20 alumnos<\/li>\n<\/ul>\n\n\n\n<h3 class=\"wp-block-heading\">Objetivos del curso.<\/h3>\n\n\n\n<p>Esencialmente, obtener los conocimientos suficientes para superar el Examen del Cazador sin problemas.<\/p>\n\n\n\n<p>El examen es obligatorio para obtener la licencia de caza por primera vez.<\/p>\n\n\n\n<h3 class=\"wp-block-heading\">Temario: Parte te\u00f3rica<\/h3>\n\n\n\n<h4 class=\"wp-block-heading\">1. Legislaci\u00f3n cineg\u00e9tica de Castilla-La Mancha.<\/h4>\n\n\n\n<p>1.1. Las normas legales que afectan a la actividad cineg\u00e9tica.<\/p>\n\n\n\n<h4 class=\"wp-block-heading\">2. Especies de caza y otras especies cazables.<\/h4>\n\n\n\n<p>2.1. Las especies objeto de caza.<\/p>\n\n\n\n<p>2.2. Las especies ex\u00f3ticas objeto de control de poblaci\u00f3n.<\/p>\n\n\n\n<p>2.3. Algunas Especies de inter\u00e9s preferente.<\/p>\n\n\n\n<p>2.4. Descripci\u00f3n y caracter\u00edsticas de las especies cineg\u00e9ticas de Castilla-La Mancha.<\/p>\n\n\n\n<p>2.5. Descripci\u00f3n y caracter\u00edsticas de las especies ex\u00f3ticas objeto de control de poblaciones.<\/p>\n\n\n\n<p>2.6. Concepto de piezas de caza. Tenencia de piezas de caza en cautividad.<\/p>\n\n\n\n<h4 class=\"wp-block-heading\">3. Prohibiciones para la protecci\u00f3n de las poblaciones cineg\u00e9ticas.<\/h4>\n\n\n\n<p>3.1. Prohibiciones de car\u00e1cter general.<\/p>\n\n\n\n<p>3.2. Autorizaciones excepcionales para el control de las poblaciones cineg\u00e9ticas.<\/p>\n\n\n\n<p>3.3. Caza de aves acu\u00e1ticas y especies migratorias.<\/p>\n\n\n\n<h4 class=\"wp-block-heading\">4. Concepto de cazador y requisitos legales para cazar en Castilla-La Mancha.<\/h4>\n\n\n\n<p>4.1. Concepto de la acci\u00f3n de cazar.<\/p>\n\n\n\n<p>4.2. El concepto de cazador.<\/p>\n\n\n\n<p>4.3. Documentaci\u00f3n y otros requisitos necesarios para la pr\u00e1ctica de la caza en Castilla-La Mancha.<\/p>\n\n\n\n<p>4.4. Licencia de caza de Castilla-La Mancha. Obtenci\u00f3n y validez.<\/p>\n\n\n\n<h4 class=\"wp-block-heading\">5. Medios de caza.<\/h4>\n\n\n\n<p>5.1. Uso de armas<\/p>\n\n\n\n<p>5.2. Utilizaci\u00f3n de perros. Entrenamiento de perros.<\/p>\n\n\n\n<p>5.3. Utilizaci\u00f3n de hurones.<\/p>\n\n\n\n<p>5.4. Cetrer\u00eda. Regulaci\u00f3n de la pr\u00e1ctica de la cetrer\u00eda. Aves que pueden utilizarse para la pr\u00e1ctica de la cetrer\u00eda. Registro de aves de cetrer\u00eda y condiciones de las instalaciones que las albergan.<\/p>\n\n\n\n<p>5.5. Medios prohibidos con car\u00e1cter general.<\/p>\n\n\n\n<p>5.6. Autorizaciones excepcionales para control de las poblaciones cineg\u00e9ticas.<\/p>\n\n\n\n<h4 class=\"wp-block-heading\">6. Modalidades de caza en Castilla-La Mancha.<\/h4>\n\n\n\n<p>6.1. Modalidades de caza.<\/p>\n\n\n\n<p>6.2.- Requisitos para la pr\u00e1ctica de las modalidades de caza.<\/p>\n\n\n\n<h4 class=\"wp-block-heading\">7. Normas de seguridad en las cacer\u00edas y \u00e9tica del cazador.<\/h4>\n\n\n\n<p>7.1. Medidas precautorias de seguridad.<\/p>\n\n\n\n<p>7.2. Responsabilidad en las cacer\u00edas.<\/p>\n\n\n\n<p>7.3. \u00c9tica del cazador.<\/p>\n\n\n\n<p>7.4. Propiedad de las piezas de caza mediante la acci\u00f3n de cazar.<\/p>\n\n\n\n<p>7.5. Propiedad de los trofeos de las piezas de caza mayor, y derecho a recoger y disponer de los desmogues.<\/p>\n\n\n\n<p>7.6. Actuaciones ante la existencia de piezas de caza enfermas.<\/p>\n\n\n\n<p>7.7. Actuaciones en relaci\u00f3n con las piezas de caza portadoras de anillas.<\/p>\n\n\n\n<h4 class=\"wp-block-heading\">8. Terrenos cineg\u00e9ticos.<\/h4>\n\n\n\n<p>8.1. Terrenos cineg\u00e9ticos. Concepto.<\/p>\n\n\n\n<p>8.2. Cotos de Caza. Concepto, superficie m\u00ednima y ejercicio de la caza.<\/p>\n\n\n\n<p>8.3. Cuartel de Caza Comercial en Cotos de Caza.<\/p>\n\n\n\n<p>8.4. Zonas Colectivas de Caza. Concepto, superficie m\u00ednima y ejercicio de la caza.<\/p>\n\n\n\n<p>8.5. Zonas de adiestramiento de perros y aves de cetrer\u00eda.<\/p>\n\n\n\n<p>8.6. Se\u00f1alizaci\u00f3n de terrenos cineg\u00e9ticos. Tipos de se\u00f1ales.<\/p>\n\n\n\n<p>8.7. Concepto de titular cineg\u00e9tico y titular del aprovechamiento.<\/p>\n\n\n\n<h4 class=\"wp-block-heading\">9. Terrenos no cineg\u00e9ticos.<\/h4>\n\n\n\n<p>9.1. Terrenos no cineg\u00e9ticos. Concepto.<\/p>\n\n\n\n<p>9.2. Los terrenos enclavados. Concepto.<\/p>\n\n\n\n<p>9.3. Zonas de seguridad. Concepto y clases. Limites. Se\u00f1alizaci\u00f3n y uso de armas.<\/p>\n\n\n\n<h4 class=\"wp-block-heading\">10. Comercializaci\u00f3n de piezas de caza.<\/h4>\n\n\n\n<p>10.1. Especies comercializables.<\/p>\n\n\n\n<p>10.2. Comercio de piezas vivas y huevos.<\/p>\n\n\n\n<p>10.3. Comercio de piezas muertas.<\/p>\n\n\n\n<p>10.4. Inspecci\u00f3n de los productos cineg\u00e9ticos.<\/p>\n\n\n\n<h4 class=\"wp-block-heading\">11. Infracciones administrativas a la legislaci\u00f3n cineg\u00e9tica vigente en Castilla-La Mancha, y sanciones.<\/h4>\n\n\n\n<p>11.1. Infracciones leves.<\/p>\n\n\n\n<p>11.2. Las infracciones graves.<\/p>\n\n\n\n<p>11.3. Infracciones muy graves.<\/p>\n\n\n\n<p>11.4. Sanciones de las infracciones administrativas.<\/p>\n\n\n\n<h3 class=\"wp-block-heading\">Temario: Parte pr\u00e1ctica<\/h3>\n\n\n\n<p>1. Identificar mediante la exhibici\u00f3n de ejemplares vivos o muertos, o sus trofeos, v\u00eddeos, fotos, diapositivas, dibujos o naturalizaciones once especies cineg\u00e9ticas existentes en Castilla-La Mancha.<\/p>\n\n\n\n<p>2 Identificar mediante la exhibici\u00f3n de ejemplares vivos o muertos, o sus trofeos, v\u00eddeos, fotos, diapositivas, dibujos o naturalizaciones una de las especies ex\u00f3ticas objeto de control de poblaciones&nbsp;existentes en Castilla-La Mancha.<\/p>\n\n\n\n<p>3. Identificar mediante la exhibici\u00f3n de v\u00eddeos, fotos, diapositivas, dibujos o naturalizaciones cinco de las especies afectadas por alguna medida de conservaci\u00f3n que se relacionan en el programa oficial<\/p>\n\n\n\n<p>4. Prueba de aptitud; y manejo e identificaci\u00f3n directa o mediante la exhibici\u00f3n de v\u00eddeos, fotos o diapositivas, de tres armas reglamentadas permitidas para caza seg\u00fan lo dispuesto en el Reglamento de Armas.<\/p>\n\n\n\n<h2 class=\"wp-block-heading\">Proxima convocatoria Examen del Cazador<\/h2>\n\n\n\n<h3 class=\"wp-block-heading\">Fechas 2023<\/h3>\n\n\n\n<p>Las pruebas comenzar\u00e1n a las 10 h. de los d\u00edas que se indican a continuaci\u00f3n:<\/p>\n\n\n\n<ul class=\"wp-block-list\">\n<li>Convocatoria de marzo: 21 de marzo de 2023.<\/li>\n\n\n\n<li>La convocatoria de junio: 20 de junio de 2023.<\/li>\n\n\n\n<li>Tercera Convocatoria: 7 de noviembre de 2023.<\/li>\n<\/ul>\n\n\n\n<h3 class=\"wp-block-heading\">Plazo de presentaci\u00f3n de solicitudes<\/h3>\n\n\n\n<ul class=\"wp-block-list\">\n<li>Convocatoria de marzo: Del 30 de enero al 13 de febrero de 2023.<\/li>\n\n\n\n<li>La convocatoria de junio: Del 2 al 16 de mayo de 2023.<\/li>\n\n\n\n<li>Tercera Convocatoria:&nbsp;Del 15 al 30 de septiembre de 2023.<\/li>\n<\/ul>\n\n\n\n<h3 class=\"wp-block-heading\">Lugar<\/h3>\n\n\n\n<ul class=\"wp-block-list\">\n<li>Albacete:&nbsp;<a href=\"https:\/\/goo.gl\/maps\/LwjbHKqAq2otrEBy5\">Centro Provincial de Educaci\u00f3n Ambiental.<\/a>&nbsp;Carretera de Ayora, km. 1,5. 02520 Albacete.<\/li>\n\n\n\n<li>Ciudad Real: Direcci\u00f3n Provincial de Agricultura, Medio Ambiente y Desarrollo Rural. Sal\u00f3n de actos. C\/Alarcos, 21. 13071 Ciudad Real.<\/li>\n\n\n\n<li>Cuenca: Centro de Investigaci\u00f3n Agroforestal de Albaladejito. Carretera Toledo-Cuenca, km. 174. 16194 Cuenca.<\/li>\n\n\n\n<li>Guadalajara: Direcci\u00f3n Provincial de Agricultura, Medio Ambiente y Desarrollo Rural. Avenida del Ej\u00e9rcito, 10. 19071 Guadalajara.<\/li>\n\n\n\n<li>Toledo: Escuela de Administraci\u00f3n Regional. Calle Rio Cabriel s\/n 45071 Toledo<\/li>\n<\/ul>\n\n\n\n<h2 class=\"wp-block-heading\">Matricula Curso del Cazador<\/h2>\n\n\n\n<p>Para matricularte en este curso tienes que rellenar los datos del siguiente formulario.<\/p>\n\n\n\n<p>En 24-48 horas recibir\u00e1s un email&nbsp;en la direcci\u00f3n de correo con la que te has matriculado o un whatsapp al numero de tel\u00e9fono con el que te hayas inscrito con las instrucciones para realizar el pago de 100 euros.<\/p>\n\n\n\n<p>Posteriormente recibir\u00e1s el enlace a la plataforma de formaci\u00f3n de AGROcursos, y tu n\u00famero de usuario y contrase\u00f1a para poder&nbsp;realizar el curso. Tambi\u00e9n puedes rellenar el formulario de contacto para solicitar mas informaci\u00f3n.<\/p>\n\n\n\n<h2 class=\"wp-block-heading\">Reserva tu plaza o solicita\u00a0<a href=\"http:\/\/www.agrocursos.es\/contacto\/\">mas informaci\u00f3n<\/a><\/h2>\n\n\n\n<div class=\"wp-block-contact-form-7-contact-form-selector\">\n<div class=\"wpcf7 no-js\" id=\"wpcf7-f179-o1\" lang=\"es-ES\" dir=\"ltr\" data-wpcf7-id=\"179\">\n<div class=\"screen-reader-response\"><p role=\"status\" aria-live=\"polite\" aria-atomic=\"true\"><\/p> <ul><\/ul><\/div>\n<form action=\"\/index.php\/wp-json\/wp\/v2\/pages\/153#wpcf7-f179-o1\" method=\"post\" class=\"wpcf7-form init\" aria-label=\"Formulario de contacto\" novalidate=\"novalidate\" data-status=\"init\">\n<fieldset class=\"hidden-fields-container\"><input type=\"hidden\" name=\"_wpcf7\" value=\"179\" \/><input type=\"hidden\" name=\"_wpcf7_version\" value=\"6.1.4\" \/><input type=\"hidden\" name=\"_wpcf7_locale\" value=\"es_ES\" \/><input type=\"hidden\" name=\"_wpcf7_unit_tag\" value=\"wpcf7-f179-o1\" \/><input type=\"hidden\" name=\"_wpcf7_container_post\" value=\"0\" \/><input type=\"hidden\" name=\"_wpcf7_posted_data_hash\" value=\"\" \/>\n<\/fieldset>\n<p><label> Nombre (requerido)<br \/>\n<span class=\"wpcf7-form-control-wrap\" data-name=\"nombre\"><input size=\"40\" maxlength=\"400\" class=\"wpcf7-form-control wpcf7-text wpcf7-validates-as-required\" aria-required=\"true\" aria-invalid=\"false\" value=\"\" type=\"text\" name=\"nombre\" \/><\/span> <\/label>\n<\/p>\n<p><label> Apellidos (requerido)<br \/>\n<span class=\"wpcf7-form-control-wrap\" data-name=\"apellidos\"><input size=\"40\" maxlength=\"400\" class=\"wpcf7-form-control wpcf7-text wpcf7-validates-as-required\" aria-required=\"true\" aria-invalid=\"false\" value=\"\" type=\"text\" name=\"apellidos\" \/><\/span> <\/label>\n<\/p>\n<p><label> DNI (requerido)<br \/>\n<span class=\"wpcf7-form-control-wrap\" data-name=\"dni\"><input size=\"40\" maxlength=\"400\" class=\"wpcf7-form-control wpcf7-text wpcf7-validates-as-required\" aria-required=\"true\" aria-invalid=\"false\" value=\"\" type=\"text\" name=\"dni\" \/><\/span> <\/label>\n<\/p>\n<p><label> Localidad (requerido)<br \/>\n<span class=\"wpcf7-form-control-wrap\" data-name=\"localidad\"><input size=\"40\" maxlength=\"400\" class=\"wpcf7-form-control wpcf7-text wpcf7-validates-as-required\" aria-required=\"true\" aria-invalid=\"false\" value=\"\" type=\"text\" name=\"localidad\" \/><\/span> <\/label>\n<\/p>\n<p><label> Provincia (requerido)<br \/>\n<span class=\"wpcf7-form-control-wrap\" data-name=\"provincia\"><input size=\"40\" maxlength=\"400\" class=\"wpcf7-form-control wpcf7-text wpcf7-validates-as-required\" aria-required=\"true\" aria-invalid=\"false\" value=\"\" type=\"text\" name=\"provincia\" \/><\/span> <\/label>\n<\/p>\n<p><label> Tu correo electr\u00f3nico (requerido)<br \/>\n<span class=\"wpcf7-form-control-wrap\" data-name=\"your-email\"><input size=\"40\" maxlength=\"400\" class=\"wpcf7-form-control wpcf7-email wpcf7-validates-as-required wpcf7-text wpcf7-validates-as-email\" aria-required=\"true\" aria-invalid=\"false\" value=\"\" type=\"email\" name=\"your-email\" \/><\/span> <\/label>\n<\/p>\n<p><label> Tu tel\u00e9fono (requerido)<br \/>\n<span class=\"wpcf7-form-control-wrap\" data-name=\"telefono01\"><input class=\"wpcf7-form-control wpcf7-number wpcf7-validates-as-number\" aria-invalid=\"false\" value=\"\" type=\"number\" name=\"telefono01\" \/><\/span><\/label>\n<\/p>\n<p><label> Asunto (requerido)<br \/>\n<span class=\"wpcf7-form-control-wrap\" data-name=\"textarea-132\"><textarea cols=\"40\" rows=\"10\" maxlength=\"2000\" class=\"wpcf7-form-control wpcf7-textarea\" aria-invalid=\"false\" name=\"textarea-132\"><\/textarea><\/span> <\/label>\n<\/p>\n<p><span class=\"wpcf7-form-control-wrap\" data-name=\"Politicadatospersonales\"><span class=\"wpcf7-form-control wpcf7-acceptance\"><span class=\"wpcf7-list-item\"><label><input type=\"checkbox\" name=\"Politicadatospersonales\" value=\"1\" aria-invalid=\"false\" \/><span class=\"wpcf7-list-item-label\">Acepto la <a href= \"http:\/\/www.agrocursos.es\/index.php\/politica-de-datos-de-caracter-personal\/\" target=\"_blank\"> Politica de datos de car\u00e1cter personal<\/a><\/span><\/label><\/span><\/span><\/span>\n<\/p>\n<p><input class=\"wpcf7-form-control wpcf7-submit has-spinner\" type=\"submit\" value=\"Enviar\" \/>\n<\/p><p style=\"display: none !important;\" class=\"akismet-fields-container\" data-prefix=\"_wpcf7_ak_\"><label>&#916;<textarea name=\"_wpcf7_ak_hp_textarea\" cols=\"45\" rows=\"8\" maxlength=\"100\"><\/textarea><\/label><input type=\"hidden\" id=\"ak_js_1\" name=\"_wpcf7_ak_js\" value=\"238\"\/><script>document.getElementById( \"ak_js_1\" ).setAttribute( \"value\", ( new Date() ).getTime() );<\/script><\/p><div class=\"wpcf7-response-output\" aria-hidden=\"true\"><\/div>\n<\/form>\n<\/div>\n<\/div>\n","protected":false},"excerpt":{"rendered":"<p>CURSO ONLINE: EXAMEN DEL CAZADOR EN CASTILLA LAMANCHA Caracter\u00edsticas del curso online Examen del Cazador en Castilla la Mancha Objetivos del curso. Esencialmente, obtener los conocimientos suficientes para superar el Examen del Cazador sin problemas. El examen es obligatorio para obtener la licencia de caza por primera vez. Temario: Parte te\u00f3rica 1. Legislaci\u00f3n cineg\u00e9tica de [&hellip;]<\/p>\n","protected":false},"author":1,"featured_media":154,"parent":0,"menu_order":0,"comment_status":"closed","ping_status":"closed","template":"","meta":{"footnotes":""},"class_list":["post-153","page","type-page","status-publish","has-post-thumbnail","czr-hentry"],"yoast_head":"<!-- This site is optimized with the Yoast SEO plugin v26.6 - https:\/\/yoast.com\/wordpress\/plugins\/seo\/ -->\n<title>EXAMEN DEL CAZADOR EN CASTILLA LA MANCHA - APIAC<\/title>\n<meta name=\"robots\" content=\"index, follow, max-snippet:-1, max-image-preview:large, max-video-preview:-1\" \/>\n<link rel=\"canonical\" href=\"http:\/\/www.agronomoscuenca.es\/index.php\/examen-del-cazador-en-castilla-la-mancha\/\" \/>\n<meta property=\"og:locale\" content=\"es_ES\" \/>\n<meta property=\"og:type\" content=\"article\" \/>\n<meta property=\"og:title\" content=\"EXAMEN DEL CAZADOR EN CASTILLA LA MANCHA - APIAC\" \/>\n<meta property=\"og:description\" content=\"CURSO ONLINE: EXAMEN DEL CAZADOR EN CASTILLA LAMANCHA Caracter\u00edsticas del curso online Examen del Cazador en Castilla la Mancha Objetivos del curso. Esencialmente, obtener los conocimientos suficientes para superar el Examen del Cazador sin problemas. El examen es obligatorio para obtener la licencia de caza por primera vez. Temario: Parte te\u00f3rica 1. Legislaci\u00f3n cineg\u00e9tica de [&hellip;]\" \/>\n<meta property=\"og:url\" content=\"http:\/\/www.agronomoscuenca.es\/index.php\/examen-del-cazador-en-castilla-la-mancha\/\" \/>\n<meta property=\"og:site_name\" content=\"APIAC\" \/>\n<meta property=\"article:modified_time\" content=\"2023-06-23T21:29:26+00:00\" \/>\n<meta property=\"og:image\" content=\"http:\/\/www.agronomoscuenca.es\/wp-content\/uploads\/2023\/06\/como-ensenar-a-cazar-a-tu-perro-7.jpg\" \/>\n\t<meta property=\"og:image:width\" content=\"763\" \/>\n\t<meta property=\"og:image:height\" content=\"558\" \/>\n\t<meta property=\"og:image:type\" content=\"image\/jpeg\" \/>\n<meta name=\"twitter:card\" content=\"summary_large_image\" \/>\n<meta name=\"twitter:label1\" content=\"Tiempo de lectura\" \/>\n\t<meta name=\"twitter:data1\" content=\"5 minutos\" \/>\n<script type=\"application\/ld+json\" class=\"yoast-schema-graph\">{\"@context\":\"https:\/\/schema.org\",\"@graph\":[{\"@type\":\"WebPage\",\"@id\":\"http:\/\/www.agronomoscuenca.es\/index.php\/examen-del-cazador-en-castilla-la-mancha\/\",\"url\":\"http:\/\/www.agronomoscuenca.es\/index.php\/examen-del-cazador-en-castilla-la-mancha\/\",\"name\":\"EXAMEN DEL CAZADOR EN CASTILLA LA MANCHA - APIAC\",\"isPartOf\":{\"@id\":\"https:\/\/www.agronomoscuenca.es\/#website\"},\"primaryImageOfPage\":{\"@id\":\"http:\/\/www.agronomoscuenca.es\/index.php\/examen-del-cazador-en-castilla-la-mancha\/#primaryimage\"},\"image\":{\"@id\":\"http:\/\/www.agronomoscuenca.es\/index.php\/examen-del-cazador-en-castilla-la-mancha\/#primaryimage\"},\"thumbnailUrl\":\"https:\/\/www.agronomoscuenca.es\/wp-content\/uploads\/2023\/06\/como-ensenar-a-cazar-a-tu-perro-7.jpg\",\"datePublished\":\"2023-06-22T22:26:44+00:00\",\"dateModified\":\"2023-06-23T21:29:26+00:00\",\"breadcrumb\":{\"@id\":\"http:\/\/www.agronomoscuenca.es\/index.php\/examen-del-cazador-en-castilla-la-mancha\/#breadcrumb\"},\"inLanguage\":\"es\",\"potentialAction\":[{\"@type\":\"ReadAction\",\"target\":[\"http:\/\/www.agronomoscuenca.es\/index.php\/examen-del-cazador-en-castilla-la-mancha\/\"]}]},{\"@type\":\"ImageObject\",\"inLanguage\":\"es\",\"@id\":\"http:\/\/www.agronomoscuenca.es\/index.php\/examen-del-cazador-en-castilla-la-mancha\/#primaryimage\",\"url\":\"https:\/\/www.agronomoscuenca.es\/wp-content\/uploads\/2023\/06\/como-ensenar-a-cazar-a-tu-perro-7.jpg\",\"contentUrl\":\"https:\/\/www.agronomoscuenca.es\/wp-content\/uploads\/2023\/06\/como-ensenar-a-cazar-a-tu-perro-7.jpg\",\"width\":763,\"height\":558},{\"@type\":\"BreadcrumbList\",\"@id\":\"http:\/\/www.agronomoscuenca.es\/index.php\/examen-del-cazador-en-castilla-la-mancha\/#breadcrumb\",\"itemListElement\":[{\"@type\":\"ListItem\",\"position\":1,\"name\":\"Portada\",\"item\":\"https:\/\/www.agronomoscuenca.es\/\"},{\"@type\":\"ListItem\",\"position\":2,\"name\":\"EXAMEN DEL CAZADOR EN CASTILLA LA MANCHA\"}]},{\"@type\":\"WebSite\",\"@id\":\"https:\/\/www.agronomoscuenca.es\/#website\",\"url\":\"https:\/\/www.agronomoscuenca.es\/\",\"name\":\"APIAC\",\"description\":\"Asociaci\u00f3n Profesional de Ingenieros Agronomos\",\"publisher\":{\"@id\":\"https:\/\/www.agronomoscuenca.es\/#organization\"},\"potentialAction\":[{\"@type\":\"SearchAction\",\"target\":{\"@type\":\"EntryPoint\",\"urlTemplate\":\"https:\/\/www.agronomoscuenca.es\/?s={search_term_string}\"},\"query-input\":{\"@type\":\"PropertyValueSpecification\",\"valueRequired\":true,\"valueName\":\"search_term_string\"}}],\"inLanguage\":\"es\"},{\"@type\":\"Organization\",\"@id\":\"https:\/\/www.agronomoscuenca.es\/#organization\",\"name\":\"APIAC\",\"url\":\"https:\/\/www.agronomoscuenca.es\/\",\"logo\":{\"@type\":\"ImageObject\",\"inLanguage\":\"es\",\"@id\":\"https:\/\/www.agronomoscuenca.es\/#\/schema\/logo\/image\/\",\"url\":\"https:\/\/www.agronomoscuenca.es\/wp-content\/uploads\/2023\/06\/cropped-logo-apiac-800x470-1.jpg\",\"contentUrl\":\"https:\/\/www.agronomoscuenca.es\/wp-content\/uploads\/2023\/06\/cropped-logo-apiac-800x470-1.jpg\",\"width\":800,\"height\":419,\"caption\":\"APIAC\"},\"image\":{\"@id\":\"https:\/\/www.agronomoscuenca.es\/#\/schema\/logo\/image\/\"}}]}<\/script>\n<!-- \/ Yoast SEO plugin. -->","yoast_head_json":{"title":"EXAMEN DEL CAZADOR EN CASTILLA LA MANCHA - APIAC","robots":{"index":"index","follow":"follow","max-snippet":"max-snippet:-1","max-image-preview":"max-image-preview:large","max-video-preview":"max-video-preview:-1"},"canonical":"http:\/\/www.agronomoscuenca.es\/index.php\/examen-del-cazador-en-castilla-la-mancha\/","og_locale":"es_ES","og_type":"article","og_title":"EXAMEN DEL CAZADOR EN CASTILLA LA MANCHA - APIAC","og_description":"CURSO ONLINE: EXAMEN DEL CAZADOR EN CASTILLA LAMANCHA Caracter\u00edsticas del curso online Examen del Cazador en Castilla la Mancha Objetivos del curso. Esencialmente, obtener los conocimientos suficientes para superar el Examen del Cazador sin problemas. El examen es obligatorio para obtener la licencia de caza por primera vez. Temario: Parte te\u00f3rica 1. Legislaci\u00f3n cineg\u00e9tica de [&hellip;]","og_url":"http:\/\/www.agronomoscuenca.es\/index.php\/examen-del-cazador-en-castilla-la-mancha\/","og_site_name":"APIAC","article_modified_time":"2023-06-23T21:29:26+00:00","og_image":[{"width":763,"height":558,"url":"http:\/\/www.agronomoscuenca.es\/wp-content\/uploads\/2023\/06\/como-ensenar-a-cazar-a-tu-perro-7.jpg","type":"image\/jpeg"}],"twitter_card":"summary_large_image","twitter_misc":{"Tiempo de lectura":"5 minutos"},"schema":{"@context":"https:\/\/schema.org","@graph":[{"@type":"WebPage","@id":"http:\/\/www.agronomoscuenca.es\/index.php\/examen-del-cazador-en-castilla-la-mancha\/","url":"http:\/\/www.agronomoscuenca.es\/index.php\/examen-del-cazador-en-castilla-la-mancha\/","name":"EXAMEN DEL CAZADOR EN CASTILLA LA MANCHA - APIAC","isPartOf":{"@id":"https:\/\/www.agronomoscuenca.es\/#website"},"primaryImageOfPage":{"@id":"http:\/\/www.agronomoscuenca.es\/index.php\/examen-del-cazador-en-castilla-la-mancha\/#primaryimage"},"image":{"@id":"http:\/\/www.agronomoscuenca.es\/index.php\/examen-del-cazador-en-castilla-la-mancha\/#primaryimage"},"thumbnailUrl":"https:\/\/www.agronomoscuenca.es\/wp-content\/uploads\/2023\/06\/como-ensenar-a-cazar-a-tu-perro-7.jpg","datePublished":"2023-06-22T22:26:44+00:00","dateModified":"2023-06-23T21:29:26+00:00","breadcrumb":{"@id":"http:\/\/www.agronomoscuenca.es\/index.php\/examen-del-cazador-en-castilla-la-mancha\/#breadcrumb"},"inLanguage":"es","potentialAction":[{"@type":"ReadAction","target":["http:\/\/www.agronomoscuenca.es\/index.php\/examen-del-cazador-en-castilla-la-mancha\/"]}]},{"@type":"ImageObject","inLanguage":"es","@id":"http:\/\/www.agronomoscuenca.es\/index.php\/examen-del-cazador-en-castilla-la-mancha\/#primaryimage","url":"https:\/\/www.agronomoscuenca.es\/wp-content\/uploads\/2023\/06\/como-ensenar-a-cazar-a-tu-perro-7.jpg","contentUrl":"https:\/\/www.agronomoscuenca.es\/wp-content\/uploads\/2023\/06\/como-ensenar-a-cazar-a-tu-perro-7.jpg","width":763,"height":558},{"@type":"BreadcrumbList","@id":"http:\/\/www.agronomoscuenca.es\/index.php\/examen-del-cazador-en-castilla-la-mancha\/#breadcrumb","itemListElement":[{"@type":"ListItem","position":1,"name":"Portada","item":"https:\/\/www.agronomoscuenca.es\/"},{"@type":"ListItem","position":2,"name":"EXAMEN DEL CAZADOR EN CASTILLA LA MANCHA"}]},{"@type":"WebSite","@id":"https:\/\/www.agronomoscuenca.es\/#website","url":"https:\/\/www.agronomoscuenca.es\/","name":"APIAC","description":"Asociaci\u00f3n Profesional de Ingenieros Agronomos","publisher":{"@id":"https:\/\/www.agronomoscuenca.es\/#organization"},"potentialAction":[{"@type":"SearchAction","target":{"@type":"EntryPoint","urlTemplate":"https:\/\/www.agronomoscuenca.es\/?s={search_term_string}"},"query-input":{"@type":"PropertyValueSpecification","valueRequired":true,"valueName":"search_term_string"}}],"inLanguage":"es"},{"@type":"Organization","@id":"https:\/\/www.agronomoscuenca.es\/#organization","name":"APIAC","url":"https:\/\/www.agronomoscuenca.es\/","logo":{"@type":"ImageObject","inLanguage":"es","@id":"https:\/\/www.agronomoscuenca.es\/#\/schema\/logo\/image\/","url":"https:\/\/www.agronomoscuenca.es\/wp-content\/uploads\/2023\/06\/cropped-logo-apiac-800x470-1.jpg","contentUrl":"https:\/\/www.agronomoscuenca.es\/wp-content\/uploads\/2023\/06\/cropped-logo-apiac-800x470-1.jpg","width":800,"height":419,"caption":"APIAC"},"image":{"@id":"https:\/\/www.agronomoscuenca.es\/#\/schema\/logo\/image\/"}}]}},"jetpack_sharing_enabled":true,"_links":{"self":[{"href":"https:\/\/www.agronomoscuenca.es\/index.php\/wp-json\/wp\/v2\/pages\/153","targetHints":{"allow":["GET"]}}],"collection":[{"href":"https:\/\/www.agronomoscuenca.es\/index.php\/wp-json\/wp\/v2\/pages"}],"about":[{"href":"https:\/\/www.agronomoscuenca.es\/index.php\/wp-json\/wp\/v2\/types\/page"}],"author":[{"embeddable":true,"href":"https:\/\/www.agronomoscuenca.es\/index.php\/wp-json\/wp\/v2\/users\/1"}],"replies":[{"embeddable":true,"href":"https:\/\/www.agronomoscuenca.es\/index.php\/wp-json\/wp\/v2\/comments?post=153"}],"version-history":[{"count":2,"href":"https:\/\/www.agronomoscuenca.es\/index.php\/wp-json\/wp\/v2\/pages\/153\/revisions"}],"predecessor-version":[{"id":185,"href":"https:\/\/www.agronomoscuenca.es\/index.php\/wp-json\/wp\/v2\/pages\/153\/revisions\/185"}],"wp:featuredmedia":[{"embeddable":true,"href":"https:\/\/www.agronomoscuenca.es\/index.php\/wp-json\/wp\/v2\/media\/154"}],"wp:attachment":[{"href":"https:\/\/www.agronomoscuenca.es\/index.php\/wp-json\/wp\/v2\/media?parent=153"}],"curies":[{"name":"wp","href":"https:\/\/api.w.org\/{rel}","templated":true}]}}