{"id":150,"date":"2023-06-22T22:16:53","date_gmt":"2023-06-22T22:16:53","guid":{"rendered":"http:\/\/www.agronomoscuenca.es\/?page_id=150"},"modified":"2026-01-02T17:33:42","modified_gmt":"2026-01-02T17:33:42","slug":"incorporacion-jovenes-castilla-la-mancha","status":"publish","type":"page","link":"https:\/\/www.agronomoscuenca.es\/index.php\/incorporacion-jovenes-castilla-la-mancha\/","title":{"rendered":"Incorporaci\u00f3n j\u00f3venes Castilla la Mancha"},"content":{"rendered":"\n<p><a href=\"https:\/\/www.agrocursos.es\/wp-admin\/post.php?post=97&amp;action=edit\">EDITAR<\/a><\/p>\n\n\n\n<figure class=\"wp-block-image size-full is-resized\"><img loading=\"lazy\" decoding=\"async\" width=\"800\" height=\"600\" src=\"http:\/\/www.agronomoscuenca.es\/wp-content\/uploads\/2023\/06\/curso-incorporacion-horizontal-02.jpg\" alt=\"\" class=\"wp-image-151\" style=\"width:885px;height:664px\" srcset=\"https:\/\/www.agronomoscuenca.es\/wp-content\/uploads\/2023\/06\/curso-incorporacion-horizontal-02.jpg 800w, https:\/\/www.agronomoscuenca.es\/wp-content\/uploads\/2023\/06\/curso-incorporacion-horizontal-02-300x225.jpg 300w, https:\/\/www.agronomoscuenca.es\/wp-content\/uploads\/2023\/06\/curso-incorporacion-horizontal-02-768x576.jpg 768w\" sizes=\"auto, (max-width: 800px) 100vw, 800px\" \/><\/figure>\n\n\n\n<p>En el proceso de Incorporaci\u00f3n de J\u00f3venes a la actividad agraria es necesario disponer de un adecuado nivel de formaci\u00f3n.<strong><\/strong><\/p>\n\n\n\n<p>As\u00ed lo contempla en el \u00e1mbito de Castilla la Mancha la Orden 198\/2023, de la Consejer\u00eda de Agricultura, Medio Ambiente y Desarrollo Rural, por la que se establecen las bases reguladoras de las ayudas a la creaci\u00f3n de empresas por j\u00f3venes agricultores, apoyo a las inversiones en explotaciones agrarias y a determinadas inversiones en materia de regad\u00edo para la convocatoria de 2023.<\/p>\n\n\n\n<p>Para ser beneficiario de las ayudas, a los j\u00f3venes se les exige tener un nivel de capacitaci\u00f3n o formaci\u00f3n adecuado.<\/p>\n\n\n\n<h3 class=\"wp-block-heading\">Entidades formadoras<\/h3>\n\n\n\n<p>Esta formaci\u00f3n (curso de incorporaci\u00f3n) se ha venido impartiendo tradicionalmente por la propia Junta de Comunidades, sin embargo actualmente, dada la demanda de estos cursos de formaci\u00f3n, la propia Consejer\u00eda de Agricultura se ve desbordada para poder impartirlos adecuadamente.<strong><\/strong><\/p>\n\n\n\n<h3 class=\"wp-block-heading\">Formaci\u00f3n AGROCURSOS<\/h3>\n\n\n\n<p>Por ello, la Asociaci\u00f3n Profesional de Ingenieros Agr\u00f3nomos de Cuenca, se ha consolidado como entidad capaz de proporcionar esa formaci\u00f3n, tanto presencialmente como en formato online, mediante plataforma de formaci\u00f3n propia.<strong><\/strong><\/p>\n\n\n\n<p>Los asociados, al ser profesionales con dilatada experiencia en el mundo agrario y t\u00e9cnico, tienen sobrada capacidad para impartir esta formaci\u00f3n, disponiendo de personal con experiencia espec\u00edfica y contrastada en cada uno de los campos que incluye.<strong><\/strong><\/p>\n\n\n\n<h3 class=\"wp-block-heading\">Tutores<\/h3>\n\n\n\n<p>La mayor parte de los profesores son a su vez tutores de titulares de expedientes de incorporaci\u00f3n, por lo que conocen de primera mano las necesidades de los j\u00f3venes y adem\u00e1s mantienen un v\u00ednculo entre ellos que les permite posicionarse actualmente como el primer colectivo a nivel de formaci\u00f3n de este tipo en Castilla la Mancha.<\/p>\n\n\n\n<h2 class=\"wp-block-heading\">Plataforma de formaci\u00f3n online<\/h2>\n\n\n\n<figure class=\"wp-block-image\"><img decoding=\"async\" src=\"https:\/\/i0.wp.com\/www.agrocursos.es\/wp-content\/uploads\/2019\/12\/incorporacion-jovenes-castilla-la-mancha-moodle.jpg?resize=800%2C588\" alt=\"\" class=\"wp-image-99\"\/><\/figure>\n\n\n\n<p>Disponemos de una plataforma de formaci\u00f3n online concebida espec\u00edficamente para poder impartir este tipo de curso, con temarios adaptados&nbsp;a las particularidades de Castilla la Mancha.<\/p>\n\n\n\n<p>El curso tiene una duraci\u00f3n total de 150 horas y esta adaptado a la nueva Orden 198\/2023, distribuidas de la siguiente manera.<\/p>\n\n\n\n<h2 class=\"wp-block-heading\">CONOCIMIENTOS GENERALES EMPRESARIALES: 80 HORAS<\/h2>\n\n\n\n<h3 class=\"wp-block-heading\">MODULO DE GESTION EMPRESARIAL Y FISCALIDAD: 40 HORAS<\/h3>\n\n\n\n<p>Esta parte la tienen que realizar todos los alumnos y tiene una duraci\u00f3n de 40 horas lectivas divididas en 7 temas de teor\u00eda.<strong><\/strong><\/p>\n\n\n\n<p>Todos los temas contienen una autoevaluaci\u00f3n para reforzar los conocimientos adquiridos y un examen final que superaras f\u00e1cilmente para obtener el certificado de aprovechamiento.<strong><\/strong><\/p>\n\n\n\n<h3 class=\"wp-block-heading\">MODULO DE AYUDAS PUBLICAS Y SIGPAC: 20 HORAS<\/h3>\n\n\n\n<p>Esta parte la tienen que realizar todos los alumnos y tiene una duraci\u00f3n de 20 horas lectivas divididas en 5 temas de teor\u00eda.<strong><\/strong><\/p>\n\n\n\n<p><strong>Todos los temas contienen una autoevaluaci\u00f3n para reforzar los conocimientos adquiridos y un examen final que superaras f\u00e1cilmente para obtener el certificado de aprovechamiento.<\/strong><strong><\/strong><\/p>\n\n\n\n<h3 class=\"wp-block-heading\">MODULO DE COMERCIALIZACION AGRARIA Y TIC: 20 HORAS<\/h3>\n\n\n\n<p>Esta parte la tienen que realizar todos los alumnos y tiene una duraci\u00f3n de 20 horas lectivas divididas en 5 temas de teor\u00eda.<strong><\/strong><\/p>\n\n\n\n<p>Todos los temas contienen una autoevaluaci\u00f3n para reforzar los conocimientos adquiridos y un examen final que superaras f\u00e1cilmente para obtener el certificado de aprovechamiento.<strong><\/strong><\/p>\n\n\n\n<h2 class=\"wp-block-heading\">CONOCIMIENTOS SOBRE EL MEDIO AMBIENTE Y SOSTENIBILIDAD: 20 HORAS<\/h2>\n\n\n\n<h3 class=\"wp-block-heading\">MODULO DE AGRICULTURA Y MEDIO AMBIENTE: 20 HORAS<\/h3>\n\n\n\n<p>Esta parte la tienen que realizar todos los alumnos y tiene una duraci\u00f3n de 20 horas lectivas divididas en 6 temas de teor\u00eda.<strong><\/strong><\/p>\n\n\n\n<p>Todos los temas contienen una autoevaluaci\u00f3n para reforzar los conocimientos adquiridos y un examen final que superaras f\u00e1cilmente para obtener el certificado de aprovechamiento.<strong><\/strong><\/p>\n\n\n\n<h2 class=\"wp-block-heading\">PRODUCCION DE CULTIVOS:<\/h2>\n\n\n\n<h3 class=\"wp-block-heading\">CONOCIMIENTOS TECNICOS Y SECTORIALES A ELEGIR POR LA PERSONA INTERESADA: 50 HORAS<\/h3>\n\n\n\n<ul class=\"wp-block-list\">\n<li>Herb\u00e1ceos extensivos secano y de regad\u00edo<\/li>\n\n\n\n<li>Olivar<\/li>\n\n\n\n<li>Vi\u00f1a<\/li>\n\n\n\n<li>Frutos secos<\/li>\n\n\n\n<li>Frutales<\/li>\n\n\n\n<li>Arom\u00e1ticas<\/li>\n\n\n\n<li>Champi\u00f1\u00f3n y setas<\/li>\n<\/ul>\n\n\n\n<p>AGRICULTURA ECOLOGICA<\/p>\n\n\n\n<p>MEJORA DE LA EFICIENCIA DE RENDIMIENTO DE EXPLOTACIONES AGRICOLAS<\/p>\n\n\n\n<ul class=\"wp-block-list\">\n<li>Manejo de suelos<\/li>\n\n\n\n<li>Sanidad vegetal<\/li>\n\n\n\n<li>Fertilizaci\u00f3n<\/li>\n\n\n\n<li>Innovaci\u00f3n y eficiencia en mecanizaci\u00f3n<\/li>\n\n\n\n<li>Injerto y poda<\/li>\n<\/ul>\n\n\n\n<p>EFICIENCIA Y AHORRO EN AGUA DE REGADIO<\/p>\n\n\n\n<p>PRODUCCION GANADERA<\/p>\n\n\n\n<ol class=\"wp-block-list\">\n<li>OVINO-CAPRINO<\/li>\n\n\n\n<li>BOVINO EXTENSIVO<\/li>\n\n\n\n<li>APICULTURA<\/li>\n\n\n\n<li>AVICULTURA<\/li>\n\n\n\n<li>HELICICULTURA<\/li>\n\n\n\n<li>PORCINO<\/li>\n<\/ol>\n\n\n\n<p>MEJORA DE LA EFICIENCIA Y SOSTENIBILIDAD DE EXPLOTACIONES GANADERAS<\/p>\n\n\n\n<ol class=\"wp-block-list\">\n<li>REQUISITOS MEDIOAMBIENTALES DE EXPLOTACIONES GANADERAS<\/li>\n\n\n\n<li>PUESTA EN MARCHA DE EXPLOTACIONES GANADERAS: REGISTROS.<\/li>\n\n\n\n<li>CAMPA\u00d1AS DE SANEAMIENTO<\/li>\n\n\n\n<li>BIOSEGURIDAD<\/li>\n\n\n\n<li>BIENESTAR ANIMAL<\/li>\n<\/ol>\n\n\n\n<p>VISITAS A EXPLOTACIONES DE REFERENCIA Y CENTROS DE INVESTIGACION<strong><\/strong><\/p>\n\n\n\n<h1 class=\"wp-block-heading\">Plazo de matriculaci\u00f3n abierto<\/h1>\n\n\n\n<h1 class=\"wp-block-heading\">CONVOCATORIA 2026<\/h1>\n\n\n\n<h2 class=\"wp-block-heading\">Abierto el plazo de matriculaci\u00f3n: si lo necesitas, comienza hoy mismo (abierta esta semana la convocatoria)<\/h2>\n\n\n\n<div class=\"wp-block-contact-form-7-contact-form-selector\">\n<div class=\"wpcf7 no-js\" id=\"wpcf7-f177-o1\" lang=\"es-ES\" dir=\"ltr\" data-wpcf7-id=\"177\">\n<div class=\"screen-reader-response\"><p role=\"status\" aria-live=\"polite\" aria-atomic=\"true\"><\/p> <ul><\/ul><\/div>\n<form action=\"\/index.php\/wp-json\/wp\/v2\/pages\/150#wpcf7-f177-o1\" method=\"post\" class=\"wpcf7-form init\" aria-label=\"Formulario de contacto\" novalidate=\"novalidate\" data-status=\"init\">\n<fieldset class=\"hidden-fields-container\"><input type=\"hidden\" name=\"_wpcf7\" value=\"177\" \/><input type=\"hidden\" name=\"_wpcf7_version\" value=\"6.1.4\" \/><input type=\"hidden\" name=\"_wpcf7_locale\" value=\"es_ES\" \/><input type=\"hidden\" name=\"_wpcf7_unit_tag\" value=\"wpcf7-f177-o1\" \/><input type=\"hidden\" name=\"_wpcf7_container_post\" value=\"0\" \/><input type=\"hidden\" name=\"_wpcf7_posted_data_hash\" value=\"\" \/>\n<\/fieldset>\n<p><label> Nombre (requerido)<br \/>\n<span class=\"wpcf7-form-control-wrap\" data-name=\"nombre\"><input size=\"40\" maxlength=\"400\" class=\"wpcf7-form-control wpcf7-text wpcf7-validates-as-required\" aria-required=\"true\" aria-invalid=\"false\" value=\"\" type=\"text\" name=\"nombre\" \/><\/span> <\/label>\n<\/p>\n<p><label> Apellidos (requerido)<br \/>\n<span class=\"wpcf7-form-control-wrap\" data-name=\"apellidos\"><input size=\"40\" maxlength=\"400\" class=\"wpcf7-form-control wpcf7-text wpcf7-validates-as-required\" aria-required=\"true\" aria-invalid=\"false\" value=\"\" type=\"text\" name=\"apellidos\" \/><\/span> <\/label>\n<\/p>\n<p><label> DNI (requerido)<br \/>\n<span class=\"wpcf7-form-control-wrap\" data-name=\"dni\"><input size=\"40\" maxlength=\"400\" class=\"wpcf7-form-control wpcf7-text wpcf7-validates-as-required\" aria-required=\"true\" aria-invalid=\"false\" value=\"\" type=\"text\" name=\"dni\" \/><\/span> <\/label>\n<\/p>\n<p><label> Localidad (requerido)<br \/>\n<span class=\"wpcf7-form-control-wrap\" data-name=\"localidad\"><input size=\"40\" maxlength=\"400\" class=\"wpcf7-form-control wpcf7-text wpcf7-validates-as-required\" aria-required=\"true\" aria-invalid=\"false\" value=\"\" type=\"text\" name=\"localidad\" \/><\/span> <\/label>\n<\/p>\n<p><label> Provincia (requerido)<br \/>\n<span class=\"wpcf7-form-control-wrap\" data-name=\"provincia\"><input size=\"40\" maxlength=\"400\" class=\"wpcf7-form-control wpcf7-text wpcf7-validates-as-required\" aria-required=\"true\" aria-invalid=\"false\" value=\"\" type=\"text\" name=\"provincia\" \/><\/span> <\/label>\n<\/p>\n<p><label> Tu correo electr\u00f3nico (requerido)<br \/>\n<span class=\"wpcf7-form-control-wrap\" data-name=\"your-email\"><input size=\"40\" maxlength=\"400\" class=\"wpcf7-form-control wpcf7-email wpcf7-validates-as-required wpcf7-text wpcf7-validates-as-email\" aria-required=\"true\" aria-invalid=\"false\" value=\"\" type=\"email\" name=\"your-email\" \/><\/span> <\/label>\n<\/p>\n<p><label> Tu tel\u00e9fono (requerido)<br \/>\n<span class=\"wpcf7-form-control-wrap\" data-name=\"telefono01\"><input class=\"wpcf7-form-control wpcf7-number wpcf7-validates-as-number\" aria-invalid=\"false\" value=\"\" type=\"number\" name=\"telefono01\" \/><\/span><\/label>\n<\/p>\n<p><label> Asunto (requerido)<br \/>\n<span class=\"wpcf7-form-control-wrap\" data-name=\"textarea-132\"><textarea cols=\"40\" rows=\"10\" maxlength=\"2000\" class=\"wpcf7-form-control wpcf7-textarea\" aria-invalid=\"false\" name=\"textarea-132\"><\/textarea><\/span> <\/label>\n<\/p>\n<p><span class=\"wpcf7-form-control-wrap\" data-name=\"Politicadatospersonales\"><span class=\"wpcf7-form-control wpcf7-acceptance\"><span class=\"wpcf7-list-item\"><label><input type=\"checkbox\" name=\"Politicadatospersonales\" value=\"1\" aria-invalid=\"false\" \/><span class=\"wpcf7-list-item-label\">Acepto la <a href= \"http:\/\/www.agrocursos.es\/index.php\/politica-de-datos-de-caracter-personal\/\" target=\"_blank\"> Politica de datos de car\u00e1cter personal<\/a><\/span><\/label><\/span><\/span><\/span>\n<\/p>\n<p><input class=\"wpcf7-form-control wpcf7-submit has-spinner\" type=\"submit\" value=\"Enviar\" \/>\n<\/p><p style=\"display: none !important;\" class=\"akismet-fields-container\" data-prefix=\"_wpcf7_ak_\"><label>&#916;<textarea name=\"_wpcf7_ak_hp_textarea\" cols=\"45\" rows=\"8\" maxlength=\"100\"><\/textarea><\/label><input type=\"hidden\" id=\"ak_js_1\" name=\"_wpcf7_ak_js\" value=\"38\"\/><script>document.getElementById( \"ak_js_1\" ).setAttribute( \"value\", ( new Date() ).getTime() );<\/script><\/p><div class=\"wpcf7-response-output\" aria-hidden=\"true\"><\/div>\n<\/form>\n<\/div>\n<\/div>\n","protected":false},"excerpt":{"rendered":"<p>EDITAR En el proceso de Incorporaci\u00f3n de J\u00f3venes a la actividad agraria es necesario disponer de un adecuado nivel de formaci\u00f3n. As\u00ed lo contempla en el \u00e1mbito de Castilla la Mancha la Orden 198\/2023, de la Consejer\u00eda de Agricultura, Medio Ambiente y Desarrollo Rural, por la que se establecen las bases reguladoras de las ayudas [&hellip;]<\/p>\n","protected":false},"author":1,"featured_media":151,"parent":0,"menu_order":0,"comment_status":"closed","ping_status":"closed","template":"","meta":{"footnotes":""},"class_list":["post-150","page","type-page","status-publish","has-post-thumbnail","czr-hentry"],"yoast_head":"<!-- This site is optimized with the Yoast SEO plugin v26.6 - https:\/\/yoast.com\/wordpress\/plugins\/seo\/ -->\n<title>Incorporaci\u00f3n j\u00f3venes Castilla la Mancha - APIAC<\/title>\n<meta name=\"robots\" content=\"index, follow, max-snippet:-1, max-image-preview:large, max-video-preview:-1\" \/>\n<link rel=\"canonical\" href=\"https:\/\/www.agronomoscuenca.es\/index.php\/incorporacion-jovenes-castilla-la-mancha\/\" \/>\n<meta property=\"og:locale\" content=\"es_ES\" \/>\n<meta property=\"og:type\" content=\"article\" \/>\n<meta property=\"og:title\" content=\"Incorporaci\u00f3n j\u00f3venes Castilla la Mancha - APIAC\" \/>\n<meta property=\"og:description\" content=\"EDITAR En el proceso de Incorporaci\u00f3n de J\u00f3venes a la actividad agraria es necesario disponer de un adecuado nivel de formaci\u00f3n. As\u00ed lo contempla en el \u00e1mbito de Castilla la Mancha la Orden 198\/2023, de la Consejer\u00eda de Agricultura, Medio Ambiente y Desarrollo Rural, por la que se establecen las bases reguladoras de las ayudas [&hellip;]\" \/>\n<meta property=\"og:url\" content=\"https:\/\/www.agronomoscuenca.es\/index.php\/incorporacion-jovenes-castilla-la-mancha\/\" \/>\n<meta property=\"og:site_name\" content=\"APIAC\" \/>\n<meta property=\"article:modified_time\" content=\"2026-01-02T17:33:42+00:00\" \/>\n<meta property=\"og:image\" content=\"https:\/\/www.agronomoscuenca.es\/wp-content\/uploads\/2023\/06\/curso-incorporacion-horizontal-02.jpg\" \/>\n\t<meta property=\"og:image:width\" content=\"800\" \/>\n\t<meta property=\"og:image:height\" content=\"600\" \/>\n\t<meta property=\"og:image:type\" content=\"image\/jpeg\" \/>\n<meta name=\"twitter:card\" content=\"summary_large_image\" \/>\n<meta name=\"twitter:label1\" content=\"Tiempo de lectura\" \/>\n\t<meta name=\"twitter:data1\" content=\"4 minutos\" \/>\n<script type=\"application\/ld+json\" class=\"yoast-schema-graph\">{\"@context\":\"https:\/\/schema.org\",\"@graph\":[{\"@type\":\"WebPage\",\"@id\":\"https:\/\/www.agronomoscuenca.es\/index.php\/incorporacion-jovenes-castilla-la-mancha\/\",\"url\":\"https:\/\/www.agronomoscuenca.es\/index.php\/incorporacion-jovenes-castilla-la-mancha\/\",\"name\":\"Incorporaci\u00f3n j\u00f3venes Castilla la Mancha - APIAC\",\"isPartOf\":{\"@id\":\"https:\/\/www.agronomoscuenca.es\/#website\"},\"primaryImageOfPage\":{\"@id\":\"https:\/\/www.agronomoscuenca.es\/index.php\/incorporacion-jovenes-castilla-la-mancha\/#primaryimage\"},\"image\":{\"@id\":\"https:\/\/www.agronomoscuenca.es\/index.php\/incorporacion-jovenes-castilla-la-mancha\/#primaryimage\"},\"thumbnailUrl\":\"https:\/\/www.agronomoscuenca.es\/wp-content\/uploads\/2023\/06\/curso-incorporacion-horizontal-02.jpg\",\"datePublished\":\"2023-06-22T22:16:53+00:00\",\"dateModified\":\"2026-01-02T17:33:42+00:00\",\"breadcrumb\":{\"@id\":\"https:\/\/www.agronomoscuenca.es\/index.php\/incorporacion-jovenes-castilla-la-mancha\/#breadcrumb\"},\"inLanguage\":\"es\",\"potentialAction\":[{\"@type\":\"ReadAction\",\"target\":[\"https:\/\/www.agronomoscuenca.es\/index.php\/incorporacion-jovenes-castilla-la-mancha\/\"]}]},{\"@type\":\"ImageObject\",\"inLanguage\":\"es\",\"@id\":\"https:\/\/www.agronomoscuenca.es\/index.php\/incorporacion-jovenes-castilla-la-mancha\/#primaryimage\",\"url\":\"https:\/\/www.agronomoscuenca.es\/wp-content\/uploads\/2023\/06\/curso-incorporacion-horizontal-02.jpg\",\"contentUrl\":\"https:\/\/www.agronomoscuenca.es\/wp-content\/uploads\/2023\/06\/curso-incorporacion-horizontal-02.jpg\",\"width\":800,\"height\":600},{\"@type\":\"BreadcrumbList\",\"@id\":\"https:\/\/www.agronomoscuenca.es\/index.php\/incorporacion-jovenes-castilla-la-mancha\/#breadcrumb\",\"itemListElement\":[{\"@type\":\"ListItem\",\"position\":1,\"name\":\"Portada\",\"item\":\"https:\/\/www.agronomoscuenca.es\/\"},{\"@type\":\"ListItem\",\"position\":2,\"name\":\"Incorporaci\u00f3n j\u00f3venes Castilla la Mancha\"}]},{\"@type\":\"WebSite\",\"@id\":\"https:\/\/www.agronomoscuenca.es\/#website\",\"url\":\"https:\/\/www.agronomoscuenca.es\/\",\"name\":\"APIAC\",\"description\":\"Asociaci\u00f3n Profesional de Ingenieros Agronomos\",\"publisher\":{\"@id\":\"https:\/\/www.agronomoscuenca.es\/#organization\"},\"potentialAction\":[{\"@type\":\"SearchAction\",\"target\":{\"@type\":\"EntryPoint\",\"urlTemplate\":\"https:\/\/www.agronomoscuenca.es\/?s={search_term_string}\"},\"query-input\":{\"@type\":\"PropertyValueSpecification\",\"valueRequired\":true,\"valueName\":\"search_term_string\"}}],\"inLanguage\":\"es\"},{\"@type\":\"Organization\",\"@id\":\"https:\/\/www.agronomoscuenca.es\/#organization\",\"name\":\"APIAC\",\"url\":\"https:\/\/www.agronomoscuenca.es\/\",\"logo\":{\"@type\":\"ImageObject\",\"inLanguage\":\"es\",\"@id\":\"https:\/\/www.agronomoscuenca.es\/#\/schema\/logo\/image\/\",\"url\":\"https:\/\/www.agronomoscuenca.es\/wp-content\/uploads\/2023\/06\/cropped-logo-apiac-800x470-1.jpg\",\"contentUrl\":\"https:\/\/www.agronomoscuenca.es\/wp-content\/uploads\/2023\/06\/cropped-logo-apiac-800x470-1.jpg\",\"width\":800,\"height\":419,\"caption\":\"APIAC\"},\"image\":{\"@id\":\"https:\/\/www.agronomoscuenca.es\/#\/schema\/logo\/image\/\"}}]}<\/script>\n<!-- \/ Yoast SEO plugin. -->","yoast_head_json":{"title":"Incorporaci\u00f3n j\u00f3venes Castilla la Mancha - APIAC","robots":{"index":"index","follow":"follow","max-snippet":"max-snippet:-1","max-image-preview":"max-image-preview:large","max-video-preview":"max-video-preview:-1"},"canonical":"https:\/\/www.agronomoscuenca.es\/index.php\/incorporacion-jovenes-castilla-la-mancha\/","og_locale":"es_ES","og_type":"article","og_title":"Incorporaci\u00f3n j\u00f3venes Castilla la Mancha - APIAC","og_description":"EDITAR En el proceso de Incorporaci\u00f3n de J\u00f3venes a la actividad agraria es necesario disponer de un adecuado nivel de formaci\u00f3n. As\u00ed lo contempla en el \u00e1mbito de Castilla la Mancha la Orden 198\/2023, de la Consejer\u00eda de Agricultura, Medio Ambiente y Desarrollo Rural, por la que se establecen las bases reguladoras de las ayudas [&hellip;]","og_url":"https:\/\/www.agronomoscuenca.es\/index.php\/incorporacion-jovenes-castilla-la-mancha\/","og_site_name":"APIAC","article_modified_time":"2026-01-02T17:33:42+00:00","og_image":[{"width":800,"height":600,"url":"https:\/\/www.agronomoscuenca.es\/wp-content\/uploads\/2023\/06\/curso-incorporacion-horizontal-02.jpg","type":"image\/jpeg"}],"twitter_card":"summary_large_image","twitter_misc":{"Tiempo de lectura":"4 minutos"},"schema":{"@context":"https:\/\/schema.org","@graph":[{"@type":"WebPage","@id":"https:\/\/www.agronomoscuenca.es\/index.php\/incorporacion-jovenes-castilla-la-mancha\/","url":"https:\/\/www.agronomoscuenca.es\/index.php\/incorporacion-jovenes-castilla-la-mancha\/","name":"Incorporaci\u00f3n j\u00f3venes Castilla la Mancha - APIAC","isPartOf":{"@id":"https:\/\/www.agronomoscuenca.es\/#website"},"primaryImageOfPage":{"@id":"https:\/\/www.agronomoscuenca.es\/index.php\/incorporacion-jovenes-castilla-la-mancha\/#primaryimage"},"image":{"@id":"https:\/\/www.agronomoscuenca.es\/index.php\/incorporacion-jovenes-castilla-la-mancha\/#primaryimage"},"thumbnailUrl":"https:\/\/www.agronomoscuenca.es\/wp-content\/uploads\/2023\/06\/curso-incorporacion-horizontal-02.jpg","datePublished":"2023-06-22T22:16:53+00:00","dateModified":"2026-01-02T17:33:42+00:00","breadcrumb":{"@id":"https:\/\/www.agronomoscuenca.es\/index.php\/incorporacion-jovenes-castilla-la-mancha\/#breadcrumb"},"inLanguage":"es","potentialAction":[{"@type":"ReadAction","target":["https:\/\/www.agronomoscuenca.es\/index.php\/incorporacion-jovenes-castilla-la-mancha\/"]}]},{"@type":"ImageObject","inLanguage":"es","@id":"https:\/\/www.agronomoscuenca.es\/index.php\/incorporacion-jovenes-castilla-la-mancha\/#primaryimage","url":"https:\/\/www.agronomoscuenca.es\/wp-content\/uploads\/2023\/06\/curso-incorporacion-horizontal-02.jpg","contentUrl":"https:\/\/www.agronomoscuenca.es\/wp-content\/uploads\/2023\/06\/curso-incorporacion-horizontal-02.jpg","width":800,"height":600},{"@type":"BreadcrumbList","@id":"https:\/\/www.agronomoscuenca.es\/index.php\/incorporacion-jovenes-castilla-la-mancha\/#breadcrumb","itemListElement":[{"@type":"ListItem","position":1,"name":"Portada","item":"https:\/\/www.agronomoscuenca.es\/"},{"@type":"ListItem","position":2,"name":"Incorporaci\u00f3n j\u00f3venes Castilla la Mancha"}]},{"@type":"WebSite","@id":"https:\/\/www.agronomoscuenca.es\/#website","url":"https:\/\/www.agronomoscuenca.es\/","name":"APIAC","description":"Asociaci\u00f3n Profesional de Ingenieros Agronomos","publisher":{"@id":"https:\/\/www.agronomoscuenca.es\/#organization"},"potentialAction":[{"@type":"SearchAction","target":{"@type":"EntryPoint","urlTemplate":"https:\/\/www.agronomoscuenca.es\/?s={search_term_string}"},"query-input":{"@type":"PropertyValueSpecification","valueRequired":true,"valueName":"search_term_string"}}],"inLanguage":"es"},{"@type":"Organization","@id":"https:\/\/www.agronomoscuenca.es\/#organization","name":"APIAC","url":"https:\/\/www.agronomoscuenca.es\/","logo":{"@type":"ImageObject","inLanguage":"es","@id":"https:\/\/www.agronomoscuenca.es\/#\/schema\/logo\/image\/","url":"https:\/\/www.agronomoscuenca.es\/wp-content\/uploads\/2023\/06\/cropped-logo-apiac-800x470-1.jpg","contentUrl":"https:\/\/www.agronomoscuenca.es\/wp-content\/uploads\/2023\/06\/cropped-logo-apiac-800x470-1.jpg","width":800,"height":419,"caption":"APIAC"},"image":{"@id":"https:\/\/www.agronomoscuenca.es\/#\/schema\/logo\/image\/"}}]}},"jetpack_sharing_enabled":true,"_links":{"self":[{"href":"https:\/\/www.agronomoscuenca.es\/index.php\/wp-json\/wp\/v2\/pages\/150","targetHints":{"allow":["GET"]}}],"collection":[{"href":"https:\/\/www.agronomoscuenca.es\/index.php\/wp-json\/wp\/v2\/pages"}],"about":[{"href":"https:\/\/www.agronomoscuenca.es\/index.php\/wp-json\/wp\/v2\/types\/page"}],"author":[{"embeddable":true,"href":"https:\/\/www.agronomoscuenca.es\/index.php\/wp-json\/wp\/v2\/users\/1"}],"replies":[{"embeddable":true,"href":"https:\/\/www.agronomoscuenca.es\/index.php\/wp-json\/wp\/v2\/comments?post=150"}],"version-history":[{"count":4,"href":"https:\/\/www.agronomoscuenca.es\/index.php\/wp-json\/wp\/v2\/pages\/150\/revisions"}],"predecessor-version":[{"id":202,"href":"https:\/\/www.agronomoscuenca.es\/index.php\/wp-json\/wp\/v2\/pages\/150\/revisions\/202"}],"wp:featuredmedia":[{"embeddable":true,"href":"https:\/\/www.agronomoscuenca.es\/index.php\/wp-json\/wp\/v2\/media\/151"}],"wp:attachment":[{"href":"https:\/\/www.agronomoscuenca.es\/index.php\/wp-json\/wp\/v2\/media?parent=150"}],"curies":[{"name":"wp","href":"https:\/\/api.w.org\/{rel}","templated":true}]}}