{"id":142,"date":"2023-06-22T22:04:30","date_gmt":"2023-06-22T22:04:30","guid":{"rendered":"http:\/\/www.agronomoscuenca.es\/?page_id=142"},"modified":"2023-06-22T22:04:31","modified_gmt":"2023-06-22T22:04:31","slug":"evaluacion-de-impacto-ambiental","status":"publish","type":"page","link":"https:\/\/www.agronomoscuenca.es\/index.php\/evaluacion-de-impacto-ambiental\/","title":{"rendered":"EVALUACI\u00d3N DE IMPACTO AMBIENTAL"},"content":{"rendered":"\n<figure class=\"wp-block-image size-full is-resized\"><img loading=\"lazy\" decoding=\"async\" src=\"http:\/\/www.agronomoscuenca.es\/wp-content\/uploads\/2023\/06\/eai-apiac-01.jpg\" alt=\"\" class=\"wp-image-143\" width=\"884\" height=\"497\" srcset=\"https:\/\/www.agronomoscuenca.es\/wp-content\/uploads\/2023\/06\/eai-apiac-01.jpg 800w, https:\/\/www.agronomoscuenca.es\/wp-content\/uploads\/2023\/06\/eai-apiac-01-300x169.jpg 300w, https:\/\/www.agronomoscuenca.es\/wp-content\/uploads\/2023\/06\/eai-apiac-01-768x432.jpg 768w, https:\/\/www.agronomoscuenca.es\/wp-content\/uploads\/2023\/06\/eai-apiac-01-528x297.jpg 528w\" sizes=\"auto, (max-width: 884px) 100vw, 884px\" \/><\/figure>\n\n\n\n<p>Previo a la realizaci\u00f3n de cualquier proyecto o plan es necesario su sometimiento a un procedimiento de evaluaci\u00f3n ambiental para evaluar su incidencia en el medio ambiente, tanto en el medio natural, f\u00edsico como en el social. La normativa ambiental establece dos tipos de tramitaciones si se trata de proyectos o planes (ordenaci\u00f3n del territorio, regad\u00edos,\u2026). Y dentro de ellos se divide en dos procedimientos m\u00e1s o menos exhaustivos seg\u00fan la envergadura y tipo de proyecto.<\/p>\n\n\n\n<p>Los pasos que se han de seguir para llevar a cabo este procedimiento son:<\/p>\n\n\n\n<ul class=\"wp-block-list\">\n<li>Definici\u00f3n del proyecto o el plan y estudio detallado de todas sus vertientes, lo que permitir\u00e1 detectar posibles impactos posteriormente.<\/li>\n\n\n\n<li>Realizaci\u00f3n rigurosa del inventario ambiental: aguas, suelo, aire, medio natural y socio econom\u00eda.<\/li>\n\n\n\n<li>Selecci\u00f3n de los indicadores m\u00e1s adecuados que servir\u00e1n para determinar el verdadero impacto de la actuaci\u00f3n.<\/li>\n\n\n\n<li>Identificaci\u00f3n y valoraci\u00f3n de impactos. Es la fase principal del estudio.<\/li>\n\n\n\n<li>Propuesta de medidas correctoras y compensatorias si fuera necesario.<\/li>\n<\/ul>\n\n\n\n<p>Dentro de este procedimiento tienen lugar periodos de informaci\u00f3n p\u00fablica para que los interesados o afectados aporten sus sugerencias o alegaciones. Los miembros de APIAC tambi\u00e9n redactan informes que sirvan para respaldar t\u00e9cnicamente estas alegaciones.<\/p>\n","protected":false},"excerpt":{"rendered":"<p>Previo a la realizaci\u00f3n de cualquier proyecto o plan es necesario su sometimiento a un procedimiento de evaluaci\u00f3n ambiental para evaluar su incidencia en el medio ambiente, tanto en el medio natural, f\u00edsico como en el social. La normativa ambiental establece dos tipos de tramitaciones si se trata de proyectos o planes (ordenaci\u00f3n del territorio, [&hellip;]<\/p>\n","protected":false},"author":1,"featured_media":143,"parent":0,"menu_order":0,"comment_status":"closed","ping_status":"closed","template":"","meta":{"footnotes":""},"class_list":["post-142","page","type-page","status-publish","has-post-thumbnail","czr-hentry"],"yoast_head":"<!-- This site is optimized with the Yoast SEO plugin v26.6 - https:\/\/yoast.com\/wordpress\/plugins\/seo\/ -->\n<title>EVALUACI\u00d3N DE IMPACTO AMBIENTAL - APIAC<\/title>\n<meta name=\"robots\" content=\"index, follow, max-snippet:-1, max-image-preview:large, max-video-preview:-1\" \/>\n<link rel=\"canonical\" href=\"https:\/\/www.agronomoscuenca.es\/index.php\/evaluacion-de-impacto-ambiental\/\" \/>\n<meta property=\"og:locale\" content=\"es_ES\" \/>\n<meta property=\"og:type\" content=\"article\" \/>\n<meta property=\"og:title\" content=\"EVALUACI\u00d3N DE IMPACTO AMBIENTAL - APIAC\" \/>\n<meta property=\"og:description\" content=\"Previo a la realizaci\u00f3n de cualquier proyecto o plan es necesario su sometimiento a un procedimiento de evaluaci\u00f3n ambiental para evaluar su incidencia en el medio ambiente, tanto en el medio natural, f\u00edsico como en el social. La normativa ambiental establece dos tipos de tramitaciones si se trata de proyectos o planes (ordenaci\u00f3n del territorio, [&hellip;]\" \/>\n<meta property=\"og:url\" content=\"https:\/\/www.agronomoscuenca.es\/index.php\/evaluacion-de-impacto-ambiental\/\" \/>\n<meta property=\"og:site_name\" content=\"APIAC\" \/>\n<meta property=\"article:modified_time\" content=\"2023-06-22T22:04:31+00:00\" \/>\n<meta property=\"og:image\" content=\"https:\/\/www.agronomoscuenca.es\/wp-content\/uploads\/2023\/06\/eai-apiac-01.jpg\" \/>\n\t<meta property=\"og:image:width\" content=\"800\" \/>\n\t<meta property=\"og:image:height\" content=\"450\" \/>\n\t<meta property=\"og:image:type\" content=\"image\/jpeg\" \/>\n<meta name=\"twitter:card\" content=\"summary_large_image\" \/>\n<meta name=\"twitter:label1\" content=\"Tiempo de lectura\" \/>\n\t<meta name=\"twitter:data1\" content=\"1 minuto\" \/>\n<script type=\"application\/ld+json\" class=\"yoast-schema-graph\">{\"@context\":\"https:\/\/schema.org\",\"@graph\":[{\"@type\":\"WebPage\",\"@id\":\"https:\/\/www.agronomoscuenca.es\/index.php\/evaluacion-de-impacto-ambiental\/\",\"url\":\"https:\/\/www.agronomoscuenca.es\/index.php\/evaluacion-de-impacto-ambiental\/\",\"name\":\"EVALUACI\u00d3N DE IMPACTO AMBIENTAL - APIAC\",\"isPartOf\":{\"@id\":\"https:\/\/www.agronomoscuenca.es\/#website\"},\"primaryImageOfPage\":{\"@id\":\"https:\/\/www.agronomoscuenca.es\/index.php\/evaluacion-de-impacto-ambiental\/#primaryimage\"},\"image\":{\"@id\":\"https:\/\/www.agronomoscuenca.es\/index.php\/evaluacion-de-impacto-ambiental\/#primaryimage\"},\"thumbnailUrl\":\"https:\/\/www.agronomoscuenca.es\/wp-content\/uploads\/2023\/06\/eai-apiac-01.jpg\",\"datePublished\":\"2023-06-22T22:04:30+00:00\",\"dateModified\":\"2023-06-22T22:04:31+00:00\",\"breadcrumb\":{\"@id\":\"https:\/\/www.agronomoscuenca.es\/index.php\/evaluacion-de-impacto-ambiental\/#breadcrumb\"},\"inLanguage\":\"es\",\"potentialAction\":[{\"@type\":\"ReadAction\",\"target\":[\"https:\/\/www.agronomoscuenca.es\/index.php\/evaluacion-de-impacto-ambiental\/\"]}]},{\"@type\":\"ImageObject\",\"inLanguage\":\"es\",\"@id\":\"https:\/\/www.agronomoscuenca.es\/index.php\/evaluacion-de-impacto-ambiental\/#primaryimage\",\"url\":\"https:\/\/www.agronomoscuenca.es\/wp-content\/uploads\/2023\/06\/eai-apiac-01.jpg\",\"contentUrl\":\"https:\/\/www.agronomoscuenca.es\/wp-content\/uploads\/2023\/06\/eai-apiac-01.jpg\",\"width\":800,\"height\":450},{\"@type\":\"BreadcrumbList\",\"@id\":\"https:\/\/www.agronomoscuenca.es\/index.php\/evaluacion-de-impacto-ambiental\/#breadcrumb\",\"itemListElement\":[{\"@type\":\"ListItem\",\"position\":1,\"name\":\"Portada\",\"item\":\"https:\/\/www.agronomoscuenca.es\/\"},{\"@type\":\"ListItem\",\"position\":2,\"name\":\"EVALUACI\u00d3N DE IMPACTO AMBIENTAL\"}]},{\"@type\":\"WebSite\",\"@id\":\"https:\/\/www.agronomoscuenca.es\/#website\",\"url\":\"https:\/\/www.agronomoscuenca.es\/\",\"name\":\"APIAC\",\"description\":\"Asociaci\u00f3n Profesional de Ingenieros Agronomos\",\"publisher\":{\"@id\":\"https:\/\/www.agronomoscuenca.es\/#organization\"},\"potentialAction\":[{\"@type\":\"SearchAction\",\"target\":{\"@type\":\"EntryPoint\",\"urlTemplate\":\"https:\/\/www.agronomoscuenca.es\/?s={search_term_string}\"},\"query-input\":{\"@type\":\"PropertyValueSpecification\",\"valueRequired\":true,\"valueName\":\"search_term_string\"}}],\"inLanguage\":\"es\"},{\"@type\":\"Organization\",\"@id\":\"https:\/\/www.agronomoscuenca.es\/#organization\",\"name\":\"APIAC\",\"url\":\"https:\/\/www.agronomoscuenca.es\/\",\"logo\":{\"@type\":\"ImageObject\",\"inLanguage\":\"es\",\"@id\":\"https:\/\/www.agronomoscuenca.es\/#\/schema\/logo\/image\/\",\"url\":\"https:\/\/www.agronomoscuenca.es\/wp-content\/uploads\/2023\/06\/cropped-logo-apiac-800x470-1.jpg\",\"contentUrl\":\"https:\/\/www.agronomoscuenca.es\/wp-content\/uploads\/2023\/06\/cropped-logo-apiac-800x470-1.jpg\",\"width\":800,\"height\":419,\"caption\":\"APIAC\"},\"image\":{\"@id\":\"https:\/\/www.agronomoscuenca.es\/#\/schema\/logo\/image\/\"}}]}<\/script>\n<!-- \/ Yoast SEO plugin. -->","yoast_head_json":{"title":"EVALUACI\u00d3N DE IMPACTO AMBIENTAL - APIAC","robots":{"index":"index","follow":"follow","max-snippet":"max-snippet:-1","max-image-preview":"max-image-preview:large","max-video-preview":"max-video-preview:-1"},"canonical":"https:\/\/www.agronomoscuenca.es\/index.php\/evaluacion-de-impacto-ambiental\/","og_locale":"es_ES","og_type":"article","og_title":"EVALUACI\u00d3N DE IMPACTO AMBIENTAL - APIAC","og_description":"Previo a la realizaci\u00f3n de cualquier proyecto o plan es necesario su sometimiento a un procedimiento de evaluaci\u00f3n ambiental para evaluar su incidencia en el medio ambiente, tanto en el medio natural, f\u00edsico como en el social. La normativa ambiental establece dos tipos de tramitaciones si se trata de proyectos o planes (ordenaci\u00f3n del territorio, [&hellip;]","og_url":"https:\/\/www.agronomoscuenca.es\/index.php\/evaluacion-de-impacto-ambiental\/","og_site_name":"APIAC","article_modified_time":"2023-06-22T22:04:31+00:00","og_image":[{"width":800,"height":450,"url":"https:\/\/www.agronomoscuenca.es\/wp-content\/uploads\/2023\/06\/eai-apiac-01.jpg","type":"image\/jpeg"}],"twitter_card":"summary_large_image","twitter_misc":{"Tiempo de lectura":"1 minuto"},"schema":{"@context":"https:\/\/schema.org","@graph":[{"@type":"WebPage","@id":"https:\/\/www.agronomoscuenca.es\/index.php\/evaluacion-de-impacto-ambiental\/","url":"https:\/\/www.agronomoscuenca.es\/index.php\/evaluacion-de-impacto-ambiental\/","name":"EVALUACI\u00d3N DE IMPACTO AMBIENTAL - APIAC","isPartOf":{"@id":"https:\/\/www.agronomoscuenca.es\/#website"},"primaryImageOfPage":{"@id":"https:\/\/www.agronomoscuenca.es\/index.php\/evaluacion-de-impacto-ambiental\/#primaryimage"},"image":{"@id":"https:\/\/www.agronomoscuenca.es\/index.php\/evaluacion-de-impacto-ambiental\/#primaryimage"},"thumbnailUrl":"https:\/\/www.agronomoscuenca.es\/wp-content\/uploads\/2023\/06\/eai-apiac-01.jpg","datePublished":"2023-06-22T22:04:30+00:00","dateModified":"2023-06-22T22:04:31+00:00","breadcrumb":{"@id":"https:\/\/www.agronomoscuenca.es\/index.php\/evaluacion-de-impacto-ambiental\/#breadcrumb"},"inLanguage":"es","potentialAction":[{"@type":"ReadAction","target":["https:\/\/www.agronomoscuenca.es\/index.php\/evaluacion-de-impacto-ambiental\/"]}]},{"@type":"ImageObject","inLanguage":"es","@id":"https:\/\/www.agronomoscuenca.es\/index.php\/evaluacion-de-impacto-ambiental\/#primaryimage","url":"https:\/\/www.agronomoscuenca.es\/wp-content\/uploads\/2023\/06\/eai-apiac-01.jpg","contentUrl":"https:\/\/www.agronomoscuenca.es\/wp-content\/uploads\/2023\/06\/eai-apiac-01.jpg","width":800,"height":450},{"@type":"BreadcrumbList","@id":"https:\/\/www.agronomoscuenca.es\/index.php\/evaluacion-de-impacto-ambiental\/#breadcrumb","itemListElement":[{"@type":"ListItem","position":1,"name":"Portada","item":"https:\/\/www.agronomoscuenca.es\/"},{"@type":"ListItem","position":2,"name":"EVALUACI\u00d3N DE IMPACTO AMBIENTAL"}]},{"@type":"WebSite","@id":"https:\/\/www.agronomoscuenca.es\/#website","url":"https:\/\/www.agronomoscuenca.es\/","name":"APIAC","description":"Asociaci\u00f3n Profesional de Ingenieros Agronomos","publisher":{"@id":"https:\/\/www.agronomoscuenca.es\/#organization"},"potentialAction":[{"@type":"SearchAction","target":{"@type":"EntryPoint","urlTemplate":"https:\/\/www.agronomoscuenca.es\/?s={search_term_string}"},"query-input":{"@type":"PropertyValueSpecification","valueRequired":true,"valueName":"search_term_string"}}],"inLanguage":"es"},{"@type":"Organization","@id":"https:\/\/www.agronomoscuenca.es\/#organization","name":"APIAC","url":"https:\/\/www.agronomoscuenca.es\/","logo":{"@type":"ImageObject","inLanguage":"es","@id":"https:\/\/www.agronomoscuenca.es\/#\/schema\/logo\/image\/","url":"https:\/\/www.agronomoscuenca.es\/wp-content\/uploads\/2023\/06\/cropped-logo-apiac-800x470-1.jpg","contentUrl":"https:\/\/www.agronomoscuenca.es\/wp-content\/uploads\/2023\/06\/cropped-logo-apiac-800x470-1.jpg","width":800,"height":419,"caption":"APIAC"},"image":{"@id":"https:\/\/www.agronomoscuenca.es\/#\/schema\/logo\/image\/"}}]}},"jetpack_sharing_enabled":true,"_links":{"self":[{"href":"https:\/\/www.agronomoscuenca.es\/index.php\/wp-json\/wp\/v2\/pages\/142","targetHints":{"allow":["GET"]}}],"collection":[{"href":"https:\/\/www.agronomoscuenca.es\/index.php\/wp-json\/wp\/v2\/pages"}],"about":[{"href":"https:\/\/www.agronomoscuenca.es\/index.php\/wp-json\/wp\/v2\/types\/page"}],"author":[{"embeddable":true,"href":"https:\/\/www.agronomoscuenca.es\/index.php\/wp-json\/wp\/v2\/users\/1"}],"replies":[{"embeddable":true,"href":"https:\/\/www.agronomoscuenca.es\/index.php\/wp-json\/wp\/v2\/comments?post=142"}],"version-history":[{"count":1,"href":"https:\/\/www.agronomoscuenca.es\/index.php\/wp-json\/wp\/v2\/pages\/142\/revisions"}],"predecessor-version":[{"id":144,"href":"https:\/\/www.agronomoscuenca.es\/index.php\/wp-json\/wp\/v2\/pages\/142\/revisions\/144"}],"wp:featuredmedia":[{"embeddable":true,"href":"https:\/\/www.agronomoscuenca.es\/index.php\/wp-json\/wp\/v2\/media\/143"}],"wp:attachment":[{"href":"https:\/\/www.agronomoscuenca.es\/index.php\/wp-json\/wp\/v2\/media?parent=142"}],"curies":[{"name":"wp","href":"https:\/\/api.w.org\/{rel}","templated":true}]}}