{"id":138,"date":"2023-06-22T22:00:43","date_gmt":"2023-06-22T22:00:43","guid":{"rendered":"http:\/\/www.agronomoscuenca.es\/?page_id=138"},"modified":"2023-06-22T22:00:45","modified_gmt":"2023-06-22T22:00:45","slug":"binestar-animal-en-el-transporte","status":"publish","type":"page","link":"https:\/\/www.agronomoscuenca.es\/index.php\/binestar-animal-en-el-transporte\/","title":{"rendered":"BINESTAR ANIMAL EN EL TRANSPORTE"},"content":{"rendered":"\n<figure class=\"wp-block-image size-full is-resized\"><img loading=\"lazy\" decoding=\"async\" src=\"http:\/\/www.agronomoscuenca.es\/wp-content\/uploads\/2023\/06\/bienestar-animal-apiac.jpg\" alt=\"\" class=\"wp-image-139\" width=\"888\" height=\"385\" srcset=\"https:\/\/www.agronomoscuenca.es\/wp-content\/uploads\/2023\/06\/bienestar-animal-apiac.jpg 800w, https:\/\/www.agronomoscuenca.es\/wp-content\/uploads\/2023\/06\/bienestar-animal-apiac-300x130.jpg 300w, https:\/\/www.agronomoscuenca.es\/wp-content\/uploads\/2023\/06\/bienestar-animal-apiac-768x333.jpg 768w\" sizes=\"auto, (max-width: 888px) 100vw, 888px\" \/><\/figure>\n\n\n\n<p>El curso de Bienestar Animal en el transporte impartido por APIAC; le permitir\u00e1 adquirir los conocimientos necesarios para el transporte de animales dotando a los transportistas de animales vivos de los conocimientos necesarios para realizar correctamente esta labor y poder superar con \u00e9xito el examen para la obtenci\u00f3n del Certificado de Competencias de Bienestar Animal, v\u00e1lido para la Uni\u00f3n Europea.<\/p>\n\n\n\n<p>Dirigido a mozos, ganaderos y transportistas, para el cumplimiento de lo establecido en la siguiente legislaci\u00f3n:<\/p>\n\n\n\n<ul class=\"wp-block-list\">\n<li>Ley 8\/2003 de 24 de abril, General de Sanidad Animal.<\/li>\n\n\n\n<li>&nbsp;Ley 32\/2007, de 7 de noviembre, para el cuidado de animales, explotaci\u00f3n, transporte, experimentaci\u00f3n y sacrificio, en el territorio nacional.<\/li>\n\n\n\n<li>Reglamento (CE) 1\/2005, de la Uni\u00f3n Europea, que regula tanto las condiciones t\u00e9cnicas para transportar animales como autorizaciones, el registro, los documentos, el personal implicado en todo el proceso, los controles imprescindibles para el buen funcionamiento.<\/li>\n\n\n\n<li>Real Decreto 751\/2006, de 16 de junio, sobre la autorizaci\u00f3n y registro de transportistas y medios de transporte de animales por el que se crea el comit\u00e9 espa\u00f1ol de bienestar y protecci\u00f3n de los animales de producci\u00f3n.<\/li>\n<\/ul>\n\n\n\n<p>En este curso estudiar\u00e1s las leyes que deben de tenerse en cuenta en la actividad de transporte de animales centr\u00e1ndonos en los siguientes puntos:<\/p>\n\n\n\n<ul class=\"wp-block-list\">\n<li>Anatom\u00eda y fisiolog\u00eda de los animales, necesidades de alimento y agua, as\u00ed como el comportamiento y bienestar animal.<\/li>\n\n\n\n<li>Repercusiones del transporte de animales en su bienestar y sus productos. Incidencias y cuidados de emergencia durante el transporte.<\/li>\n\n\n\n<li>Criterios de seguridad para el personal que trabaja con animales. Aspectos ligados a la seguridad vial.<\/li>\n\n\n\n<li>Bienestar animal en el transporte. Normativa reguladora.<\/li>\n\n\n\n<li>Limpieza y desinfecci\u00f3n de los medios de transporte y contenedores. Seguridad en el trabajo.<\/li>\n\n\n\n<li>Documentaci\u00f3n necesaria para el transporte de animales vivos por carreteras.<\/li>\n<\/ul>\n","protected":false},"excerpt":{"rendered":"<p>El curso de Bienestar Animal en el transporte impartido por APIAC; le permitir\u00e1 adquirir los conocimientos necesarios para el transporte de animales dotando a los transportistas de animales vivos de los conocimientos necesarios para realizar correctamente esta labor y poder superar con \u00e9xito el examen para la obtenci\u00f3n del Certificado de Competencias de Bienestar Animal, [&hellip;]<\/p>\n","protected":false},"author":1,"featured_media":139,"parent":0,"menu_order":0,"comment_status":"closed","ping_status":"closed","template":"","meta":{"footnotes":""},"class_list":["post-138","page","type-page","status-publish","has-post-thumbnail","czr-hentry"],"yoast_head":"<!-- This site is optimized with the Yoast SEO plugin v26.6 - https:\/\/yoast.com\/wordpress\/plugins\/seo\/ -->\n<title>BINESTAR ANIMAL EN EL TRANSPORTE - APIAC<\/title>\n<meta name=\"robots\" content=\"index, follow, max-snippet:-1, max-image-preview:large, max-video-preview:-1\" \/>\n<link rel=\"canonical\" href=\"https:\/\/www.agronomoscuenca.es\/index.php\/binestar-animal-en-el-transporte\/\" \/>\n<meta property=\"og:locale\" content=\"es_ES\" \/>\n<meta property=\"og:type\" content=\"article\" \/>\n<meta property=\"og:title\" content=\"BINESTAR ANIMAL EN EL TRANSPORTE - APIAC\" \/>\n<meta property=\"og:description\" content=\"El curso de Bienestar Animal en el transporte impartido por APIAC; le permitir\u00e1 adquirir los conocimientos necesarios para el transporte de animales dotando a los transportistas de animales vivos de los conocimientos necesarios para realizar correctamente esta labor y poder superar con \u00e9xito el examen para la obtenci\u00f3n del Certificado de Competencias de Bienestar Animal, [&hellip;]\" \/>\n<meta property=\"og:url\" content=\"https:\/\/www.agronomoscuenca.es\/index.php\/binestar-animal-en-el-transporte\/\" \/>\n<meta property=\"og:site_name\" content=\"APIAC\" \/>\n<meta property=\"article:modified_time\" content=\"2023-06-22T22:00:45+00:00\" \/>\n<meta property=\"og:image\" content=\"https:\/\/www.agronomoscuenca.es\/wp-content\/uploads\/2023\/06\/bienestar-animal-apiac.jpg\" \/>\n\t<meta property=\"og:image:width\" content=\"800\" \/>\n\t<meta property=\"og:image:height\" content=\"347\" \/>\n\t<meta property=\"og:image:type\" content=\"image\/jpeg\" \/>\n<meta name=\"twitter:card\" content=\"summary_large_image\" \/>\n<meta name=\"twitter:label1\" content=\"Tiempo de lectura\" \/>\n\t<meta name=\"twitter:data1\" content=\"1 minuto\" \/>\n<script type=\"application\/ld+json\" class=\"yoast-schema-graph\">{\"@context\":\"https:\/\/schema.org\",\"@graph\":[{\"@type\":\"WebPage\",\"@id\":\"https:\/\/www.agronomoscuenca.es\/index.php\/binestar-animal-en-el-transporte\/\",\"url\":\"https:\/\/www.agronomoscuenca.es\/index.php\/binestar-animal-en-el-transporte\/\",\"name\":\"BINESTAR ANIMAL EN EL TRANSPORTE - APIAC\",\"isPartOf\":{\"@id\":\"https:\/\/www.agronomoscuenca.es\/#website\"},\"primaryImageOfPage\":{\"@id\":\"https:\/\/www.agronomoscuenca.es\/index.php\/binestar-animal-en-el-transporte\/#primaryimage\"},\"image\":{\"@id\":\"https:\/\/www.agronomoscuenca.es\/index.php\/binestar-animal-en-el-transporte\/#primaryimage\"},\"thumbnailUrl\":\"https:\/\/www.agronomoscuenca.es\/wp-content\/uploads\/2023\/06\/bienestar-animal-apiac.jpg\",\"datePublished\":\"2023-06-22T22:00:43+00:00\",\"dateModified\":\"2023-06-22T22:00:45+00:00\",\"breadcrumb\":{\"@id\":\"https:\/\/www.agronomoscuenca.es\/index.php\/binestar-animal-en-el-transporte\/#breadcrumb\"},\"inLanguage\":\"es\",\"potentialAction\":[{\"@type\":\"ReadAction\",\"target\":[\"https:\/\/www.agronomoscuenca.es\/index.php\/binestar-animal-en-el-transporte\/\"]}]},{\"@type\":\"ImageObject\",\"inLanguage\":\"es\",\"@id\":\"https:\/\/www.agronomoscuenca.es\/index.php\/binestar-animal-en-el-transporte\/#primaryimage\",\"url\":\"https:\/\/www.agronomoscuenca.es\/wp-content\/uploads\/2023\/06\/bienestar-animal-apiac.jpg\",\"contentUrl\":\"https:\/\/www.agronomoscuenca.es\/wp-content\/uploads\/2023\/06\/bienestar-animal-apiac.jpg\",\"width\":800,\"height\":347},{\"@type\":\"BreadcrumbList\",\"@id\":\"https:\/\/www.agronomoscuenca.es\/index.php\/binestar-animal-en-el-transporte\/#breadcrumb\",\"itemListElement\":[{\"@type\":\"ListItem\",\"position\":1,\"name\":\"Portada\",\"item\":\"https:\/\/www.agronomoscuenca.es\/\"},{\"@type\":\"ListItem\",\"position\":2,\"name\":\"BINESTAR ANIMAL EN EL TRANSPORTE\"}]},{\"@type\":\"WebSite\",\"@id\":\"https:\/\/www.agronomoscuenca.es\/#website\",\"url\":\"https:\/\/www.agronomoscuenca.es\/\",\"name\":\"APIAC\",\"description\":\"Asociaci\u00f3n Profesional de Ingenieros Agronomos\",\"publisher\":{\"@id\":\"https:\/\/www.agronomoscuenca.es\/#organization\"},\"potentialAction\":[{\"@type\":\"SearchAction\",\"target\":{\"@type\":\"EntryPoint\",\"urlTemplate\":\"https:\/\/www.agronomoscuenca.es\/?s={search_term_string}\"},\"query-input\":{\"@type\":\"PropertyValueSpecification\",\"valueRequired\":true,\"valueName\":\"search_term_string\"}}],\"inLanguage\":\"es\"},{\"@type\":\"Organization\",\"@id\":\"https:\/\/www.agronomoscuenca.es\/#organization\",\"name\":\"APIAC\",\"url\":\"https:\/\/www.agronomoscuenca.es\/\",\"logo\":{\"@type\":\"ImageObject\",\"inLanguage\":\"es\",\"@id\":\"https:\/\/www.agronomoscuenca.es\/#\/schema\/logo\/image\/\",\"url\":\"https:\/\/www.agronomoscuenca.es\/wp-content\/uploads\/2023\/06\/cropped-logo-apiac-800x470-1.jpg\",\"contentUrl\":\"https:\/\/www.agronomoscuenca.es\/wp-content\/uploads\/2023\/06\/cropped-logo-apiac-800x470-1.jpg\",\"width\":800,\"height\":419,\"caption\":\"APIAC\"},\"image\":{\"@id\":\"https:\/\/www.agronomoscuenca.es\/#\/schema\/logo\/image\/\"}}]}<\/script>\n<!-- \/ Yoast SEO plugin. -->","yoast_head_json":{"title":"BINESTAR ANIMAL EN EL TRANSPORTE - APIAC","robots":{"index":"index","follow":"follow","max-snippet":"max-snippet:-1","max-image-preview":"max-image-preview:large","max-video-preview":"max-video-preview:-1"},"canonical":"https:\/\/www.agronomoscuenca.es\/index.php\/binestar-animal-en-el-transporte\/","og_locale":"es_ES","og_type":"article","og_title":"BINESTAR ANIMAL EN EL TRANSPORTE - APIAC","og_description":"El curso de Bienestar Animal en el transporte impartido por APIAC; le permitir\u00e1 adquirir los conocimientos necesarios para el transporte de animales dotando a los transportistas de animales vivos de los conocimientos necesarios para realizar correctamente esta labor y poder superar con \u00e9xito el examen para la obtenci\u00f3n del Certificado de Competencias de Bienestar Animal, [&hellip;]","og_url":"https:\/\/www.agronomoscuenca.es\/index.php\/binestar-animal-en-el-transporte\/","og_site_name":"APIAC","article_modified_time":"2023-06-22T22:00:45+00:00","og_image":[{"width":800,"height":347,"url":"https:\/\/www.agronomoscuenca.es\/wp-content\/uploads\/2023\/06\/bienestar-animal-apiac.jpg","type":"image\/jpeg"}],"twitter_card":"summary_large_image","twitter_misc":{"Tiempo de lectura":"1 minuto"},"schema":{"@context":"https:\/\/schema.org","@graph":[{"@type":"WebPage","@id":"https:\/\/www.agronomoscuenca.es\/index.php\/binestar-animal-en-el-transporte\/","url":"https:\/\/www.agronomoscuenca.es\/index.php\/binestar-animal-en-el-transporte\/","name":"BINESTAR ANIMAL EN EL TRANSPORTE - APIAC","isPartOf":{"@id":"https:\/\/www.agronomoscuenca.es\/#website"},"primaryImageOfPage":{"@id":"https:\/\/www.agronomoscuenca.es\/index.php\/binestar-animal-en-el-transporte\/#primaryimage"},"image":{"@id":"https:\/\/www.agronomoscuenca.es\/index.php\/binestar-animal-en-el-transporte\/#primaryimage"},"thumbnailUrl":"https:\/\/www.agronomoscuenca.es\/wp-content\/uploads\/2023\/06\/bienestar-animal-apiac.jpg","datePublished":"2023-06-22T22:00:43+00:00","dateModified":"2023-06-22T22:00:45+00:00","breadcrumb":{"@id":"https:\/\/www.agronomoscuenca.es\/index.php\/binestar-animal-en-el-transporte\/#breadcrumb"},"inLanguage":"es","potentialAction":[{"@type":"ReadAction","target":["https:\/\/www.agronomoscuenca.es\/index.php\/binestar-animal-en-el-transporte\/"]}]},{"@type":"ImageObject","inLanguage":"es","@id":"https:\/\/www.agronomoscuenca.es\/index.php\/binestar-animal-en-el-transporte\/#primaryimage","url":"https:\/\/www.agronomoscuenca.es\/wp-content\/uploads\/2023\/06\/bienestar-animal-apiac.jpg","contentUrl":"https:\/\/www.agronomoscuenca.es\/wp-content\/uploads\/2023\/06\/bienestar-animal-apiac.jpg","width":800,"height":347},{"@type":"BreadcrumbList","@id":"https:\/\/www.agronomoscuenca.es\/index.php\/binestar-animal-en-el-transporte\/#breadcrumb","itemListElement":[{"@type":"ListItem","position":1,"name":"Portada","item":"https:\/\/www.agronomoscuenca.es\/"},{"@type":"ListItem","position":2,"name":"BINESTAR ANIMAL EN EL TRANSPORTE"}]},{"@type":"WebSite","@id":"https:\/\/www.agronomoscuenca.es\/#website","url":"https:\/\/www.agronomoscuenca.es\/","name":"APIAC","description":"Asociaci\u00f3n Profesional de Ingenieros Agronomos","publisher":{"@id":"https:\/\/www.agronomoscuenca.es\/#organization"},"potentialAction":[{"@type":"SearchAction","target":{"@type":"EntryPoint","urlTemplate":"https:\/\/www.agronomoscuenca.es\/?s={search_term_string}"},"query-input":{"@type":"PropertyValueSpecification","valueRequired":true,"valueName":"search_term_string"}}],"inLanguage":"es"},{"@type":"Organization","@id":"https:\/\/www.agronomoscuenca.es\/#organization","name":"APIAC","url":"https:\/\/www.agronomoscuenca.es\/","logo":{"@type":"ImageObject","inLanguage":"es","@id":"https:\/\/www.agronomoscuenca.es\/#\/schema\/logo\/image\/","url":"https:\/\/www.agronomoscuenca.es\/wp-content\/uploads\/2023\/06\/cropped-logo-apiac-800x470-1.jpg","contentUrl":"https:\/\/www.agronomoscuenca.es\/wp-content\/uploads\/2023\/06\/cropped-logo-apiac-800x470-1.jpg","width":800,"height":419,"caption":"APIAC"},"image":{"@id":"https:\/\/www.agronomoscuenca.es\/#\/schema\/logo\/image\/"}}]}},"jetpack_sharing_enabled":true,"_links":{"self":[{"href":"https:\/\/www.agronomoscuenca.es\/index.php\/wp-json\/wp\/v2\/pages\/138","targetHints":{"allow":["GET"]}}],"collection":[{"href":"https:\/\/www.agronomoscuenca.es\/index.php\/wp-json\/wp\/v2\/pages"}],"about":[{"href":"https:\/\/www.agronomoscuenca.es\/index.php\/wp-json\/wp\/v2\/types\/page"}],"author":[{"embeddable":true,"href":"https:\/\/www.agronomoscuenca.es\/index.php\/wp-json\/wp\/v2\/users\/1"}],"replies":[{"embeddable":true,"href":"https:\/\/www.agronomoscuenca.es\/index.php\/wp-json\/wp\/v2\/comments?post=138"}],"version-history":[{"count":1,"href":"https:\/\/www.agronomoscuenca.es\/index.php\/wp-json\/wp\/v2\/pages\/138\/revisions"}],"predecessor-version":[{"id":140,"href":"https:\/\/www.agronomoscuenca.es\/index.php\/wp-json\/wp\/v2\/pages\/138\/revisions\/140"}],"wp:featuredmedia":[{"embeddable":true,"href":"https:\/\/www.agronomoscuenca.es\/index.php\/wp-json\/wp\/v2\/media\/139"}],"wp:attachment":[{"href":"https:\/\/www.agronomoscuenca.es\/index.php\/wp-json\/wp\/v2\/media?parent=138"}],"curies":[{"name":"wp","href":"https:\/\/api.w.org\/{rel}","templated":true}]}}