{"id":129,"date":"2023-06-22T21:51:35","date_gmt":"2023-06-22T21:51:35","guid":{"rendered":"http:\/\/www.agronomoscuenca.es\/?page_id=129"},"modified":"2023-06-22T21:51:37","modified_gmt":"2023-06-22T21:51:37","slug":"seguridad-y-salud","status":"publish","type":"page","link":"https:\/\/www.agronomoscuenca.es\/index.php\/seguridad-y-salud\/","title":{"rendered":"SEGURIDAD Y SALUD"},"content":{"rendered":"\n<figure class=\"wp-block-image size-full\"><img loading=\"lazy\" decoding=\"async\" width=\"800\" height=\"437\" src=\"http:\/\/www.agronomoscuenca.es\/wp-content\/uploads\/2023\/06\/seguridad-y-salud-0-apiac.jpg\" alt=\"\" class=\"wp-image-130\" srcset=\"https:\/\/www.agronomoscuenca.es\/wp-content\/uploads\/2023\/06\/seguridad-y-salud-0-apiac.jpg 800w, https:\/\/www.agronomoscuenca.es\/wp-content\/uploads\/2023\/06\/seguridad-y-salud-0-apiac-300x164.jpg 300w, https:\/\/www.agronomoscuenca.es\/wp-content\/uploads\/2023\/06\/seguridad-y-salud-0-apiac-768x420.jpg 768w\" sizes=\"auto, (max-width: 800px) 100vw, 800px\" \/><\/figure>\n\n\n\n<p>El ingeniero agr\u00f3nomo es un t\u00e9cnico para la realizaci\u00f3n de labores de Coordinaci\u00f3n de Seguridad y Salud en todo tipo de obras, tanto durante la redacci\u00f3n del proyecto como en la ejecuci\u00f3n de la obra, as\u00ed como verificaci\u00f3n de cualquier documento para la realizaci\u00f3n de tr\u00e1mites, permisos, licencias que fuesen necesarios, para conseguir que tanto la obra como el proyecto se realicen en condiciones de seguridad y salud de acuerdo a la legislaci\u00f3n vigente.<\/p>\n\n\n\n<p>Por definici\u00f3n el ingeniero agr\u00f3nomo es el t\u00e9cnico integrado en la direcci\u00f3n facultativa designado por el promotor para llevar a cabo tareas que se mencionan en el PPT y deber\u00e1n cumplir las funciones establecidas en el art\u00edculo 9 y concordantes del Real Decreto 1627\/1997 de 24 de octubre, por el que se establecen las disposiciones m\u00ednimas en materia de Seguridad y Salud en las obras de construcci\u00f3n y en el resto de la normativa vigente.<\/p>\n\n\n\n<p>Las funciones contempladas en el RD 1627\/1997, para Coordinadores de Seguridad y Salud en las obras de construcci\u00f3n ser\u00e1n las siguientes:<\/p>\n\n\n\n<ul class=\"wp-block-list\">\n<li>Informar los planes de Seguridad y Salud presentados por los contratista de las obras y realizar\u00e1 las labores de comunicaci\u00f3n fijadas en el art. 19 del RD 1627\/1997, velando porque el adjudicatario de la obra presente el Plan de Seguridad y Salud dentro de los plazos, con car\u00e1cter previo al inicio de las mismas.<\/li>\n\n\n\n<li>Revisar y aprobar las modificaciones propuestas al Plan de Seguridad y Salud de la Obra, en funci\u00f3n del proceso de ejecuci\u00f3n de la obra, la evoluci\u00f3n de los trabajos y de las posibles incidencias o situaciones que hayan podido surgir.<\/li>\n\n\n\n<li>Coordinar la aplicaci\u00f3n de los principios generales de prevenci\u00f3n y seguridad que surja en el Plan de Seguridad y Salud.<\/li>\n\n\n\n<li>Visitar las obras con regularidad y adoptar las medidas necesarias para exigir al empresario contratita responsable de su ejecuci\u00f3n el cumplimiento de sus obligaciones en materia de seguridad y salud, emitiendo el informe correspondiente.<\/li>\n\n\n\n<li>Efectuar el correspondiente control documental al contratita de las abras asegurando la disponibilidad en el centro de trabajo de los documentos obligatorios establecidos por la normativa vigente (aviso previo, apertura del centro de trabajo, libro de incidencias, plan de seguridad y salud\u2026).<\/li>\n\n\n\n<li>Informar sobra las situaciones graves de riesgo inminente por inobservancia o incumplimiento detectados, al Director de Obra, Contratista, Inspecci\u00f3n de Trabajo y Seguridad Social, as\u00ed como a los representantes de los trabajadores.<\/li>\n\n\n\n<li>Todas las dem\u00e1s prestaciones que sean exigibles sobre seguridad y salud seg\u00fan el RD 1627\/1997, de 24 de octubre y los que con posterioridad sean aprobados.<\/li>\n<\/ul>\n\n\n\n<figure class=\"wp-block-image size-full\"><img loading=\"lazy\" decoding=\"async\" width=\"800\" height=\"399\" src=\"http:\/\/www.agronomoscuenca.es\/wp-content\/uploads\/2023\/06\/seguridad-y-salud-01-apiac.jpg\" alt=\"\" class=\"wp-image-131\" srcset=\"https:\/\/www.agronomoscuenca.es\/wp-content\/uploads\/2023\/06\/seguridad-y-salud-01-apiac.jpg 800w, https:\/\/www.agronomoscuenca.es\/wp-content\/uploads\/2023\/06\/seguridad-y-salud-01-apiac-300x150.jpg 300w, https:\/\/www.agronomoscuenca.es\/wp-content\/uploads\/2023\/06\/seguridad-y-salud-01-apiac-768x383.jpg 768w\" sizes=\"auto, (max-width: 800px) 100vw, 800px\" \/><\/figure>\n\n\n\n<p><\/p>\n","protected":false},"excerpt":{"rendered":"<p>El ingeniero agr\u00f3nomo es un t\u00e9cnico para la realizaci\u00f3n de labores de Coordinaci\u00f3n de Seguridad y Salud en todo tipo de obras, tanto durante la redacci\u00f3n del proyecto como en la ejecuci\u00f3n de la obra, as\u00ed como verificaci\u00f3n de cualquier documento para la realizaci\u00f3n de tr\u00e1mites, permisos, licencias que fuesen necesarios, para conseguir que tanto [&hellip;]<\/p>\n","protected":false},"author":1,"featured_media":0,"parent":0,"menu_order":0,"comment_status":"closed","ping_status":"closed","template":"","meta":{"footnotes":""},"class_list":["post-129","page","type-page","status-publish","czr-hentry"],"yoast_head":"<!-- This site is optimized with the Yoast SEO plugin v26.6 - https:\/\/yoast.com\/wordpress\/plugins\/seo\/ -->\n<title>SEGURIDAD Y SALUD - APIAC<\/title>\n<meta name=\"robots\" content=\"index, follow, max-snippet:-1, max-image-preview:large, max-video-preview:-1\" \/>\n<link rel=\"canonical\" href=\"https:\/\/www.agronomoscuenca.es\/index.php\/seguridad-y-salud\/\" \/>\n<meta property=\"og:locale\" content=\"es_ES\" \/>\n<meta property=\"og:type\" content=\"article\" \/>\n<meta property=\"og:title\" content=\"SEGURIDAD Y SALUD - APIAC\" \/>\n<meta property=\"og:description\" content=\"El ingeniero agr\u00f3nomo es un t\u00e9cnico para la realizaci\u00f3n de labores de Coordinaci\u00f3n de Seguridad y Salud en todo tipo de obras, tanto durante la redacci\u00f3n del proyecto como en la ejecuci\u00f3n de la obra, as\u00ed como verificaci\u00f3n de cualquier documento para la realizaci\u00f3n de tr\u00e1mites, permisos, licencias que fuesen necesarios, para conseguir que tanto [&hellip;]\" \/>\n<meta property=\"og:url\" content=\"https:\/\/www.agronomoscuenca.es\/index.php\/seguridad-y-salud\/\" \/>\n<meta property=\"og:site_name\" content=\"APIAC\" \/>\n<meta property=\"article:modified_time\" content=\"2023-06-22T21:51:37+00:00\" \/>\n<meta property=\"og:image\" content=\"http:\/\/www.agronomoscuenca.es\/wp-content\/uploads\/2023\/06\/seguridad-y-salud-0-apiac.jpg\" \/>\n<meta name=\"twitter:card\" content=\"summary_large_image\" \/>\n<meta name=\"twitter:label1\" content=\"Tiempo de lectura\" \/>\n\t<meta name=\"twitter:data1\" content=\"2 minutos\" \/>\n<script type=\"application\/ld+json\" class=\"yoast-schema-graph\">{\"@context\":\"https:\/\/schema.org\",\"@graph\":[{\"@type\":\"WebPage\",\"@id\":\"https:\/\/www.agronomoscuenca.es\/index.php\/seguridad-y-salud\/\",\"url\":\"https:\/\/www.agronomoscuenca.es\/index.php\/seguridad-y-salud\/\",\"name\":\"SEGURIDAD Y SALUD - APIAC\",\"isPartOf\":{\"@id\":\"https:\/\/www.agronomoscuenca.es\/#website\"},\"primaryImageOfPage\":{\"@id\":\"https:\/\/www.agronomoscuenca.es\/index.php\/seguridad-y-salud\/#primaryimage\"},\"image\":{\"@id\":\"https:\/\/www.agronomoscuenca.es\/index.php\/seguridad-y-salud\/#primaryimage\"},\"thumbnailUrl\":\"http:\/\/www.agronomoscuenca.es\/wp-content\/uploads\/2023\/06\/seguridad-y-salud-0-apiac.jpg\",\"datePublished\":\"2023-06-22T21:51:35+00:00\",\"dateModified\":\"2023-06-22T21:51:37+00:00\",\"breadcrumb\":{\"@id\":\"https:\/\/www.agronomoscuenca.es\/index.php\/seguridad-y-salud\/#breadcrumb\"},\"inLanguage\":\"es\",\"potentialAction\":[{\"@type\":\"ReadAction\",\"target\":[\"https:\/\/www.agronomoscuenca.es\/index.php\/seguridad-y-salud\/\"]}]},{\"@type\":\"ImageObject\",\"inLanguage\":\"es\",\"@id\":\"https:\/\/www.agronomoscuenca.es\/index.php\/seguridad-y-salud\/#primaryimage\",\"url\":\"http:\/\/www.agronomoscuenca.es\/wp-content\/uploads\/2023\/06\/seguridad-y-salud-0-apiac.jpg\",\"contentUrl\":\"http:\/\/www.agronomoscuenca.es\/wp-content\/uploads\/2023\/06\/seguridad-y-salud-0-apiac.jpg\"},{\"@type\":\"BreadcrumbList\",\"@id\":\"https:\/\/www.agronomoscuenca.es\/index.php\/seguridad-y-salud\/#breadcrumb\",\"itemListElement\":[{\"@type\":\"ListItem\",\"position\":1,\"name\":\"Portada\",\"item\":\"https:\/\/www.agronomoscuenca.es\/\"},{\"@type\":\"ListItem\",\"position\":2,\"name\":\"SEGURIDAD Y SALUD\"}]},{\"@type\":\"WebSite\",\"@id\":\"https:\/\/www.agronomoscuenca.es\/#website\",\"url\":\"https:\/\/www.agronomoscuenca.es\/\",\"name\":\"APIAC\",\"description\":\"Asociaci\u00f3n Profesional de Ingenieros Agronomos\",\"publisher\":{\"@id\":\"https:\/\/www.agronomoscuenca.es\/#organization\"},\"potentialAction\":[{\"@type\":\"SearchAction\",\"target\":{\"@type\":\"EntryPoint\",\"urlTemplate\":\"https:\/\/www.agronomoscuenca.es\/?s={search_term_string}\"},\"query-input\":{\"@type\":\"PropertyValueSpecification\",\"valueRequired\":true,\"valueName\":\"search_term_string\"}}],\"inLanguage\":\"es\"},{\"@type\":\"Organization\",\"@id\":\"https:\/\/www.agronomoscuenca.es\/#organization\",\"name\":\"APIAC\",\"url\":\"https:\/\/www.agronomoscuenca.es\/\",\"logo\":{\"@type\":\"ImageObject\",\"inLanguage\":\"es\",\"@id\":\"https:\/\/www.agronomoscuenca.es\/#\/schema\/logo\/image\/\",\"url\":\"https:\/\/www.agronomoscuenca.es\/wp-content\/uploads\/2023\/06\/cropped-logo-apiac-800x470-1.jpg\",\"contentUrl\":\"https:\/\/www.agronomoscuenca.es\/wp-content\/uploads\/2023\/06\/cropped-logo-apiac-800x470-1.jpg\",\"width\":800,\"height\":419,\"caption\":\"APIAC\"},\"image\":{\"@id\":\"https:\/\/www.agronomoscuenca.es\/#\/schema\/logo\/image\/\"}}]}<\/script>\n<!-- \/ Yoast SEO plugin. -->","yoast_head_json":{"title":"SEGURIDAD Y SALUD - APIAC","robots":{"index":"index","follow":"follow","max-snippet":"max-snippet:-1","max-image-preview":"max-image-preview:large","max-video-preview":"max-video-preview:-1"},"canonical":"https:\/\/www.agronomoscuenca.es\/index.php\/seguridad-y-salud\/","og_locale":"es_ES","og_type":"article","og_title":"SEGURIDAD Y SALUD - APIAC","og_description":"El ingeniero agr\u00f3nomo es un t\u00e9cnico para la realizaci\u00f3n de labores de Coordinaci\u00f3n de Seguridad y Salud en todo tipo de obras, tanto durante la redacci\u00f3n del proyecto como en la ejecuci\u00f3n de la obra, as\u00ed como verificaci\u00f3n de cualquier documento para la realizaci\u00f3n de tr\u00e1mites, permisos, licencias que fuesen necesarios, para conseguir que tanto [&hellip;]","og_url":"https:\/\/www.agronomoscuenca.es\/index.php\/seguridad-y-salud\/","og_site_name":"APIAC","article_modified_time":"2023-06-22T21:51:37+00:00","og_image":[{"url":"http:\/\/www.agronomoscuenca.es\/wp-content\/uploads\/2023\/06\/seguridad-y-salud-0-apiac.jpg","type":"","width":"","height":""}],"twitter_card":"summary_large_image","twitter_misc":{"Tiempo de lectura":"2 minutos"},"schema":{"@context":"https:\/\/schema.org","@graph":[{"@type":"WebPage","@id":"https:\/\/www.agronomoscuenca.es\/index.php\/seguridad-y-salud\/","url":"https:\/\/www.agronomoscuenca.es\/index.php\/seguridad-y-salud\/","name":"SEGURIDAD Y SALUD - APIAC","isPartOf":{"@id":"https:\/\/www.agronomoscuenca.es\/#website"},"primaryImageOfPage":{"@id":"https:\/\/www.agronomoscuenca.es\/index.php\/seguridad-y-salud\/#primaryimage"},"image":{"@id":"https:\/\/www.agronomoscuenca.es\/index.php\/seguridad-y-salud\/#primaryimage"},"thumbnailUrl":"http:\/\/www.agronomoscuenca.es\/wp-content\/uploads\/2023\/06\/seguridad-y-salud-0-apiac.jpg","datePublished":"2023-06-22T21:51:35+00:00","dateModified":"2023-06-22T21:51:37+00:00","breadcrumb":{"@id":"https:\/\/www.agronomoscuenca.es\/index.php\/seguridad-y-salud\/#breadcrumb"},"inLanguage":"es","potentialAction":[{"@type":"ReadAction","target":["https:\/\/www.agronomoscuenca.es\/index.php\/seguridad-y-salud\/"]}]},{"@type":"ImageObject","inLanguage":"es","@id":"https:\/\/www.agronomoscuenca.es\/index.php\/seguridad-y-salud\/#primaryimage","url":"http:\/\/www.agronomoscuenca.es\/wp-content\/uploads\/2023\/06\/seguridad-y-salud-0-apiac.jpg","contentUrl":"http:\/\/www.agronomoscuenca.es\/wp-content\/uploads\/2023\/06\/seguridad-y-salud-0-apiac.jpg"},{"@type":"BreadcrumbList","@id":"https:\/\/www.agronomoscuenca.es\/index.php\/seguridad-y-salud\/#breadcrumb","itemListElement":[{"@type":"ListItem","position":1,"name":"Portada","item":"https:\/\/www.agronomoscuenca.es\/"},{"@type":"ListItem","position":2,"name":"SEGURIDAD Y SALUD"}]},{"@type":"WebSite","@id":"https:\/\/www.agronomoscuenca.es\/#website","url":"https:\/\/www.agronomoscuenca.es\/","name":"APIAC","description":"Asociaci\u00f3n Profesional de Ingenieros Agronomos","publisher":{"@id":"https:\/\/www.agronomoscuenca.es\/#organization"},"potentialAction":[{"@type":"SearchAction","target":{"@type":"EntryPoint","urlTemplate":"https:\/\/www.agronomoscuenca.es\/?s={search_term_string}"},"query-input":{"@type":"PropertyValueSpecification","valueRequired":true,"valueName":"search_term_string"}}],"inLanguage":"es"},{"@type":"Organization","@id":"https:\/\/www.agronomoscuenca.es\/#organization","name":"APIAC","url":"https:\/\/www.agronomoscuenca.es\/","logo":{"@type":"ImageObject","inLanguage":"es","@id":"https:\/\/www.agronomoscuenca.es\/#\/schema\/logo\/image\/","url":"https:\/\/www.agronomoscuenca.es\/wp-content\/uploads\/2023\/06\/cropped-logo-apiac-800x470-1.jpg","contentUrl":"https:\/\/www.agronomoscuenca.es\/wp-content\/uploads\/2023\/06\/cropped-logo-apiac-800x470-1.jpg","width":800,"height":419,"caption":"APIAC"},"image":{"@id":"https:\/\/www.agronomoscuenca.es\/#\/schema\/logo\/image\/"}}]}},"jetpack_sharing_enabled":true,"_links":{"self":[{"href":"https:\/\/www.agronomoscuenca.es\/index.php\/wp-json\/wp\/v2\/pages\/129","targetHints":{"allow":["GET"]}}],"collection":[{"href":"https:\/\/www.agronomoscuenca.es\/index.php\/wp-json\/wp\/v2\/pages"}],"about":[{"href":"https:\/\/www.agronomoscuenca.es\/index.php\/wp-json\/wp\/v2\/types\/page"}],"author":[{"embeddable":true,"href":"https:\/\/www.agronomoscuenca.es\/index.php\/wp-json\/wp\/v2\/users\/1"}],"replies":[{"embeddable":true,"href":"https:\/\/www.agronomoscuenca.es\/index.php\/wp-json\/wp\/v2\/comments?post=129"}],"version-history":[{"count":1,"href":"https:\/\/www.agronomoscuenca.es\/index.php\/wp-json\/wp\/v2\/pages\/129\/revisions"}],"predecessor-version":[{"id":132,"href":"https:\/\/www.agronomoscuenca.es\/index.php\/wp-json\/wp\/v2\/pages\/129\/revisions\/132"}],"wp:attachment":[{"href":"https:\/\/www.agronomoscuenca.es\/index.php\/wp-json\/wp\/v2\/media?parent=129"}],"curies":[{"name":"wp","href":"https:\/\/api.w.org\/{rel}","templated":true}]}}