{"id":117,"date":"2023-06-22T21:40:19","date_gmt":"2023-06-22T21:40:19","guid":{"rendered":"http:\/\/www.agronomoscuenca.es\/?page_id=117"},"modified":"2023-06-22T21:42:04","modified_gmt":"2023-06-22T21:42:04","slug":"competencias-profesionales-del-ingeniero-agronomo","status":"publish","type":"page","link":"https:\/\/www.agronomoscuenca.es\/index.php\/competencias-profesionales-del-ingeniero-agronomo\/","title":{"rendered":"COMPETENCIAS PROFESIONALES DEL INGENIERO AGR\u00d3NOMO."},"content":{"rendered":"\n<p>El ingeniero agr\u00f3nomo debido a la naturaleza de los trabajos que realiza es un t\u00e9cnico multidisciplinar, lo que le hace un profesional v\u00e1lido para los siguientes campos:<\/p>\n\n\n\n<ul class=\"wp-block-list\">\n<li>Aguas y riego:<ul><li>Estudios hidrol\u00f3gicos.<\/li><\/ul><ul><li>Transformaciones a regad\u00edo.<\/li><\/ul>\n<ul class=\"wp-block-list\">\n<li>Utilizaci\u00f3n y tratamientos de aguas residuales.<\/li>\n<\/ul>\n<\/li>\n\n\n\n<li>Medio Ambiente:<ul><li>Evaluaciones de impacto ambiental de proyectos y programas.<\/li><\/ul><ul><li>Seguimiento ambiental y auditorias ambientales.<\/li><\/ul>\n<ul class=\"wp-block-list\">\n<li>Tratamiento y valorizaci\u00f3n de residuos.<\/li>\n<\/ul>\n<\/li>\n\n\n\n<li>Valoraciones y Tasaciones:<ul><li>De instalaciones agroindustriales.<\/li><\/ul><ul><li>De explotaciones agr\u00edcolas y ganaderas.<\/li><\/ul><ul><li>Fincas r\u00fasticas.<\/li><\/ul><ul><li>Expropiaciones.<\/li><\/ul>\n<ul class=\"wp-block-list\">\n<li>Todo tipo de da\u00f1os sobre cultivos (meteorolog\u00eda, cineg\u00e9ticos\u2026).<\/li>\n<\/ul>\n<\/li>\n\n\n\n<li>Direcci\u00f3n y gesti\u00f3n de explotaciones agr\u00edcolas y ganaderas:<ul><li>Estudios generales de fincas para la planificaci\u00f3n optima de cultivos.<\/li><\/ul><ul><li>Control de plagas.<\/li><\/ul>\n<ul class=\"wp-block-list\">\n<li>Dise\u00f1o y planificaci\u00f3n de la explotaci\u00f3n.<\/li>\n<\/ul>\n<\/li>\n<\/ul>\n\n\n\n<figure class=\"wp-block-image size-large\"><img loading=\"lazy\" decoding=\"async\" width=\"1024\" height=\"438\" src=\"http:\/\/www.agronomoscuenca.es\/wp-content\/uploads\/2023\/06\/04-competencias-ingeniero-agronomo-1024x438.jpg\" alt=\"\" class=\"wp-image-121\" srcset=\"https:\/\/www.agronomoscuenca.es\/wp-content\/uploads\/2023\/06\/04-competencias-ingeniero-agronomo-1024x438.jpg 1024w, https:\/\/www.agronomoscuenca.es\/wp-content\/uploads\/2023\/06\/04-competencias-ingeniero-agronomo-300x128.jpg 300w, https:\/\/www.agronomoscuenca.es\/wp-content\/uploads\/2023\/06\/04-competencias-ingeniero-agronomo-768x328.jpg 768w, https:\/\/www.agronomoscuenca.es\/wp-content\/uploads\/2023\/06\/04-competencias-ingeniero-agronomo.jpg 1170w\" sizes=\"auto, (max-width: 1024px) 100vw, 1024px\" \/><\/figure>\n\n\n\n<ul class=\"wp-block-list\">\n<li>Infraestructuras rurales:<ul><li>Jardiner\u00eda y paisajismo.<\/li><\/ul><ul><li>Levantamientos topogr\u00e1ficos, definici\u00f3n de superficie y linderos.<\/li><\/ul>\n<ul class=\"wp-block-list\">\n<li>Teledetecci\u00f3n.<\/li>\n<\/ul>\n<\/li>\n<\/ul>\n\n\n\n<figure class=\"wp-block-image size-large is-resized\"><img loading=\"lazy\" decoding=\"async\" src=\"http:\/\/www.agronomoscuenca.es\/wp-content\/uploads\/2023\/06\/01-competencias-ingeniero-agronomo-1024x438.jpg\" alt=\"\" class=\"wp-image-118\" width=\"884\" height=\"377\" srcset=\"https:\/\/www.agronomoscuenca.es\/wp-content\/uploads\/2023\/06\/01-competencias-ingeniero-agronomo-1024x438.jpg 1024w, https:\/\/www.agronomoscuenca.es\/wp-content\/uploads\/2023\/06\/01-competencias-ingeniero-agronomo-300x128.jpg 300w, https:\/\/www.agronomoscuenca.es\/wp-content\/uploads\/2023\/06\/01-competencias-ingeniero-agronomo-768x328.jpg 768w, https:\/\/www.agronomoscuenca.es\/wp-content\/uploads\/2023\/06\/01-competencias-ingeniero-agronomo.jpg 1170w\" sizes=\"auto, (max-width: 884px) 100vw, 884px\" \/><\/figure>\n\n\n\n<ul class=\"wp-block-list\">\n<li>Econom\u00edas agraria:<ul><li>Gesti\u00f3n de la empresa agraria.<\/li><\/ul><ul><li>Solicitud de subvenciones agr\u00edcolas (PAC, regad\u00edos\u2026).<\/li><\/ul><ul><li>Redacci\u00f3n de planes empresariales para la incorporaci\u00f3n de j\u00f3venes agricultores a la empresa agraria.<\/li><\/ul>\n<ul class=\"wp-block-list\">\n<li>Redacci\u00f3n de planes de mejora e inversi\u00f3n de explotaciones agr\u00edcolas y ganaderas.<\/li>\n<\/ul>\n<\/li>\n<\/ul>\n\n\n\n<ul class=\"wp-block-list\">\n<li>Ingenier\u00eda de proyectos:<ul><li>T\u00e9cnicas constructivas y de instalaciones.<\/li><\/ul><ul><li>Demolici\u00f3n de construcciones.<\/li><\/ul><ul><li>C\u00e1lculos estructurales (estructuras de madera, hormig\u00f3n armado y acero).<\/li><\/ul><ul><li>Proyectos de desarrollo rural.<\/li><\/ul><ul><li>Proyectos ambientales.<\/li><\/ul>\n<ul class=\"wp-block-list\">\n<li>Dise\u00f1o, proyecto, construcci\u00f3n y mantenimiento de campos de golf.<\/li>\n<\/ul>\n<\/li>\n\n\n\n<li>Industria agroalimentar\u00eda:<ul><li>Enolog\u00eda: bodegas para elaboraci\u00f3n de vinos y mostos.<\/li><\/ul><ul><li>Fabricaci\u00f3n de alcoholes: sidra, vinagre y cervecer\u00edas.<\/li><\/ul><ul><li>Centrales lecheras: derivados l\u00e1cteos y f\u00e1brica de quesos.<\/li><\/ul><ul><li>Mataderos: salas de despiece y elaboraci\u00f3n de embutidos.<\/li><\/ul><ul><li>Instalaciones de congelaci\u00f3n de alimentos y productos agr\u00edcolas.<\/li><\/ul><ul><li>F\u00e1bricas de harinas y derivados.<\/li><\/ul><ul><li>F\u00e1bricas de aguas y bebidas no alcoh\u00f3licas.<\/li><\/ul><ul><li>Industria de aceites y grasas (almazaras\u2026).<\/li><\/ul>\n<ul class=\"wp-block-list\">\n<li>Industrias de hongos y setas.<\/li>\n<\/ul>\n<\/li>\n\n\n\n<li>Energ\u00eda:<ul><li>Certificados de eficiencia energ\u00e9tica.<\/li><\/ul><ul><li>Sistemas de eficiencia energ\u00e9tica.<\/li><\/ul>\n<ul class=\"wp-block-list\">\n<li>Biocombustibles.<\/li>\n<\/ul>\n<\/li>\n<\/ul>\n\n\n\n<figure class=\"wp-block-image size-large\"><img loading=\"lazy\" decoding=\"async\" width=\"1024\" height=\"438\" src=\"http:\/\/www.agronomoscuenca.es\/wp-content\/uploads\/2023\/06\/03-competencias-ingeniero-agronomo-1024x438.jpg\" alt=\"\" class=\"wp-image-119\" srcset=\"https:\/\/www.agronomoscuenca.es\/wp-content\/uploads\/2023\/06\/03-competencias-ingeniero-agronomo-1024x438.jpg 1024w, https:\/\/www.agronomoscuenca.es\/wp-content\/uploads\/2023\/06\/03-competencias-ingeniero-agronomo-300x128.jpg 300w, https:\/\/www.agronomoscuenca.es\/wp-content\/uploads\/2023\/06\/03-competencias-ingeniero-agronomo-768x328.jpg 768w, https:\/\/www.agronomoscuenca.es\/wp-content\/uploads\/2023\/06\/03-competencias-ingeniero-agronomo.jpg 1170w\" sizes=\"auto, (max-width: 1024px) 100vw, 1024px\" \/><\/figure>\n\n\n\n<ul class=\"wp-block-list\">\n<li>Seguridad y Salud:<ul><li>Coordinador de seguridad y salud en fase de elaboraci\u00f3n y ejecuci\u00f3n de proyectos.<\/li><\/ul><ul><li>T\u00e9cnico de prevenci\u00f3n en riesgos laborales.<\/li><\/ul>\n<ul class=\"wp-block-list\">\n<li>Redacci\u00f3n de Planes de Seguridad y Salud.<\/li>\n<\/ul>\n<\/li>\n<\/ul>\n","protected":false},"excerpt":{"rendered":"<p>El ingeniero agr\u00f3nomo debido a la naturaleza de los trabajos que realiza es un t\u00e9cnico multidisciplinar, lo que le hace un profesional v\u00e1lido para los siguientes campos:<\/p>\n","protected":false},"author":1,"featured_media":118,"parent":0,"menu_order":0,"comment_status":"closed","ping_status":"closed","template":"","meta":{"footnotes":""},"class_list":["post-117","page","type-page","status-publish","has-post-thumbnail","czr-hentry"],"yoast_head":"<!-- This site is optimized with the Yoast SEO plugin v26.6 - https:\/\/yoast.com\/wordpress\/plugins\/seo\/ -->\n<title>COMPETENCIAS PROFESIONALES DEL INGENIERO AGR\u00d3NOMO. - APIAC<\/title>\n<meta name=\"robots\" content=\"index, follow, max-snippet:-1, max-image-preview:large, max-video-preview:-1\" \/>\n<link rel=\"canonical\" href=\"http:\/\/www.agronomoscuenca.es\/index.php\/competencias-profesionales-del-ingeniero-agronomo\/\" \/>\n<meta property=\"og:locale\" content=\"es_ES\" \/>\n<meta property=\"og:type\" content=\"article\" \/>\n<meta property=\"og:title\" content=\"COMPETENCIAS PROFESIONALES DEL INGENIERO AGR\u00d3NOMO. - APIAC\" \/>\n<meta property=\"og:description\" content=\"El ingeniero agr\u00f3nomo debido a la naturaleza de los trabajos que realiza es un t\u00e9cnico multidisciplinar, lo que le hace un profesional v\u00e1lido para los siguientes campos:\" \/>\n<meta property=\"og:url\" content=\"http:\/\/www.agronomoscuenca.es\/index.php\/competencias-profesionales-del-ingeniero-agronomo\/\" \/>\n<meta property=\"og:site_name\" content=\"APIAC\" \/>\n<meta property=\"article:modified_time\" content=\"2023-06-22T21:42:04+00:00\" \/>\n<meta property=\"og:image\" content=\"http:\/\/www.agronomoscuenca.es\/wp-content\/uploads\/2023\/06\/01-competencias-ingeniero-agronomo.jpg\" \/>\n\t<meta property=\"og:image:width\" content=\"1170\" \/>\n\t<meta property=\"og:image:height\" content=\"500\" \/>\n\t<meta property=\"og:image:type\" content=\"image\/jpeg\" \/>\n<meta name=\"twitter:card\" content=\"summary_large_image\" \/>\n<meta name=\"twitter:label1\" content=\"Tiempo de lectura\" \/>\n\t<meta name=\"twitter:data1\" content=\"2 minutos\" \/>\n<script type=\"application\/ld+json\" class=\"yoast-schema-graph\">{\"@context\":\"https:\/\/schema.org\",\"@graph\":[{\"@type\":\"WebPage\",\"@id\":\"http:\/\/www.agronomoscuenca.es\/index.php\/competencias-profesionales-del-ingeniero-agronomo\/\",\"url\":\"http:\/\/www.agronomoscuenca.es\/index.php\/competencias-profesionales-del-ingeniero-agronomo\/\",\"name\":\"COMPETENCIAS PROFESIONALES DEL INGENIERO AGR\u00d3NOMO. - APIAC\",\"isPartOf\":{\"@id\":\"https:\/\/www.agronomoscuenca.es\/#website\"},\"primaryImageOfPage\":{\"@id\":\"http:\/\/www.agronomoscuenca.es\/index.php\/competencias-profesionales-del-ingeniero-agronomo\/#primaryimage\"},\"image\":{\"@id\":\"http:\/\/www.agronomoscuenca.es\/index.php\/competencias-profesionales-del-ingeniero-agronomo\/#primaryimage\"},\"thumbnailUrl\":\"https:\/\/www.agronomoscuenca.es\/wp-content\/uploads\/2023\/06\/01-competencias-ingeniero-agronomo.jpg\",\"datePublished\":\"2023-06-22T21:40:19+00:00\",\"dateModified\":\"2023-06-22T21:42:04+00:00\",\"breadcrumb\":{\"@id\":\"http:\/\/www.agronomoscuenca.es\/index.php\/competencias-profesionales-del-ingeniero-agronomo\/#breadcrumb\"},\"inLanguage\":\"es\",\"potentialAction\":[{\"@type\":\"ReadAction\",\"target\":[\"http:\/\/www.agronomoscuenca.es\/index.php\/competencias-profesionales-del-ingeniero-agronomo\/\"]}]},{\"@type\":\"ImageObject\",\"inLanguage\":\"es\",\"@id\":\"http:\/\/www.agronomoscuenca.es\/index.php\/competencias-profesionales-del-ingeniero-agronomo\/#primaryimage\",\"url\":\"https:\/\/www.agronomoscuenca.es\/wp-content\/uploads\/2023\/06\/01-competencias-ingeniero-agronomo.jpg\",\"contentUrl\":\"https:\/\/www.agronomoscuenca.es\/wp-content\/uploads\/2023\/06\/01-competencias-ingeniero-agronomo.jpg\",\"width\":1170,\"height\":500},{\"@type\":\"BreadcrumbList\",\"@id\":\"http:\/\/www.agronomoscuenca.es\/index.php\/competencias-profesionales-del-ingeniero-agronomo\/#breadcrumb\",\"itemListElement\":[{\"@type\":\"ListItem\",\"position\":1,\"name\":\"Portada\",\"item\":\"https:\/\/www.agronomoscuenca.es\/\"},{\"@type\":\"ListItem\",\"position\":2,\"name\":\"COMPETENCIAS PROFESIONALES DEL INGENIERO AGR\u00d3NOMO.\"}]},{\"@type\":\"WebSite\",\"@id\":\"https:\/\/www.agronomoscuenca.es\/#website\",\"url\":\"https:\/\/www.agronomoscuenca.es\/\",\"name\":\"APIAC\",\"description\":\"Asociaci\u00f3n Profesional de Ingenieros Agronomos\",\"publisher\":{\"@id\":\"https:\/\/www.agronomoscuenca.es\/#organization\"},\"potentialAction\":[{\"@type\":\"SearchAction\",\"target\":{\"@type\":\"EntryPoint\",\"urlTemplate\":\"https:\/\/www.agronomoscuenca.es\/?s={search_term_string}\"},\"query-input\":{\"@type\":\"PropertyValueSpecification\",\"valueRequired\":true,\"valueName\":\"search_term_string\"}}],\"inLanguage\":\"es\"},{\"@type\":\"Organization\",\"@id\":\"https:\/\/www.agronomoscuenca.es\/#organization\",\"name\":\"APIAC\",\"url\":\"https:\/\/www.agronomoscuenca.es\/\",\"logo\":{\"@type\":\"ImageObject\",\"inLanguage\":\"es\",\"@id\":\"https:\/\/www.agronomoscuenca.es\/#\/schema\/logo\/image\/\",\"url\":\"https:\/\/www.agronomoscuenca.es\/wp-content\/uploads\/2023\/06\/cropped-logo-apiac-800x470-1.jpg\",\"contentUrl\":\"https:\/\/www.agronomoscuenca.es\/wp-content\/uploads\/2023\/06\/cropped-logo-apiac-800x470-1.jpg\",\"width\":800,\"height\":419,\"caption\":\"APIAC\"},\"image\":{\"@id\":\"https:\/\/www.agronomoscuenca.es\/#\/schema\/logo\/image\/\"}}]}<\/script>\n<!-- \/ Yoast SEO plugin. -->","yoast_head_json":{"title":"COMPETENCIAS PROFESIONALES DEL INGENIERO AGR\u00d3NOMO. - APIAC","robots":{"index":"index","follow":"follow","max-snippet":"max-snippet:-1","max-image-preview":"max-image-preview:large","max-video-preview":"max-video-preview:-1"},"canonical":"http:\/\/www.agronomoscuenca.es\/index.php\/competencias-profesionales-del-ingeniero-agronomo\/","og_locale":"es_ES","og_type":"article","og_title":"COMPETENCIAS PROFESIONALES DEL INGENIERO AGR\u00d3NOMO. - APIAC","og_description":"El ingeniero agr\u00f3nomo debido a la naturaleza de los trabajos que realiza es un t\u00e9cnico multidisciplinar, lo que le hace un profesional v\u00e1lido para los siguientes campos:","og_url":"http:\/\/www.agronomoscuenca.es\/index.php\/competencias-profesionales-del-ingeniero-agronomo\/","og_site_name":"APIAC","article_modified_time":"2023-06-22T21:42:04+00:00","og_image":[{"width":1170,"height":500,"url":"http:\/\/www.agronomoscuenca.es\/wp-content\/uploads\/2023\/06\/01-competencias-ingeniero-agronomo.jpg","type":"image\/jpeg"}],"twitter_card":"summary_large_image","twitter_misc":{"Tiempo de lectura":"2 minutos"},"schema":{"@context":"https:\/\/schema.org","@graph":[{"@type":"WebPage","@id":"http:\/\/www.agronomoscuenca.es\/index.php\/competencias-profesionales-del-ingeniero-agronomo\/","url":"http:\/\/www.agronomoscuenca.es\/index.php\/competencias-profesionales-del-ingeniero-agronomo\/","name":"COMPETENCIAS PROFESIONALES DEL INGENIERO AGR\u00d3NOMO. - APIAC","isPartOf":{"@id":"https:\/\/www.agronomoscuenca.es\/#website"},"primaryImageOfPage":{"@id":"http:\/\/www.agronomoscuenca.es\/index.php\/competencias-profesionales-del-ingeniero-agronomo\/#primaryimage"},"image":{"@id":"http:\/\/www.agronomoscuenca.es\/index.php\/competencias-profesionales-del-ingeniero-agronomo\/#primaryimage"},"thumbnailUrl":"https:\/\/www.agronomoscuenca.es\/wp-content\/uploads\/2023\/06\/01-competencias-ingeniero-agronomo.jpg","datePublished":"2023-06-22T21:40:19+00:00","dateModified":"2023-06-22T21:42:04+00:00","breadcrumb":{"@id":"http:\/\/www.agronomoscuenca.es\/index.php\/competencias-profesionales-del-ingeniero-agronomo\/#breadcrumb"},"inLanguage":"es","potentialAction":[{"@type":"ReadAction","target":["http:\/\/www.agronomoscuenca.es\/index.php\/competencias-profesionales-del-ingeniero-agronomo\/"]}]},{"@type":"ImageObject","inLanguage":"es","@id":"http:\/\/www.agronomoscuenca.es\/index.php\/competencias-profesionales-del-ingeniero-agronomo\/#primaryimage","url":"https:\/\/www.agronomoscuenca.es\/wp-content\/uploads\/2023\/06\/01-competencias-ingeniero-agronomo.jpg","contentUrl":"https:\/\/www.agronomoscuenca.es\/wp-content\/uploads\/2023\/06\/01-competencias-ingeniero-agronomo.jpg","width":1170,"height":500},{"@type":"BreadcrumbList","@id":"http:\/\/www.agronomoscuenca.es\/index.php\/competencias-profesionales-del-ingeniero-agronomo\/#breadcrumb","itemListElement":[{"@type":"ListItem","position":1,"name":"Portada","item":"https:\/\/www.agronomoscuenca.es\/"},{"@type":"ListItem","position":2,"name":"COMPETENCIAS PROFESIONALES DEL INGENIERO AGR\u00d3NOMO."}]},{"@type":"WebSite","@id":"https:\/\/www.agronomoscuenca.es\/#website","url":"https:\/\/www.agronomoscuenca.es\/","name":"APIAC","description":"Asociaci\u00f3n Profesional de Ingenieros Agronomos","publisher":{"@id":"https:\/\/www.agronomoscuenca.es\/#organization"},"potentialAction":[{"@type":"SearchAction","target":{"@type":"EntryPoint","urlTemplate":"https:\/\/www.agronomoscuenca.es\/?s={search_term_string}"},"query-input":{"@type":"PropertyValueSpecification","valueRequired":true,"valueName":"search_term_string"}}],"inLanguage":"es"},{"@type":"Organization","@id":"https:\/\/www.agronomoscuenca.es\/#organization","name":"APIAC","url":"https:\/\/www.agronomoscuenca.es\/","logo":{"@type":"ImageObject","inLanguage":"es","@id":"https:\/\/www.agronomoscuenca.es\/#\/schema\/logo\/image\/","url":"https:\/\/www.agronomoscuenca.es\/wp-content\/uploads\/2023\/06\/cropped-logo-apiac-800x470-1.jpg","contentUrl":"https:\/\/www.agronomoscuenca.es\/wp-content\/uploads\/2023\/06\/cropped-logo-apiac-800x470-1.jpg","width":800,"height":419,"caption":"APIAC"},"image":{"@id":"https:\/\/www.agronomoscuenca.es\/#\/schema\/logo\/image\/"}}]}},"jetpack_sharing_enabled":true,"_links":{"self":[{"href":"https:\/\/www.agronomoscuenca.es\/index.php\/wp-json\/wp\/v2\/pages\/117","targetHints":{"allow":["GET"]}}],"collection":[{"href":"https:\/\/www.agronomoscuenca.es\/index.php\/wp-json\/wp\/v2\/pages"}],"about":[{"href":"https:\/\/www.agronomoscuenca.es\/index.php\/wp-json\/wp\/v2\/types\/page"}],"author":[{"embeddable":true,"href":"https:\/\/www.agronomoscuenca.es\/index.php\/wp-json\/wp\/v2\/users\/1"}],"replies":[{"embeddable":true,"href":"https:\/\/www.agronomoscuenca.es\/index.php\/wp-json\/wp\/v2\/comments?post=117"}],"version-history":[{"count":2,"href":"https:\/\/www.agronomoscuenca.es\/index.php\/wp-json\/wp\/v2\/pages\/117\/revisions"}],"predecessor-version":[{"id":123,"href":"https:\/\/www.agronomoscuenca.es\/index.php\/wp-json\/wp\/v2\/pages\/117\/revisions\/123"}],"wp:featuredmedia":[{"embeddable":true,"href":"https:\/\/www.agronomoscuenca.es\/index.php\/wp-json\/wp\/v2\/media\/118"}],"wp:attachment":[{"href":"https:\/\/www.agronomoscuenca.es\/index.php\/wp-json\/wp\/v2\/media?parent=117"}],"curies":[{"name":"wp","href":"https:\/\/api.w.org\/{rel}","templated":true}]}}