{"id":11,"date":"2023-06-22T16:36:43","date_gmt":"2023-06-22T16:36:43","guid":{"rendered":"http:\/\/www.agronomoscuenca.es\/?page_id=11"},"modified":"2023-06-22T21:32:40","modified_gmt":"2023-06-22T21:32:40","slug":"contacto","status":"publish","type":"page","link":"https:\/\/www.agronomoscuenca.es\/index.php\/contacto\/","title":{"rendered":"Contacto"},"content":{"rendered":"\n<h2 class=\"wp-block-heading\">Formas para que te pongas en contacto con nosotros f\u00e1cilmente.<\/h2>\n\n\n<div class=\"wp-block-image\">\n<figure class=\"aligncenter size-full is-resized\"><img loading=\"lazy\" decoding=\"async\" src=\"https:\/\/www.agronomoscuenca.es\/wp-content\/uploads\/2023\/06\/image.png\" alt=\"\" class=\"wp-image-114\" width=\"411\" height=\"175\" srcset=\"https:\/\/www.agronomoscuenca.es\/wp-content\/uploads\/2023\/06\/image.png 1024w, https:\/\/www.agronomoscuenca.es\/wp-content\/uploads\/2023\/06\/image-300x128.png 300w, https:\/\/www.agronomoscuenca.es\/wp-content\/uploads\/2023\/06\/image-768x329.png 768w\" sizes=\"auto, (max-width: 411px) 100vw, 411px\" \/><\/figure>\n<\/div>\n\n\n<p>Rellenando el formulario que presentamos a continuaci\u00f3n<\/p>\n\n\n\n<div class=\"wp-block-contact-form-7-contact-form-selector\">\n<div class=\"wpcf7 no-js\" id=\"wpcf7-f5-o1\" lang=\"es-ES\" dir=\"ltr\" data-wpcf7-id=\"5\">\n<div class=\"screen-reader-response\"><p role=\"status\" aria-live=\"polite\" aria-atomic=\"true\"><\/p> <ul><\/ul><\/div>\n<form action=\"\/index.php\/wp-json\/wp\/v2\/pages\/11#wpcf7-f5-o1\" method=\"post\" class=\"wpcf7-form init\" aria-label=\"Formulario de contacto\" novalidate=\"novalidate\" data-status=\"init\">\n<fieldset class=\"hidden-fields-container\"><input type=\"hidden\" name=\"_wpcf7\" value=\"5\" \/><input type=\"hidden\" name=\"_wpcf7_version\" value=\"6.1.4\" \/><input type=\"hidden\" name=\"_wpcf7_locale\" value=\"es_ES\" \/><input type=\"hidden\" name=\"_wpcf7_unit_tag\" value=\"wpcf7-f5-o1\" \/><input type=\"hidden\" name=\"_wpcf7_container_post\" value=\"0\" \/><input type=\"hidden\" name=\"_wpcf7_posted_data_hash\" value=\"\" \/>\n<\/fieldset>\n<p><label> Nombre (requerido)<br \/>\n<span class=\"wpcf7-form-control-wrap\" data-name=\"nombre\"><input size=\"40\" maxlength=\"400\" class=\"wpcf7-form-control wpcf7-text wpcf7-validates-as-required\" aria-required=\"true\" aria-invalid=\"false\" value=\"\" type=\"text\" name=\"nombre\" \/><\/span> <\/label>\n<\/p>\n<p><label> Apellidos (requerido)<br \/>\n<span class=\"wpcf7-form-control-wrap\" data-name=\"apellidos\"><input size=\"40\" maxlength=\"400\" class=\"wpcf7-form-control wpcf7-text wpcf7-validates-as-required\" aria-required=\"true\" aria-invalid=\"false\" value=\"\" type=\"text\" name=\"apellidos\" \/><\/span> <\/label>\n<\/p>\n<p><label> DNI (requerido)<br \/>\n<span class=\"wpcf7-form-control-wrap\" data-name=\"dni\"><input size=\"40\" maxlength=\"400\" class=\"wpcf7-form-control wpcf7-text wpcf7-validates-as-required\" aria-required=\"true\" aria-invalid=\"false\" value=\"\" type=\"text\" name=\"dni\" \/><\/span> <\/label>\n<\/p>\n<p><label> Localidad (requerido)<br \/>\n<span class=\"wpcf7-form-control-wrap\" data-name=\"localidad\"><input size=\"40\" maxlength=\"400\" class=\"wpcf7-form-control wpcf7-text wpcf7-validates-as-required\" aria-required=\"true\" aria-invalid=\"false\" value=\"\" type=\"text\" name=\"localidad\" \/><\/span> <\/label>\n<\/p>\n<p><label> Provincia (requerido)<br \/>\n<span class=\"wpcf7-form-control-wrap\" data-name=\"provincia\"><input size=\"40\" maxlength=\"400\" class=\"wpcf7-form-control wpcf7-text wpcf7-validates-as-required\" aria-required=\"true\" aria-invalid=\"false\" value=\"\" type=\"text\" name=\"provincia\" \/><\/span> <\/label>\n<\/p>\n<p><label> Tu correo electr\u00f3nico (requerido)<br \/>\n<span class=\"wpcf7-form-control-wrap\" data-name=\"your-email\"><input size=\"40\" maxlength=\"400\" class=\"wpcf7-form-control wpcf7-email wpcf7-validates-as-required wpcf7-text wpcf7-validates-as-email\" aria-required=\"true\" aria-invalid=\"false\" value=\"\" type=\"email\" name=\"your-email\" \/><\/span> <\/label>\n<\/p>\n<p><label> Tu tel\u00e9fono (requerido)<br \/>\n<span class=\"wpcf7-form-control-wrap\" data-name=\"telefono01\"><input class=\"wpcf7-form-control wpcf7-number wpcf7-validates-as-number\" aria-invalid=\"false\" value=\"\" type=\"number\" name=\"telefono01\" \/><\/span><\/label>\n<\/p>\n<p><label> Asunto (requerido)<br \/>\n<span class=\"wpcf7-form-control-wrap\" data-name=\"textarea-132\"><textarea cols=\"40\" rows=\"10\" maxlength=\"2000\" class=\"wpcf7-form-control wpcf7-textarea\" aria-invalid=\"false\" name=\"textarea-132\"><\/textarea><\/span> <\/label>\n<\/p>\n<p><span class=\"wpcf7-form-control-wrap\" data-name=\"Politicadatospersonales\"><span class=\"wpcf7-form-control wpcf7-acceptance\"><span class=\"wpcf7-list-item\"><label><input type=\"checkbox\" name=\"Politicadatospersonales\" value=\"1\" aria-invalid=\"false\" \/><span class=\"wpcf7-list-item-label\">Acepto la <a href= \"http:\/\/www.agrocursos.es\/index.php\/politica-de-datos-de-caracter-personal\/\" target=\"_blank\"> Politica de datos de car\u00e1cter personal<\/a><\/span><\/label><\/span><\/span><\/span>\n<\/p>\n<p><input class=\"wpcf7-form-control wpcf7-submit has-spinner\" type=\"submit\" value=\"Enviar\" \/>\n<\/p><p style=\"display: none !important;\" class=\"akismet-fields-container\" data-prefix=\"_wpcf7_ak_\"><label>&#916;<textarea name=\"_wpcf7_ak_hp_textarea\" cols=\"45\" rows=\"8\" maxlength=\"100\"><\/textarea><\/label><input type=\"hidden\" id=\"ak_js_1\" name=\"_wpcf7_ak_js\" value=\"206\"\/><script>document.getElementById( \"ak_js_1\" ).setAttribute( \"value\", ( new Date() ).getTime() );<\/script><\/p><div class=\"wpcf7-response-output\" aria-hidden=\"true\"><\/div>\n<\/form>\n<\/div>\n<\/div>\n\n\n\n<p>Mediante el email: info@agronomoscuenca.es<\/p>\n\n\n\n<p>Mediante el tel\u00e9fono 969 241 808<\/p>\n\n\n\n<p>Ven a nuestras oficinas es necesario solicitar Cita Previa en el tel\u00e9fono 969 24 18 08<\/p>\n\n\n\n<p><strong><\/strong>HORARIO CON CITA PREVIA<strong><\/strong><\/p>\n\n\n\n<p>\u2013 Lunes a Viernes: 9,30 h a 13,30 h<br>\u2013 Lunes a Jueves: 17,00 h a 19,00 h<strong><\/strong><\/p>\n\n\n\n<p>Estaremos encantados de atenderte.<\/p>\n\n\n\n<p>Tambi\u00e9n te puedes poner en contacto con nosotros a trav\u00e9s de los siguientes tel\u00e9fonos:<\/p>\n\n\n\n<p>M\u00f3vil 01 (Luisantonio): 638 100 520<\/p>\n\n\n\n<p>M\u00f3vil 02 (F\u00e9lix): 626 017 989<\/p>\n\n\n\n<p>O pasarte por nuestras oficinas situadas en Cuenca, en la calle Alonso Chirino n\u00ba 4 1\u00ba<\/p>\n\n\n\n<p>En cumplimiento de la Ley15\/1999 de 13 de Diciembre de Protecci\u00f3n de Datos de Car\u00e1cter Personal, le informamos que mediante la cumplimentaci\u00f3n de este formulario, sus datos personales est\u00e1n registrados en nuestro fichero automatizado de datos personales creado por y para AgroCursos con el fin de poder gestionar su solicitud. Estos datos podr\u00e1n ser utilizados para mantenerle informado de noticias y novedades que pudieran ser de su inter\u00e9s relacionadas con nuestros servicios. Se le garantiza que sus datos no ser\u00e1n compartidos o cedidos a terceros. Podr\u00e1 ejercitar su derecho de acceso, modificaci\u00f3n, cancelaci\u00f3n u oposici\u00f3n a su tratamiento, a trav\u00e9s del correo electr\u00f3nico: info@agrocursos.es<\/p>\n","protected":false},"excerpt":{"rendered":"<p>Formas para que te pongas en contacto con nosotros f\u00e1cilmente. Rellenando el formulario que presentamos a continuaci\u00f3n Mediante el email: info@agronomoscuenca.es Mediante el tel\u00e9fono 969 241 808 Ven a nuestras oficinas es necesario solicitar Cita Previa en el tel\u00e9fono 969 24 18 08 HORARIO CON CITA PREVIA \u2013 Lunes a Viernes: 9,30 h a 13,30 [&hellip;]<\/p>\n","protected":false},"author":1,"featured_media":114,"parent":0,"menu_order":0,"comment_status":"closed","ping_status":"closed","template":"","meta":{"footnotes":""},"class_list":["post-11","page","type-page","status-publish","has-post-thumbnail","czr-hentry"],"yoast_head":"<!-- This site is optimized with the Yoast SEO plugin v26.6 - https:\/\/yoast.com\/wordpress\/plugins\/seo\/ -->\n<title>Contacto - APIAC<\/title>\n<meta name=\"robots\" content=\"index, follow, max-snippet:-1, max-image-preview:large, max-video-preview:-1\" \/>\n<link rel=\"canonical\" href=\"http:\/\/www.agronomoscuenca.es\/index.php\/contacto\/\" \/>\n<meta property=\"og:locale\" content=\"es_ES\" \/>\n<meta property=\"og:type\" content=\"article\" \/>\n<meta property=\"og:title\" content=\"Contacto - APIAC\" \/>\n<meta property=\"og:description\" content=\"Formas para que te pongas en contacto con nosotros f\u00e1cilmente. Rellenando el formulario que presentamos a continuaci\u00f3n Mediante el email: info@agronomoscuenca.es Mediante el tel\u00e9fono 969 241 808 Ven a nuestras oficinas es necesario solicitar Cita Previa en el tel\u00e9fono 969 24 18 08 HORARIO CON CITA PREVIA \u2013 Lunes a Viernes: 9,30 h a 13,30 [&hellip;]\" \/>\n<meta property=\"og:url\" content=\"http:\/\/www.agronomoscuenca.es\/index.php\/contacto\/\" \/>\n<meta property=\"og:site_name\" content=\"APIAC\" \/>\n<meta property=\"article:modified_time\" content=\"2023-06-22T21:32:40+00:00\" \/>\n<meta property=\"og:image\" content=\"http:\/\/www.agronomoscuenca.es\/wp-content\/uploads\/2023\/06\/image.png\" \/>\n\t<meta property=\"og:image:width\" content=\"1024\" \/>\n\t<meta property=\"og:image:height\" content=\"438\" \/>\n\t<meta property=\"og:image:type\" content=\"image\/png\" \/>\n<meta name=\"twitter:card\" content=\"summary_large_image\" \/>\n<meta name=\"twitter:label1\" content=\"Tiempo de lectura\" \/>\n\t<meta name=\"twitter:data1\" content=\"1 minuto\" \/>\n<script type=\"application\/ld+json\" class=\"yoast-schema-graph\">{\"@context\":\"https:\/\/schema.org\",\"@graph\":[{\"@type\":\"WebPage\",\"@id\":\"http:\/\/www.agronomoscuenca.es\/index.php\/contacto\/\",\"url\":\"http:\/\/www.agronomoscuenca.es\/index.php\/contacto\/\",\"name\":\"Contacto - APIAC\",\"isPartOf\":{\"@id\":\"https:\/\/www.agronomoscuenca.es\/#website\"},\"primaryImageOfPage\":{\"@id\":\"http:\/\/www.agronomoscuenca.es\/index.php\/contacto\/#primaryimage\"},\"image\":{\"@id\":\"http:\/\/www.agronomoscuenca.es\/index.php\/contacto\/#primaryimage\"},\"thumbnailUrl\":\"https:\/\/www.agronomoscuenca.es\/wp-content\/uploads\/2023\/06\/image.png\",\"datePublished\":\"2023-06-22T16:36:43+00:00\",\"dateModified\":\"2023-06-22T21:32:40+00:00\",\"breadcrumb\":{\"@id\":\"http:\/\/www.agronomoscuenca.es\/index.php\/contacto\/#breadcrumb\"},\"inLanguage\":\"es\",\"potentialAction\":[{\"@type\":\"ReadAction\",\"target\":[\"http:\/\/www.agronomoscuenca.es\/index.php\/contacto\/\"]}]},{\"@type\":\"ImageObject\",\"inLanguage\":\"es\",\"@id\":\"http:\/\/www.agronomoscuenca.es\/index.php\/contacto\/#primaryimage\",\"url\":\"https:\/\/www.agronomoscuenca.es\/wp-content\/uploads\/2023\/06\/image.png\",\"contentUrl\":\"https:\/\/www.agronomoscuenca.es\/wp-content\/uploads\/2023\/06\/image.png\",\"width\":1024,\"height\":438},{\"@type\":\"BreadcrumbList\",\"@id\":\"http:\/\/www.agronomoscuenca.es\/index.php\/contacto\/#breadcrumb\",\"itemListElement\":[{\"@type\":\"ListItem\",\"position\":1,\"name\":\"Portada\",\"item\":\"https:\/\/www.agronomoscuenca.es\/\"},{\"@type\":\"ListItem\",\"position\":2,\"name\":\"Contacto\"}]},{\"@type\":\"WebSite\",\"@id\":\"https:\/\/www.agronomoscuenca.es\/#website\",\"url\":\"https:\/\/www.agronomoscuenca.es\/\",\"name\":\"APIAC\",\"description\":\"Asociaci\u00f3n Profesional de Ingenieros Agronomos\",\"publisher\":{\"@id\":\"https:\/\/www.agronomoscuenca.es\/#organization\"},\"potentialAction\":[{\"@type\":\"SearchAction\",\"target\":{\"@type\":\"EntryPoint\",\"urlTemplate\":\"https:\/\/www.agronomoscuenca.es\/?s={search_term_string}\"},\"query-input\":{\"@type\":\"PropertyValueSpecification\",\"valueRequired\":true,\"valueName\":\"search_term_string\"}}],\"inLanguage\":\"es\"},{\"@type\":\"Organization\",\"@id\":\"https:\/\/www.agronomoscuenca.es\/#organization\",\"name\":\"APIAC\",\"url\":\"https:\/\/www.agronomoscuenca.es\/\",\"logo\":{\"@type\":\"ImageObject\",\"inLanguage\":\"es\",\"@id\":\"https:\/\/www.agronomoscuenca.es\/#\/schema\/logo\/image\/\",\"url\":\"https:\/\/www.agronomoscuenca.es\/wp-content\/uploads\/2023\/06\/cropped-logo-apiac-800x470-1.jpg\",\"contentUrl\":\"https:\/\/www.agronomoscuenca.es\/wp-content\/uploads\/2023\/06\/cropped-logo-apiac-800x470-1.jpg\",\"width\":800,\"height\":419,\"caption\":\"APIAC\"},\"image\":{\"@id\":\"https:\/\/www.agronomoscuenca.es\/#\/schema\/logo\/image\/\"}}]}<\/script>\n<!-- \/ Yoast SEO plugin. -->","yoast_head_json":{"title":"Contacto - APIAC","robots":{"index":"index","follow":"follow","max-snippet":"max-snippet:-1","max-image-preview":"max-image-preview:large","max-video-preview":"max-video-preview:-1"},"canonical":"http:\/\/www.agronomoscuenca.es\/index.php\/contacto\/","og_locale":"es_ES","og_type":"article","og_title":"Contacto - APIAC","og_description":"Formas para que te pongas en contacto con nosotros f\u00e1cilmente. Rellenando el formulario que presentamos a continuaci\u00f3n Mediante el email: info@agronomoscuenca.es Mediante el tel\u00e9fono 969 241 808 Ven a nuestras oficinas es necesario solicitar Cita Previa en el tel\u00e9fono 969 24 18 08 HORARIO CON CITA PREVIA \u2013 Lunes a Viernes: 9,30 h a 13,30 [&hellip;]","og_url":"http:\/\/www.agronomoscuenca.es\/index.php\/contacto\/","og_site_name":"APIAC","article_modified_time":"2023-06-22T21:32:40+00:00","og_image":[{"width":1024,"height":438,"url":"http:\/\/www.agronomoscuenca.es\/wp-content\/uploads\/2023\/06\/image.png","type":"image\/png"}],"twitter_card":"summary_large_image","twitter_misc":{"Tiempo de lectura":"1 minuto"},"schema":{"@context":"https:\/\/schema.org","@graph":[{"@type":"WebPage","@id":"http:\/\/www.agronomoscuenca.es\/index.php\/contacto\/","url":"http:\/\/www.agronomoscuenca.es\/index.php\/contacto\/","name":"Contacto - APIAC","isPartOf":{"@id":"https:\/\/www.agronomoscuenca.es\/#website"},"primaryImageOfPage":{"@id":"http:\/\/www.agronomoscuenca.es\/index.php\/contacto\/#primaryimage"},"image":{"@id":"http:\/\/www.agronomoscuenca.es\/index.php\/contacto\/#primaryimage"},"thumbnailUrl":"https:\/\/www.agronomoscuenca.es\/wp-content\/uploads\/2023\/06\/image.png","datePublished":"2023-06-22T16:36:43+00:00","dateModified":"2023-06-22T21:32:40+00:00","breadcrumb":{"@id":"http:\/\/www.agronomoscuenca.es\/index.php\/contacto\/#breadcrumb"},"inLanguage":"es","potentialAction":[{"@type":"ReadAction","target":["http:\/\/www.agronomoscuenca.es\/index.php\/contacto\/"]}]},{"@type":"ImageObject","inLanguage":"es","@id":"http:\/\/www.agronomoscuenca.es\/index.php\/contacto\/#primaryimage","url":"https:\/\/www.agronomoscuenca.es\/wp-content\/uploads\/2023\/06\/image.png","contentUrl":"https:\/\/www.agronomoscuenca.es\/wp-content\/uploads\/2023\/06\/image.png","width":1024,"height":438},{"@type":"BreadcrumbList","@id":"http:\/\/www.agronomoscuenca.es\/index.php\/contacto\/#breadcrumb","itemListElement":[{"@type":"ListItem","position":1,"name":"Portada","item":"https:\/\/www.agronomoscuenca.es\/"},{"@type":"ListItem","position":2,"name":"Contacto"}]},{"@type":"WebSite","@id":"https:\/\/www.agronomoscuenca.es\/#website","url":"https:\/\/www.agronomoscuenca.es\/","name":"APIAC","description":"Asociaci\u00f3n Profesional de Ingenieros Agronomos","publisher":{"@id":"https:\/\/www.agronomoscuenca.es\/#organization"},"potentialAction":[{"@type":"SearchAction","target":{"@type":"EntryPoint","urlTemplate":"https:\/\/www.agronomoscuenca.es\/?s={search_term_string}"},"query-input":{"@type":"PropertyValueSpecification","valueRequired":true,"valueName":"search_term_string"}}],"inLanguage":"es"},{"@type":"Organization","@id":"https:\/\/www.agronomoscuenca.es\/#organization","name":"APIAC","url":"https:\/\/www.agronomoscuenca.es\/","logo":{"@type":"ImageObject","inLanguage":"es","@id":"https:\/\/www.agronomoscuenca.es\/#\/schema\/logo\/image\/","url":"https:\/\/www.agronomoscuenca.es\/wp-content\/uploads\/2023\/06\/cropped-logo-apiac-800x470-1.jpg","contentUrl":"https:\/\/www.agronomoscuenca.es\/wp-content\/uploads\/2023\/06\/cropped-logo-apiac-800x470-1.jpg","width":800,"height":419,"caption":"APIAC"},"image":{"@id":"https:\/\/www.agronomoscuenca.es\/#\/schema\/logo\/image\/"}}]}},"jetpack_sharing_enabled":true,"_links":{"self":[{"href":"https:\/\/www.agronomoscuenca.es\/index.php\/wp-json\/wp\/v2\/pages\/11","targetHints":{"allow":["GET"]}}],"collection":[{"href":"https:\/\/www.agronomoscuenca.es\/index.php\/wp-json\/wp\/v2\/pages"}],"about":[{"href":"https:\/\/www.agronomoscuenca.es\/index.php\/wp-json\/wp\/v2\/types\/page"}],"author":[{"embeddable":true,"href":"https:\/\/www.agronomoscuenca.es\/index.php\/wp-json\/wp\/v2\/users\/1"}],"replies":[{"embeddable":true,"href":"https:\/\/www.agronomoscuenca.es\/index.php\/wp-json\/wp\/v2\/comments?post=11"}],"version-history":[{"count":5,"href":"https:\/\/www.agronomoscuenca.es\/index.php\/wp-json\/wp\/v2\/pages\/11\/revisions"}],"predecessor-version":[{"id":116,"href":"https:\/\/www.agronomoscuenca.es\/index.php\/wp-json\/wp\/v2\/pages\/11\/revisions\/116"}],"wp:featuredmedia":[{"embeddable":true,"href":"https:\/\/www.agronomoscuenca.es\/index.php\/wp-json\/wp\/v2\/media\/114"}],"wp:attachment":[{"href":"https:\/\/www.agronomoscuenca.es\/index.php\/wp-json\/wp\/v2\/media?parent=11"}],"curies":[{"name":"wp","href":"https:\/\/api.w.org\/{rel}","templated":true}]}}