{"id":96,"date":"2023-06-22T20:08:59","date_gmt":"2023-06-22T20:08:59","guid":{"rendered":"https:\/\/www.agronomoscuenca.es\/?page_id=96"},"modified":"2023-06-22T20:09:00","modified_gmt":"2023-06-22T20:09:00","slug":"objetivo-apiac","status":"publish","type":"page","link":"http:\/\/www.agronomoscuenca.es\/index.php\/objetivo-apiac\/","title":{"rendered":"OBJETIVO APIAC"},"content":{"rendered":"<div class=\"wp-block-image\">\n<figure class=\"aligncenter size-full\"><img loading=\"lazy\" decoding=\"async\" width=\"500\" height=\"500\" src=\"http:\/\/www.agronomoscuenca.es\/wp-content\/uploads\/2023\/06\/SOCIOS-PROVISIONALES.jpg\" alt=\"\" class=\"wp-image-101\"\/><\/figure>\n<\/div>\n\n\n<p>APIAC es una asociaci\u00f3n profesional que re\u00fane a Ingenieros Agr\u00f3nomos colegiados que ejercen su actividad en la provincia de Cuenca. Los objetivos de APIAC son:<\/p>\n\n\n\n<ul class=\"wp-block-list\">\n<li>Asociar a los Ingenieros Agr\u00f3nomos de la provincia de Cuenca para crear nexos de uni\u00f3n en su labor profesional.<\/li>\n\n\n\n<li>Unificar criterios a la hora de la prestaci\u00f3n de servicios profesionales en el \u00e1mbito de nuestras competencias.<\/li>\n\n\n\n<li>Establecer unos m\u00ednimos comunes en la calidad de los trabajos prestados.<\/li>\n\n\n\n<li>Divulgar y promocionar la actividad profesional del Ingeniero Agr\u00f3nomo. Especialmente entre la administraci\u00f3n local.<\/li>\n\n\n\n<li>Velar por la defensa intereses leg\u00edtimos de los asociados con referencia a la actividad profesional y laboral de los miembros y en el \u00e1mbito de las competencias para los que les habilita la titulaci\u00f3n de Ingeniero Agr\u00f3nomo.<\/li>\n\n\n\n<li>Ser un referente en el mundo agrario de la provincia, aportando criterios t\u00e9cnicos en los debates agrarios o ganaderos de la sociedad<\/li>\n<\/ul>\n","protected":false},"excerpt":{"rendered":"<p>APIAC es una asociaci\u00f3n profesional que re\u00fane a Ingenieros Agr\u00f3nomos colegiados que ejercen su actividad en la provincia de Cuenca. Los objetivos de APIAC son:<\/p>\n","protected":false},"author":1,"featured_media":0,"parent":0,"menu_order":0,"comment_status":"closed","ping_status":"closed","template":"","meta":{"footnotes":""},"class_list":["post-96","page","type-page","status-publish","czr-hentry"],"yoast_head":"<!-- This site is optimized with the Yoast SEO plugin v26.6 - https:\/\/yoast.com\/wordpress\/plugins\/seo\/ -->\n<title>OBJETIVO APIAC - APIAC<\/title>\n<meta name=\"robots\" content=\"index, follow, max-snippet:-1, max-image-preview:large, max-video-preview:-1\" \/>\n<link rel=\"canonical\" href=\"https:\/\/www.agronomoscuenca.es\/index.php\/objetivo-apiac\/\" \/>\n<meta property=\"og:locale\" content=\"es_ES\" \/>\n<meta property=\"og:type\" content=\"article\" \/>\n<meta property=\"og:title\" content=\"OBJETIVO APIAC - APIAC\" \/>\n<meta property=\"og:description\" content=\"APIAC es una asociaci\u00f3n profesional que re\u00fane a Ingenieros Agr\u00f3nomos colegiados que ejercen su actividad en la provincia de Cuenca. Los objetivos de APIAC son:\" \/>\n<meta property=\"og:url\" content=\"https:\/\/www.agronomoscuenca.es\/index.php\/objetivo-apiac\/\" \/>\n<meta property=\"og:site_name\" content=\"APIAC\" \/>\n<meta property=\"article:modified_time\" content=\"2023-06-22T20:09:00+00:00\" \/>\n<meta property=\"og:image\" content=\"http:\/\/www.agronomoscuenca.es\/wp-content\/uploads\/2023\/06\/SOCIOS-PROVISIONALES.jpg\" \/>\n<meta name=\"twitter:card\" content=\"summary_large_image\" \/>\n<meta name=\"twitter:label1\" content=\"Tiempo de lectura\" \/>\n\t<meta name=\"twitter:data1\" content=\"1 minuto\" \/>\n<script type=\"application\/ld+json\" class=\"yoast-schema-graph\">{\"@context\":\"https:\/\/schema.org\",\"@graph\":[{\"@type\":\"WebPage\",\"@id\":\"https:\/\/www.agronomoscuenca.es\/index.php\/objetivo-apiac\/\",\"url\":\"https:\/\/www.agronomoscuenca.es\/index.php\/objetivo-apiac\/\",\"name\":\"OBJETIVO APIAC - APIAC\",\"isPartOf\":{\"@id\":\"https:\/\/www.agronomoscuenca.es\/#website\"},\"primaryImageOfPage\":{\"@id\":\"https:\/\/www.agronomoscuenca.es\/index.php\/objetivo-apiac\/#primaryimage\"},\"image\":{\"@id\":\"https:\/\/www.agronomoscuenca.es\/index.php\/objetivo-apiac\/#primaryimage\"},\"thumbnailUrl\":\"http:\/\/www.agronomoscuenca.es\/wp-content\/uploads\/2023\/06\/SOCIOS-PROVISIONALES.jpg\",\"datePublished\":\"2023-06-22T20:08:59+00:00\",\"dateModified\":\"2023-06-22T20:09:00+00:00\",\"breadcrumb\":{\"@id\":\"https:\/\/www.agronomoscuenca.es\/index.php\/objetivo-apiac\/#breadcrumb\"},\"inLanguage\":\"es\",\"potentialAction\":[{\"@type\":\"ReadAction\",\"target\":[\"https:\/\/www.agronomoscuenca.es\/index.php\/objetivo-apiac\/\"]}]},{\"@type\":\"ImageObject\",\"inLanguage\":\"es\",\"@id\":\"https:\/\/www.agronomoscuenca.es\/index.php\/objetivo-apiac\/#primaryimage\",\"url\":\"http:\/\/www.agronomoscuenca.es\/wp-content\/uploads\/2023\/06\/SOCIOS-PROVISIONALES.jpg\",\"contentUrl\":\"http:\/\/www.agronomoscuenca.es\/wp-content\/uploads\/2023\/06\/SOCIOS-PROVISIONALES.jpg\"},{\"@type\":\"BreadcrumbList\",\"@id\":\"https:\/\/www.agronomoscuenca.es\/index.php\/objetivo-apiac\/#breadcrumb\",\"itemListElement\":[{\"@type\":\"ListItem\",\"position\":1,\"name\":\"Portada\",\"item\":\"https:\/\/www.agronomoscuenca.es\/\"},{\"@type\":\"ListItem\",\"position\":2,\"name\":\"OBJETIVO APIAC\"}]},{\"@type\":\"WebSite\",\"@id\":\"https:\/\/www.agronomoscuenca.es\/#website\",\"url\":\"https:\/\/www.agronomoscuenca.es\/\",\"name\":\"APIAC\",\"description\":\"Asociaci\u00f3n Profesional de Ingenieros Agronomos\",\"publisher\":{\"@id\":\"https:\/\/www.agronomoscuenca.es\/#organization\"},\"potentialAction\":[{\"@type\":\"SearchAction\",\"target\":{\"@type\":\"EntryPoint\",\"urlTemplate\":\"https:\/\/www.agronomoscuenca.es\/?s={search_term_string}\"},\"query-input\":{\"@type\":\"PropertyValueSpecification\",\"valueRequired\":true,\"valueName\":\"search_term_string\"}}],\"inLanguage\":\"es\"},{\"@type\":\"Organization\",\"@id\":\"https:\/\/www.agronomoscuenca.es\/#organization\",\"name\":\"APIAC\",\"url\":\"https:\/\/www.agronomoscuenca.es\/\",\"logo\":{\"@type\":\"ImageObject\",\"inLanguage\":\"es\",\"@id\":\"https:\/\/www.agronomoscuenca.es\/#\/schema\/logo\/image\/\",\"url\":\"http:\/\/www.agronomoscuenca.es\/wp-content\/uploads\/2023\/06\/cropped-logo-apiac-800x470-1.jpg\",\"contentUrl\":\"http:\/\/www.agronomoscuenca.es\/wp-content\/uploads\/2023\/06\/cropped-logo-apiac-800x470-1.jpg\",\"width\":800,\"height\":419,\"caption\":\"APIAC\"},\"image\":{\"@id\":\"https:\/\/www.agronomoscuenca.es\/#\/schema\/logo\/image\/\"}}]}<\/script>\n<!-- \/ Yoast SEO plugin. -->","yoast_head_json":{"title":"OBJETIVO APIAC - APIAC","robots":{"index":"index","follow":"follow","max-snippet":"max-snippet:-1","max-image-preview":"max-image-preview:large","max-video-preview":"max-video-preview:-1"},"canonical":"https:\/\/www.agronomoscuenca.es\/index.php\/objetivo-apiac\/","og_locale":"es_ES","og_type":"article","og_title":"OBJETIVO APIAC - APIAC","og_description":"APIAC es una asociaci\u00f3n profesional que re\u00fane a Ingenieros Agr\u00f3nomos colegiados que ejercen su actividad en la provincia de Cuenca. Los objetivos de APIAC son:","og_url":"https:\/\/www.agronomoscuenca.es\/index.php\/objetivo-apiac\/","og_site_name":"APIAC","article_modified_time":"2023-06-22T20:09:00+00:00","og_image":[{"url":"http:\/\/www.agronomoscuenca.es\/wp-content\/uploads\/2023\/06\/SOCIOS-PROVISIONALES.jpg","type":"","width":"","height":""}],"twitter_card":"summary_large_image","twitter_misc":{"Tiempo de lectura":"1 minuto"},"schema":{"@context":"https:\/\/schema.org","@graph":[{"@type":"WebPage","@id":"https:\/\/www.agronomoscuenca.es\/index.php\/objetivo-apiac\/","url":"https:\/\/www.agronomoscuenca.es\/index.php\/objetivo-apiac\/","name":"OBJETIVO APIAC - APIAC","isPartOf":{"@id":"https:\/\/www.agronomoscuenca.es\/#website"},"primaryImageOfPage":{"@id":"https:\/\/www.agronomoscuenca.es\/index.php\/objetivo-apiac\/#primaryimage"},"image":{"@id":"https:\/\/www.agronomoscuenca.es\/index.php\/objetivo-apiac\/#primaryimage"},"thumbnailUrl":"http:\/\/www.agronomoscuenca.es\/wp-content\/uploads\/2023\/06\/SOCIOS-PROVISIONALES.jpg","datePublished":"2023-06-22T20:08:59+00:00","dateModified":"2023-06-22T20:09:00+00:00","breadcrumb":{"@id":"https:\/\/www.agronomoscuenca.es\/index.php\/objetivo-apiac\/#breadcrumb"},"inLanguage":"es","potentialAction":[{"@type":"ReadAction","target":["https:\/\/www.agronomoscuenca.es\/index.php\/objetivo-apiac\/"]}]},{"@type":"ImageObject","inLanguage":"es","@id":"https:\/\/www.agronomoscuenca.es\/index.php\/objetivo-apiac\/#primaryimage","url":"http:\/\/www.agronomoscuenca.es\/wp-content\/uploads\/2023\/06\/SOCIOS-PROVISIONALES.jpg","contentUrl":"http:\/\/www.agronomoscuenca.es\/wp-content\/uploads\/2023\/06\/SOCIOS-PROVISIONALES.jpg"},{"@type":"BreadcrumbList","@id":"https:\/\/www.agronomoscuenca.es\/index.php\/objetivo-apiac\/#breadcrumb","itemListElement":[{"@type":"ListItem","position":1,"name":"Portada","item":"https:\/\/www.agronomoscuenca.es\/"},{"@type":"ListItem","position":2,"name":"OBJETIVO APIAC"}]},{"@type":"WebSite","@id":"https:\/\/www.agronomoscuenca.es\/#website","url":"https:\/\/www.agronomoscuenca.es\/","name":"APIAC","description":"Asociaci\u00f3n Profesional de Ingenieros Agronomos","publisher":{"@id":"https:\/\/www.agronomoscuenca.es\/#organization"},"potentialAction":[{"@type":"SearchAction","target":{"@type":"EntryPoint","urlTemplate":"https:\/\/www.agronomoscuenca.es\/?s={search_term_string}"},"query-input":{"@type":"PropertyValueSpecification","valueRequired":true,"valueName":"search_term_string"}}],"inLanguage":"es"},{"@type":"Organization","@id":"https:\/\/www.agronomoscuenca.es\/#organization","name":"APIAC","url":"https:\/\/www.agronomoscuenca.es\/","logo":{"@type":"ImageObject","inLanguage":"es","@id":"https:\/\/www.agronomoscuenca.es\/#\/schema\/logo\/image\/","url":"http:\/\/www.agronomoscuenca.es\/wp-content\/uploads\/2023\/06\/cropped-logo-apiac-800x470-1.jpg","contentUrl":"http:\/\/www.agronomoscuenca.es\/wp-content\/uploads\/2023\/06\/cropped-logo-apiac-800x470-1.jpg","width":800,"height":419,"caption":"APIAC"},"image":{"@id":"https:\/\/www.agronomoscuenca.es\/#\/schema\/logo\/image\/"}}]}},"jetpack_sharing_enabled":true,"_links":{"self":[{"href":"http:\/\/www.agronomoscuenca.es\/index.php\/wp-json\/wp\/v2\/pages\/96","targetHints":{"allow":["GET"]}}],"collection":[{"href":"http:\/\/www.agronomoscuenca.es\/index.php\/wp-json\/wp\/v2\/pages"}],"about":[{"href":"http:\/\/www.agronomoscuenca.es\/index.php\/wp-json\/wp\/v2\/types\/page"}],"author":[{"embeddable":true,"href":"http:\/\/www.agronomoscuenca.es\/index.php\/wp-json\/wp\/v2\/users\/1"}],"replies":[{"embeddable":true,"href":"http:\/\/www.agronomoscuenca.es\/index.php\/wp-json\/wp\/v2\/comments?post=96"}],"version-history":[{"count":1,"href":"http:\/\/www.agronomoscuenca.es\/index.php\/wp-json\/wp\/v2\/pages\/96\/revisions"}],"predecessor-version":[{"id":102,"href":"http:\/\/www.agronomoscuenca.es\/index.php\/wp-json\/wp\/v2\/pages\/96\/revisions\/102"}],"wp:attachment":[{"href":"http:\/\/www.agronomoscuenca.es\/index.php\/wp-json\/wp\/v2\/media?parent=96"}],"curies":[{"name":"wp","href":"https:\/\/api.w.org\/{rel}","templated":true}]}}