{"id":42,"date":"2023-06-22T17:21:24","date_gmt":"2023-06-22T17:21:24","guid":{"rendered":"https:\/\/www.agronomoscuenca.es\/?page_id=42"},"modified":"2023-06-22T17:21:26","modified_gmt":"2023-06-22T17:21:26","slug":"politica-de-datos-de-caracter-personal-apiac","status":"publish","type":"page","link":"http:\/\/www.agronomoscuenca.es\/index.php\/politica-de-datos-de-caracter-personal-apiac\/","title":{"rendered":"Pol\u00edtica de datos de car\u00e1cter personal \u2013 APIAC"},"content":{"rendered":"\n<p><a href=\"https:\/\/www.agrocursos.es\/wp-admin\/post.php?post=68&amp;action=edit\">EDITAR<\/a><\/p>\n\n\n\n<h1 class=\"wp-block-heading\">Cumplimiento de la Ley de datos de car\u00e1cter personal<\/h1>\n\n\n\n<figure class=\"wp-block-image\"><img decoding=\"async\" src=\"https:\/\/i0.wp.com\/www.agrocursos.es\/wp-content\/uploads\/2019\/12\/politica-privacidad-datos-personales-AGROCURSOS.jpg?resize=201%2C251\" alt=\"\" class=\"wp-image-48\"\/><\/figure>\n\n\n\n<p><br>En agroCursos somos conscientes del valor que tiene para usted su privacidad. Por ello, s\u00f3lo requerimos algunos datos de car\u00e1cter personal&nbsp; \u2014como su nombre o su e-mail\u2014 cuando es estrictamente necesario para facilitarle la informaci\u00f3n, productos o servicios que nos solicita o para ponernos en contacto con usted. En tal caso, le comunicaremos que vamos a guardar esos datos y la finalidad de esa recogida antes de que usted nos los env\u00ede.<\/p>\n\n\n\n<p>No tiene obligaci\u00f3n de proporcionarnos todos los datos de car\u00e1cter personal que le solicitamos; s\u00f3lo los estrictamente imprescindibles para poder proporcionarle lo que desea o ponernos en contacto con usted. Se los indicaremos con un asterisco (*), y en ning\u00fan caso el hecho de que no proporcione los datos no obligatorios supondr\u00e1 que usted va a recibir un servicio de menor calidad.<\/p>\n\n\n\n<p>Los datos personales que nos facilite ser\u00e1n almacenados en uno o varios ficheros que nos permitir\u00e1n un tratamiento automatizado de los mismos y, por tanto, una mayor agilidad a la hora de prestarle nuestros servicios. En funci\u00f3n del tipo de datos que contienen, los ficheros est\u00e1n registrados con su nivel de protecci\u00f3n correspondiente en la Agencia de Protecci\u00f3n de Datos.<\/p>\n\n\n\n<p>Si usted nos ha proporcionado datos personales en alg\u00fan momento, puede ejercer cuando desee los derechos de oposici\u00f3n, acceso, rectificaci\u00f3n y cancelaci\u00f3n previstos en la Ley de Protecci\u00f3n de Datos, escribi\u00e9ndonos un e-mail a info@agronomoscuenca.es<\/p>\n\n\n\n<h2 class=\"wp-block-heading\">Cesi\u00f3n de datos a otras empresas<\/h2>\n\n\n\n<p>Si para proporcionarle la informaci\u00f3n, productos o servicios que usted nos requiera tuvi\u00e9ramos que recurrir a otras empresas (Correos o una empresa de mensajer\u00eda o transportes, por ejemplo), s\u00f3lo se les proporcionar\u00e1 la informaci\u00f3n estrictamente imprescindible para que realicen su cometido y se les proh\u00edbe utilizar esa informaci\u00f3n con ninguna otra finalidad.<\/p>\n\n\n\n<h2 class=\"wp-block-heading\">Identificaci\u00f3n del ordenador. Cookies.<\/h2>\n\n\n\n<p>Para que el sitio web funcione \u00f3ptimamente, a veces es necesario obtener diversa informaci\u00f3n del ordenador que accede a ella o identificarlo. Por ejemplo, para poder contabilizar las visitas que recibe el sitio, para saber qu\u00e9 tipo de navegador utiliza cada usuario o para evitar que el usuario tenga que seleccionar el idioma en el que desea que se le muestre la web cada vez que accede a ella. En ning\u00fan caso esa identificaci\u00f3n nos proporciona informaci\u00f3n personal sobre usted o nos permite conocer el contenido de su ordenador.<\/p>\n\n\n\n<p>Para la identificaci\u00f3n mencionada, habitualmente se utilizan unos ficheros de texto llamados \u201ccookies\u201d que se almacenan temporalmente en su ordenador. Son absolutamente inocuos y tienen un tama\u00f1o muy peque\u00f1o. El sitio web consulta las \u201ccookies\u201d autom\u00e1ticamente cuando usted accede a \u00e9l, ofrecerle contenidos espec\u00edficos en funci\u00f3n de elecciones anteriores, permitirle el acceso a zonas reservadas o almacenar los productos que usted ha seleccionado en caso de que exista un sistema de compra con \u201ccarrito\u201d o \u201ccesta\u201d, entre otras muchas funciones posibles.<\/p>\n\n\n\n<p>Usted puede configurar su navegador de Internet para que no acepte cookies, pero en ese caso es posible que no pueda utilizar todas las funcionalidades que le ofrece el sitio web.<\/p>\n\n\n\n<h2 class=\"wp-block-heading\">Actualizaci\u00f3n de esta declaraci\u00f3n<\/h2>\n\n\n\n<p>Es posible que en alg\u00fan momento tengamos que realizar cambios en nuestra Pol\u00edtica de Privacidad para adaptarla a las leyes vigentes en cada momento. Por ello, le recomendamos que acceda a esta p\u00e1gina cada vez que vaya a remitirnos datos personales.<\/p>\n","protected":false},"excerpt":{"rendered":"<p>EDITAR Cumplimiento de la Ley de datos de car\u00e1cter personal En agroCursos somos conscientes del valor que tiene para usted su privacidad. Por ello, s\u00f3lo requerimos algunos datos de car\u00e1cter personal&nbsp; \u2014como su nombre o su e-mail\u2014 cuando es estrictamente necesario para facilitarle la informaci\u00f3n, productos o servicios que nos solicita o para ponernos en [&hellip;]<\/p>\n","protected":false},"author":1,"featured_media":0,"parent":0,"menu_order":0,"comment_status":"closed","ping_status":"closed","template":"","meta":{"footnotes":""},"class_list":["post-42","page","type-page","status-publish","czr-hentry"],"yoast_head":"<!-- This site is optimized with the Yoast SEO plugin v26.6 - https:\/\/yoast.com\/wordpress\/plugins\/seo\/ -->\n<title>Pol\u00edtica de datos de car\u00e1cter personal \u2013 APIAC - APIAC<\/title>\n<meta name=\"robots\" content=\"index, follow, max-snippet:-1, max-image-preview:large, max-video-preview:-1\" \/>\n<link rel=\"canonical\" href=\"http:\/\/www.agronomoscuenca.es\/index.php\/politica-de-datos-de-caracter-personal-apiac\/\" \/>\n<meta property=\"og:locale\" content=\"es_ES\" \/>\n<meta property=\"og:type\" content=\"article\" \/>\n<meta property=\"og:title\" content=\"Pol\u00edtica de datos de car\u00e1cter personal \u2013 APIAC - APIAC\" \/>\n<meta property=\"og:description\" content=\"EDITAR Cumplimiento de la Ley de datos de car\u00e1cter personal En agroCursos somos conscientes del valor que tiene para usted su privacidad. Por ello, s\u00f3lo requerimos algunos datos de car\u00e1cter personal&nbsp; \u2014como su nombre o su e-mail\u2014 cuando es estrictamente necesario para facilitarle la informaci\u00f3n, productos o servicios que nos solicita o para ponernos en [&hellip;]\" \/>\n<meta property=\"og:url\" content=\"http:\/\/www.agronomoscuenca.es\/index.php\/politica-de-datos-de-caracter-personal-apiac\/\" \/>\n<meta property=\"og:site_name\" content=\"APIAC\" \/>\n<meta property=\"article:modified_time\" content=\"2023-06-22T17:21:26+00:00\" \/>\n<meta property=\"og:image\" content=\"https:\/\/i0.wp.com\/www.agrocursos.es\/wp-content\/uploads\/2019\/12\/politica-privacidad-datos-personales-AGROCURSOS.jpg?resize=201%2C251\" \/>\n<meta name=\"twitter:card\" content=\"summary_large_image\" \/>\n<meta name=\"twitter:label1\" content=\"Tiempo de lectura\" \/>\n\t<meta name=\"twitter:data1\" content=\"3 minutos\" \/>\n<script type=\"application\/ld+json\" class=\"yoast-schema-graph\">{\"@context\":\"https:\/\/schema.org\",\"@graph\":[{\"@type\":\"WebPage\",\"@id\":\"http:\/\/www.agronomoscuenca.es\/index.php\/politica-de-datos-de-caracter-personal-apiac\/\",\"url\":\"http:\/\/www.agronomoscuenca.es\/index.php\/politica-de-datos-de-caracter-personal-apiac\/\",\"name\":\"Pol\u00edtica de datos de car\u00e1cter personal \u2013 APIAC - APIAC\",\"isPartOf\":{\"@id\":\"https:\/\/www.agronomoscuenca.es\/#website\"},\"primaryImageOfPage\":{\"@id\":\"http:\/\/www.agronomoscuenca.es\/index.php\/politica-de-datos-de-caracter-personal-apiac\/#primaryimage\"},\"image\":{\"@id\":\"http:\/\/www.agronomoscuenca.es\/index.php\/politica-de-datos-de-caracter-personal-apiac\/#primaryimage\"},\"thumbnailUrl\":\"https:\/\/i0.wp.com\/www.agrocursos.es\/wp-content\/uploads\/2019\/12\/politica-privacidad-datos-personales-AGROCURSOS.jpg?resize=201%2C251\",\"datePublished\":\"2023-06-22T17:21:24+00:00\",\"dateModified\":\"2023-06-22T17:21:26+00:00\",\"breadcrumb\":{\"@id\":\"http:\/\/www.agronomoscuenca.es\/index.php\/politica-de-datos-de-caracter-personal-apiac\/#breadcrumb\"},\"inLanguage\":\"es\",\"potentialAction\":[{\"@type\":\"ReadAction\",\"target\":[\"http:\/\/www.agronomoscuenca.es\/index.php\/politica-de-datos-de-caracter-personal-apiac\/\"]}]},{\"@type\":\"ImageObject\",\"inLanguage\":\"es\",\"@id\":\"http:\/\/www.agronomoscuenca.es\/index.php\/politica-de-datos-de-caracter-personal-apiac\/#primaryimage\",\"url\":\"https:\/\/i0.wp.com\/www.agrocursos.es\/wp-content\/uploads\/2019\/12\/politica-privacidad-datos-personales-AGROCURSOS.jpg?resize=201%2C251\",\"contentUrl\":\"https:\/\/i0.wp.com\/www.agrocursos.es\/wp-content\/uploads\/2019\/12\/politica-privacidad-datos-personales-AGROCURSOS.jpg?resize=201%2C251\"},{\"@type\":\"BreadcrumbList\",\"@id\":\"http:\/\/www.agronomoscuenca.es\/index.php\/politica-de-datos-de-caracter-personal-apiac\/#breadcrumb\",\"itemListElement\":[{\"@type\":\"ListItem\",\"position\":1,\"name\":\"Portada\",\"item\":\"https:\/\/www.agronomoscuenca.es\/\"},{\"@type\":\"ListItem\",\"position\":2,\"name\":\"Pol\u00edtica de datos de car\u00e1cter personal \u2013 APIAC\"}]},{\"@type\":\"WebSite\",\"@id\":\"https:\/\/www.agronomoscuenca.es\/#website\",\"url\":\"https:\/\/www.agronomoscuenca.es\/\",\"name\":\"APIAC\",\"description\":\"Asociaci\u00f3n Profesional de Ingenieros Agronomos\",\"publisher\":{\"@id\":\"https:\/\/www.agronomoscuenca.es\/#organization\"},\"potentialAction\":[{\"@type\":\"SearchAction\",\"target\":{\"@type\":\"EntryPoint\",\"urlTemplate\":\"https:\/\/www.agronomoscuenca.es\/?s={search_term_string}\"},\"query-input\":{\"@type\":\"PropertyValueSpecification\",\"valueRequired\":true,\"valueName\":\"search_term_string\"}}],\"inLanguage\":\"es\"},{\"@type\":\"Organization\",\"@id\":\"https:\/\/www.agronomoscuenca.es\/#organization\",\"name\":\"APIAC\",\"url\":\"https:\/\/www.agronomoscuenca.es\/\",\"logo\":{\"@type\":\"ImageObject\",\"inLanguage\":\"es\",\"@id\":\"https:\/\/www.agronomoscuenca.es\/#\/schema\/logo\/image\/\",\"url\":\"http:\/\/www.agronomoscuenca.es\/wp-content\/uploads\/2023\/06\/cropped-logo-apiac-800x470-1.jpg\",\"contentUrl\":\"http:\/\/www.agronomoscuenca.es\/wp-content\/uploads\/2023\/06\/cropped-logo-apiac-800x470-1.jpg\",\"width\":800,\"height\":419,\"caption\":\"APIAC\"},\"image\":{\"@id\":\"https:\/\/www.agronomoscuenca.es\/#\/schema\/logo\/image\/\"}}]}<\/script>\n<!-- \/ Yoast SEO plugin. -->","yoast_head_json":{"title":"Pol\u00edtica de datos de car\u00e1cter personal \u2013 APIAC - APIAC","robots":{"index":"index","follow":"follow","max-snippet":"max-snippet:-1","max-image-preview":"max-image-preview:large","max-video-preview":"max-video-preview:-1"},"canonical":"http:\/\/www.agronomoscuenca.es\/index.php\/politica-de-datos-de-caracter-personal-apiac\/","og_locale":"es_ES","og_type":"article","og_title":"Pol\u00edtica de datos de car\u00e1cter personal \u2013 APIAC - APIAC","og_description":"EDITAR Cumplimiento de la Ley de datos de car\u00e1cter personal En agroCursos somos conscientes del valor que tiene para usted su privacidad. Por ello, s\u00f3lo requerimos algunos datos de car\u00e1cter personal&nbsp; \u2014como su nombre o su e-mail\u2014 cuando es estrictamente necesario para facilitarle la informaci\u00f3n, productos o servicios que nos solicita o para ponernos en [&hellip;]","og_url":"http:\/\/www.agronomoscuenca.es\/index.php\/politica-de-datos-de-caracter-personal-apiac\/","og_site_name":"APIAC","article_modified_time":"2023-06-22T17:21:26+00:00","og_image":[{"url":"https:\/\/i0.wp.com\/www.agrocursos.es\/wp-content\/uploads\/2019\/12\/politica-privacidad-datos-personales-AGROCURSOS.jpg?resize=201%2C251","type":"","width":"","height":""}],"twitter_card":"summary_large_image","twitter_misc":{"Tiempo de lectura":"3 minutos"},"schema":{"@context":"https:\/\/schema.org","@graph":[{"@type":"WebPage","@id":"http:\/\/www.agronomoscuenca.es\/index.php\/politica-de-datos-de-caracter-personal-apiac\/","url":"http:\/\/www.agronomoscuenca.es\/index.php\/politica-de-datos-de-caracter-personal-apiac\/","name":"Pol\u00edtica de datos de car\u00e1cter personal \u2013 APIAC - APIAC","isPartOf":{"@id":"https:\/\/www.agronomoscuenca.es\/#website"},"primaryImageOfPage":{"@id":"http:\/\/www.agronomoscuenca.es\/index.php\/politica-de-datos-de-caracter-personal-apiac\/#primaryimage"},"image":{"@id":"http:\/\/www.agronomoscuenca.es\/index.php\/politica-de-datos-de-caracter-personal-apiac\/#primaryimage"},"thumbnailUrl":"https:\/\/i0.wp.com\/www.agrocursos.es\/wp-content\/uploads\/2019\/12\/politica-privacidad-datos-personales-AGROCURSOS.jpg?resize=201%2C251","datePublished":"2023-06-22T17:21:24+00:00","dateModified":"2023-06-22T17:21:26+00:00","breadcrumb":{"@id":"http:\/\/www.agronomoscuenca.es\/index.php\/politica-de-datos-de-caracter-personal-apiac\/#breadcrumb"},"inLanguage":"es","potentialAction":[{"@type":"ReadAction","target":["http:\/\/www.agronomoscuenca.es\/index.php\/politica-de-datos-de-caracter-personal-apiac\/"]}]},{"@type":"ImageObject","inLanguage":"es","@id":"http:\/\/www.agronomoscuenca.es\/index.php\/politica-de-datos-de-caracter-personal-apiac\/#primaryimage","url":"https:\/\/i0.wp.com\/www.agrocursos.es\/wp-content\/uploads\/2019\/12\/politica-privacidad-datos-personales-AGROCURSOS.jpg?resize=201%2C251","contentUrl":"https:\/\/i0.wp.com\/www.agrocursos.es\/wp-content\/uploads\/2019\/12\/politica-privacidad-datos-personales-AGROCURSOS.jpg?resize=201%2C251"},{"@type":"BreadcrumbList","@id":"http:\/\/www.agronomoscuenca.es\/index.php\/politica-de-datos-de-caracter-personal-apiac\/#breadcrumb","itemListElement":[{"@type":"ListItem","position":1,"name":"Portada","item":"https:\/\/www.agronomoscuenca.es\/"},{"@type":"ListItem","position":2,"name":"Pol\u00edtica de datos de car\u00e1cter personal \u2013 APIAC"}]},{"@type":"WebSite","@id":"https:\/\/www.agronomoscuenca.es\/#website","url":"https:\/\/www.agronomoscuenca.es\/","name":"APIAC","description":"Asociaci\u00f3n Profesional de Ingenieros Agronomos","publisher":{"@id":"https:\/\/www.agronomoscuenca.es\/#organization"},"potentialAction":[{"@type":"SearchAction","target":{"@type":"EntryPoint","urlTemplate":"https:\/\/www.agronomoscuenca.es\/?s={search_term_string}"},"query-input":{"@type":"PropertyValueSpecification","valueRequired":true,"valueName":"search_term_string"}}],"inLanguage":"es"},{"@type":"Organization","@id":"https:\/\/www.agronomoscuenca.es\/#organization","name":"APIAC","url":"https:\/\/www.agronomoscuenca.es\/","logo":{"@type":"ImageObject","inLanguage":"es","@id":"https:\/\/www.agronomoscuenca.es\/#\/schema\/logo\/image\/","url":"http:\/\/www.agronomoscuenca.es\/wp-content\/uploads\/2023\/06\/cropped-logo-apiac-800x470-1.jpg","contentUrl":"http:\/\/www.agronomoscuenca.es\/wp-content\/uploads\/2023\/06\/cropped-logo-apiac-800x470-1.jpg","width":800,"height":419,"caption":"APIAC"},"image":{"@id":"https:\/\/www.agronomoscuenca.es\/#\/schema\/logo\/image\/"}}]}},"jetpack_sharing_enabled":true,"_links":{"self":[{"href":"http:\/\/www.agronomoscuenca.es\/index.php\/wp-json\/wp\/v2\/pages\/42","targetHints":{"allow":["GET"]}}],"collection":[{"href":"http:\/\/www.agronomoscuenca.es\/index.php\/wp-json\/wp\/v2\/pages"}],"about":[{"href":"http:\/\/www.agronomoscuenca.es\/index.php\/wp-json\/wp\/v2\/types\/page"}],"author":[{"embeddable":true,"href":"http:\/\/www.agronomoscuenca.es\/index.php\/wp-json\/wp\/v2\/users\/1"}],"replies":[{"embeddable":true,"href":"http:\/\/www.agronomoscuenca.es\/index.php\/wp-json\/wp\/v2\/comments?post=42"}],"version-history":[{"count":1,"href":"http:\/\/www.agronomoscuenca.es\/index.php\/wp-json\/wp\/v2\/pages\/42\/revisions"}],"predecessor-version":[{"id":43,"href":"http:\/\/www.agronomoscuenca.es\/index.php\/wp-json\/wp\/v2\/pages\/42\/revisions\/43"}],"wp:attachment":[{"href":"http:\/\/www.agronomoscuenca.es\/index.php\/wp-json\/wp\/v2\/media?parent=42"}],"curies":[{"name":"wp","href":"https:\/\/api.w.org\/{rel}","templated":true}]}}