{"id":39,"date":"2023-06-22T17:19:25","date_gmt":"2023-06-22T17:19:25","guid":{"rendered":"https:\/\/www.agronomoscuenca.es\/?page_id=39"},"modified":"2023-06-22T17:19:56","modified_gmt":"2023-06-22T17:19:56","slug":"politica-de-cookies-agrocursos","status":"publish","type":"page","link":"http:\/\/www.agronomoscuenca.es\/index.php\/politica-de-cookies-agrocursos\/","title":{"rendered":"Pol\u00edtica de cookies \u2013 APIAC"},"content":{"rendered":"\n<p><a href=\"https:\/\/www.agrocursos.es\/wp-admin\/post.php?post=66&amp;action=edit\">EDITAR<\/a><\/p>\n\n\n\n<p>En cumplimiento con lo establecido en el art\u00edculo 22.2 de la Ley de Servicios de la Sociedad de la Informaci\u00f3n y del Comercio Electr\u00f3nico (LSSI) y en adecuaci\u00f3n con la Directiva Europea 2009\/136\/CE, Le informamos de que este sitio web hace uso de cookies y sobre nuestra pol\u00edtica de cookies.<\/p>\n\n\n\n<h2 class=\"wp-block-heading\">Pol\u00edtica de cookies<\/h2>\n\n\n\n<figure class=\"wp-block-image\"><img decoding=\"async\" src=\"https:\/\/i0.wp.com\/www.agrocursos.es\/wp-content\/uploads\/2019\/12\/borrar-cookies_agrocursos-150x150-1.jpg?resize=150%2C150\" alt=\"\" class=\"wp-image-47\"\/><\/figure>\n\n\n\n<p>Una cookie es una peque\u00f1a informaci\u00f3n enviada por un sitio web y almacenada en el navegador del usuario, de manera que el sitio web puede consultar la actividad previa del usuario.<br>En este sitio web se utilizan las siguientes cookies que se detallan a continuaci\u00f3n:<\/p>\n\n\n\n<ul class=\"wp-block-list\">\n<li>Cookies estrictamente necesarias para la prestaci\u00f3n de determinados servicios solicitados expresamente por el usuario y que pueden servir para una correcta navegaci\u00f3n o que sirven para asegurar que el contenido de una p\u00e1gina web se carga eficazmente, en caso de desactivarse el usuario no podr\u00e1 recibir correctamente los servicios y contenidos establecidos.<\/li>\n\n\n\n<li>Cookies propias, son aquellas que se env\u00edan al equipo terminal del usuario desde un equipo o dominio gestionado por el propio editor y desde el que se presta el servicio solicitado por el usuario.<\/li>\n\n\n\n<li>Cookies de terceros, son aqu\u00e9llas que se env\u00edan al equipo terminal del usuario desde un equipo o&nbsp; dominio que no es gestionado por el editor, sino por otra entidad que trata los datos obtenidos a trav\u00e9s de las cookies.<\/li>\n\n\n\n<li>Cookies anal\u00edticas, para el seguimiento y recopilaci\u00f3n de datos estad\u00edsticos de la actividad, con el prop\u00f3sito de garantizar el mejor servicio al usuario.<\/li>\n\n\n\n<li>Cookies publicitarias, para la gesti\u00f3n de los espacios publicitarios en base a criterios como la frecuencia en que se muestran los anuncios.<\/li>\n\n\n\n<li>Cookies de sesi\u00f3n, est\u00e1n dise\u00f1adas para recabar y almacenar datos mientras el usuario accede a una p\u00e1gina web.<\/li>\n<\/ul>\n\n\n\n<h2 class=\"wp-block-heading\">LISTA DE SOCIOS<\/h2>\n\n\n\n<ul class=\"wp-block-list\">\n<li>&nbsp;<a href=\"https:\/\/policies.google.com\/privacy?fg=1\">Google<\/a><\/li>\n\n\n\n<li><a href=\"https:\/\/www.facebook.com\/policies\/cookies\/\">Facebook<\/a><\/li>\n<\/ul>\n\n\n\n<h2 class=\"wp-block-heading\">DESACTIVACI\u00d3N DE COOKIES<\/h2>\n\n\n\n<p>El usuario podr\u00e1 -en cualquier momento- elegir qu\u00e9 cookies quiere que funcionen en este sitio web mediante la configuraci\u00f3n del&nbsp;navegador:<\/p>\n\n\n\n<ul class=\"wp-block-list\">\n<li>Chrome, desde&nbsp;<a href=\"http:\/\/support.google.com\/chrome\/bin\/answer.py?hl=es&amp;answer=95647\">http:\/\/support.google.com\/chrome\/bin\/answer.py?hl=es&amp;answer=95647<\/a><\/li>\n\n\n\n<li>Explorer, desde&nbsp;<a href=\"http:\/\/windows.microsoft.com\/es-es\/windows7\/how-to-manage-cookies-in-internet-explorer-9\">http:\/\/windows.microsoft.com\/es-es\/windows7\/how-to-manage-cookies-in-internet-explorer-9<\/a><\/li>\n\n\n\n<li>Firefox, desde&nbsp;<a href=\"http:\/\/support.mozilla.org\/es\/kb\/habilitar-y-deshabilitar-cookies-que-los-sitios-we\">http:\/\/support.mozilla.org\/es\/kb\/habilitar-y-deshabilitar-cookies-que-los-sitios-we<\/a><\/li>\n\n\n\n<li>Safari, desde&nbsp;<a href=\"http:\/\/support.apple.com\/kb\/ph5042\">http:\/\/support.apple.com\/kb\/ph5042<\/a><\/li>\n<\/ul>\n\n\n\n<p>Si comparte contenido de \u00e9ste sitio web mediante redes sociales como Facebook y Twitter, es posible que reciba cookies de dichos sitios web. Los ajustes de las cookies de terceros no est\u00e1n bajo el control de esta web, por lo que le sugerimos que compruebe los sitios web de terceros para obtener m\u00e1s informaci\u00f3n sobre sus cookies y c\u00f3mo gestionarlas.<\/p>\n","protected":false},"excerpt":{"rendered":"<p>EDITAR En cumplimiento con lo establecido en el art\u00edculo 22.2 de la Ley de Servicios de la Sociedad de la Informaci\u00f3n y del Comercio Electr\u00f3nico (LSSI) y en adecuaci\u00f3n con la Directiva Europea 2009\/136\/CE, Le informamos de que este sitio web hace uso de cookies y sobre nuestra pol\u00edtica de cookies. Pol\u00edtica de cookies Una [&hellip;]<\/p>\n","protected":false},"author":1,"featured_media":0,"parent":0,"menu_order":0,"comment_status":"closed","ping_status":"closed","template":"","meta":{"footnotes":""},"class_list":["post-39","page","type-page","status-publish","czr-hentry"],"yoast_head":"<!-- This site is optimized with the Yoast SEO plugin v26.6 - https:\/\/yoast.com\/wordpress\/plugins\/seo\/ -->\n<title>Pol\u00edtica de cookies \u2013 APIAC - APIAC<\/title>\n<meta name=\"robots\" content=\"index, follow, max-snippet:-1, max-image-preview:large, max-video-preview:-1\" \/>\n<link rel=\"canonical\" href=\"http:\/\/www.agronomoscuenca.es\/index.php\/politica-de-cookies-agrocursos\/\" \/>\n<meta property=\"og:locale\" content=\"es_ES\" \/>\n<meta property=\"og:type\" content=\"article\" \/>\n<meta property=\"og:title\" content=\"Pol\u00edtica de cookies \u2013 APIAC - APIAC\" \/>\n<meta property=\"og:description\" content=\"EDITAR En cumplimiento con lo establecido en el art\u00edculo 22.2 de la Ley de Servicios de la Sociedad de la Informaci\u00f3n y del Comercio Electr\u00f3nico (LSSI) y en adecuaci\u00f3n con la Directiva Europea 2009\/136\/CE, Le informamos de que este sitio web hace uso de cookies y sobre nuestra pol\u00edtica de cookies. Pol\u00edtica de cookies Una [&hellip;]\" \/>\n<meta property=\"og:url\" content=\"http:\/\/www.agronomoscuenca.es\/index.php\/politica-de-cookies-agrocursos\/\" \/>\n<meta property=\"og:site_name\" content=\"APIAC\" \/>\n<meta property=\"article:modified_time\" content=\"2023-06-22T17:19:56+00:00\" \/>\n<meta property=\"og:image\" content=\"https:\/\/i0.wp.com\/www.agrocursos.es\/wp-content\/uploads\/2019\/12\/borrar-cookies_agrocursos-150x150-1.jpg?resize=150%2C150\" \/>\n<meta name=\"twitter:card\" content=\"summary_large_image\" \/>\n<meta name=\"twitter:label1\" content=\"Tiempo de lectura\" \/>\n\t<meta name=\"twitter:data1\" content=\"2 minutos\" \/>\n<script type=\"application\/ld+json\" class=\"yoast-schema-graph\">{\"@context\":\"https:\/\/schema.org\",\"@graph\":[{\"@type\":\"WebPage\",\"@id\":\"http:\/\/www.agronomoscuenca.es\/index.php\/politica-de-cookies-agrocursos\/\",\"url\":\"http:\/\/www.agronomoscuenca.es\/index.php\/politica-de-cookies-agrocursos\/\",\"name\":\"Pol\u00edtica de cookies \u2013 APIAC - APIAC\",\"isPartOf\":{\"@id\":\"https:\/\/www.agronomoscuenca.es\/#website\"},\"primaryImageOfPage\":{\"@id\":\"http:\/\/www.agronomoscuenca.es\/index.php\/politica-de-cookies-agrocursos\/#primaryimage\"},\"image\":{\"@id\":\"http:\/\/www.agronomoscuenca.es\/index.php\/politica-de-cookies-agrocursos\/#primaryimage\"},\"thumbnailUrl\":\"https:\/\/i0.wp.com\/www.agrocursos.es\/wp-content\/uploads\/2019\/12\/borrar-cookies_agrocursos-150x150-1.jpg?resize=150%2C150\",\"datePublished\":\"2023-06-22T17:19:25+00:00\",\"dateModified\":\"2023-06-22T17:19:56+00:00\",\"breadcrumb\":{\"@id\":\"http:\/\/www.agronomoscuenca.es\/index.php\/politica-de-cookies-agrocursos\/#breadcrumb\"},\"inLanguage\":\"es\",\"potentialAction\":[{\"@type\":\"ReadAction\",\"target\":[\"http:\/\/www.agronomoscuenca.es\/index.php\/politica-de-cookies-agrocursos\/\"]}]},{\"@type\":\"ImageObject\",\"inLanguage\":\"es\",\"@id\":\"http:\/\/www.agronomoscuenca.es\/index.php\/politica-de-cookies-agrocursos\/#primaryimage\",\"url\":\"https:\/\/i0.wp.com\/www.agrocursos.es\/wp-content\/uploads\/2019\/12\/borrar-cookies_agrocursos-150x150-1.jpg?resize=150%2C150\",\"contentUrl\":\"https:\/\/i0.wp.com\/www.agrocursos.es\/wp-content\/uploads\/2019\/12\/borrar-cookies_agrocursos-150x150-1.jpg?resize=150%2C150\"},{\"@type\":\"BreadcrumbList\",\"@id\":\"http:\/\/www.agronomoscuenca.es\/index.php\/politica-de-cookies-agrocursos\/#breadcrumb\",\"itemListElement\":[{\"@type\":\"ListItem\",\"position\":1,\"name\":\"Portada\",\"item\":\"https:\/\/www.agronomoscuenca.es\/\"},{\"@type\":\"ListItem\",\"position\":2,\"name\":\"Pol\u00edtica de cookies \u2013 APIAC\"}]},{\"@type\":\"WebSite\",\"@id\":\"https:\/\/www.agronomoscuenca.es\/#website\",\"url\":\"https:\/\/www.agronomoscuenca.es\/\",\"name\":\"APIAC\",\"description\":\"Asociaci\u00f3n Profesional de Ingenieros Agronomos\",\"publisher\":{\"@id\":\"https:\/\/www.agronomoscuenca.es\/#organization\"},\"potentialAction\":[{\"@type\":\"SearchAction\",\"target\":{\"@type\":\"EntryPoint\",\"urlTemplate\":\"https:\/\/www.agronomoscuenca.es\/?s={search_term_string}\"},\"query-input\":{\"@type\":\"PropertyValueSpecification\",\"valueRequired\":true,\"valueName\":\"search_term_string\"}}],\"inLanguage\":\"es\"},{\"@type\":\"Organization\",\"@id\":\"https:\/\/www.agronomoscuenca.es\/#organization\",\"name\":\"APIAC\",\"url\":\"https:\/\/www.agronomoscuenca.es\/\",\"logo\":{\"@type\":\"ImageObject\",\"inLanguage\":\"es\",\"@id\":\"https:\/\/www.agronomoscuenca.es\/#\/schema\/logo\/image\/\",\"url\":\"http:\/\/www.agronomoscuenca.es\/wp-content\/uploads\/2023\/06\/cropped-logo-apiac-800x470-1.jpg\",\"contentUrl\":\"http:\/\/www.agronomoscuenca.es\/wp-content\/uploads\/2023\/06\/cropped-logo-apiac-800x470-1.jpg\",\"width\":800,\"height\":419,\"caption\":\"APIAC\"},\"image\":{\"@id\":\"https:\/\/www.agronomoscuenca.es\/#\/schema\/logo\/image\/\"}}]}<\/script>\n<!-- \/ Yoast SEO plugin. -->","yoast_head_json":{"title":"Pol\u00edtica de cookies \u2013 APIAC - APIAC","robots":{"index":"index","follow":"follow","max-snippet":"max-snippet:-1","max-image-preview":"max-image-preview:large","max-video-preview":"max-video-preview:-1"},"canonical":"http:\/\/www.agronomoscuenca.es\/index.php\/politica-de-cookies-agrocursos\/","og_locale":"es_ES","og_type":"article","og_title":"Pol\u00edtica de cookies \u2013 APIAC - APIAC","og_description":"EDITAR En cumplimiento con lo establecido en el art\u00edculo 22.2 de la Ley de Servicios de la Sociedad de la Informaci\u00f3n y del Comercio Electr\u00f3nico (LSSI) y en adecuaci\u00f3n con la Directiva Europea 2009\/136\/CE, Le informamos de que este sitio web hace uso de cookies y sobre nuestra pol\u00edtica de cookies. Pol\u00edtica de cookies Una [&hellip;]","og_url":"http:\/\/www.agronomoscuenca.es\/index.php\/politica-de-cookies-agrocursos\/","og_site_name":"APIAC","article_modified_time":"2023-06-22T17:19:56+00:00","og_image":[{"url":"https:\/\/i0.wp.com\/www.agrocursos.es\/wp-content\/uploads\/2019\/12\/borrar-cookies_agrocursos-150x150-1.jpg?resize=150%2C150","type":"","width":"","height":""}],"twitter_card":"summary_large_image","twitter_misc":{"Tiempo de lectura":"2 minutos"},"schema":{"@context":"https:\/\/schema.org","@graph":[{"@type":"WebPage","@id":"http:\/\/www.agronomoscuenca.es\/index.php\/politica-de-cookies-agrocursos\/","url":"http:\/\/www.agronomoscuenca.es\/index.php\/politica-de-cookies-agrocursos\/","name":"Pol\u00edtica de cookies \u2013 APIAC - APIAC","isPartOf":{"@id":"https:\/\/www.agronomoscuenca.es\/#website"},"primaryImageOfPage":{"@id":"http:\/\/www.agronomoscuenca.es\/index.php\/politica-de-cookies-agrocursos\/#primaryimage"},"image":{"@id":"http:\/\/www.agronomoscuenca.es\/index.php\/politica-de-cookies-agrocursos\/#primaryimage"},"thumbnailUrl":"https:\/\/i0.wp.com\/www.agrocursos.es\/wp-content\/uploads\/2019\/12\/borrar-cookies_agrocursos-150x150-1.jpg?resize=150%2C150","datePublished":"2023-06-22T17:19:25+00:00","dateModified":"2023-06-22T17:19:56+00:00","breadcrumb":{"@id":"http:\/\/www.agronomoscuenca.es\/index.php\/politica-de-cookies-agrocursos\/#breadcrumb"},"inLanguage":"es","potentialAction":[{"@type":"ReadAction","target":["http:\/\/www.agronomoscuenca.es\/index.php\/politica-de-cookies-agrocursos\/"]}]},{"@type":"ImageObject","inLanguage":"es","@id":"http:\/\/www.agronomoscuenca.es\/index.php\/politica-de-cookies-agrocursos\/#primaryimage","url":"https:\/\/i0.wp.com\/www.agrocursos.es\/wp-content\/uploads\/2019\/12\/borrar-cookies_agrocursos-150x150-1.jpg?resize=150%2C150","contentUrl":"https:\/\/i0.wp.com\/www.agrocursos.es\/wp-content\/uploads\/2019\/12\/borrar-cookies_agrocursos-150x150-1.jpg?resize=150%2C150"},{"@type":"BreadcrumbList","@id":"http:\/\/www.agronomoscuenca.es\/index.php\/politica-de-cookies-agrocursos\/#breadcrumb","itemListElement":[{"@type":"ListItem","position":1,"name":"Portada","item":"https:\/\/www.agronomoscuenca.es\/"},{"@type":"ListItem","position":2,"name":"Pol\u00edtica de cookies \u2013 APIAC"}]},{"@type":"WebSite","@id":"https:\/\/www.agronomoscuenca.es\/#website","url":"https:\/\/www.agronomoscuenca.es\/","name":"APIAC","description":"Asociaci\u00f3n Profesional de Ingenieros Agronomos","publisher":{"@id":"https:\/\/www.agronomoscuenca.es\/#organization"},"potentialAction":[{"@type":"SearchAction","target":{"@type":"EntryPoint","urlTemplate":"https:\/\/www.agronomoscuenca.es\/?s={search_term_string}"},"query-input":{"@type":"PropertyValueSpecification","valueRequired":true,"valueName":"search_term_string"}}],"inLanguage":"es"},{"@type":"Organization","@id":"https:\/\/www.agronomoscuenca.es\/#organization","name":"APIAC","url":"https:\/\/www.agronomoscuenca.es\/","logo":{"@type":"ImageObject","inLanguage":"es","@id":"https:\/\/www.agronomoscuenca.es\/#\/schema\/logo\/image\/","url":"http:\/\/www.agronomoscuenca.es\/wp-content\/uploads\/2023\/06\/cropped-logo-apiac-800x470-1.jpg","contentUrl":"http:\/\/www.agronomoscuenca.es\/wp-content\/uploads\/2023\/06\/cropped-logo-apiac-800x470-1.jpg","width":800,"height":419,"caption":"APIAC"},"image":{"@id":"https:\/\/www.agronomoscuenca.es\/#\/schema\/logo\/image\/"}}]}},"jetpack_sharing_enabled":true,"_links":{"self":[{"href":"http:\/\/www.agronomoscuenca.es\/index.php\/wp-json\/wp\/v2\/pages\/39","targetHints":{"allow":["GET"]}}],"collection":[{"href":"http:\/\/www.agronomoscuenca.es\/index.php\/wp-json\/wp\/v2\/pages"}],"about":[{"href":"http:\/\/www.agronomoscuenca.es\/index.php\/wp-json\/wp\/v2\/types\/page"}],"author":[{"embeddable":true,"href":"http:\/\/www.agronomoscuenca.es\/index.php\/wp-json\/wp\/v2\/users\/1"}],"replies":[{"embeddable":true,"href":"http:\/\/www.agronomoscuenca.es\/index.php\/wp-json\/wp\/v2\/comments?post=39"}],"version-history":[{"count":2,"href":"http:\/\/www.agronomoscuenca.es\/index.php\/wp-json\/wp\/v2\/pages\/39\/revisions"}],"predecessor-version":[{"id":41,"href":"http:\/\/www.agronomoscuenca.es\/index.php\/wp-json\/wp\/v2\/pages\/39\/revisions\/41"}],"wp:attachment":[{"href":"http:\/\/www.agronomoscuenca.es\/index.php\/wp-json\/wp\/v2\/media?parent=39"}],"curies":[{"name":"wp","href":"https:\/\/api.w.org\/{rel}","templated":true}]}}