{"id":37,"date":"2023-06-22T17:15:27","date_gmt":"2023-06-22T17:15:27","guid":{"rendered":"https:\/\/www.agronomoscuenca.es\/?page_id=37"},"modified":"2023-06-22T17:15:29","modified_gmt":"2023-06-22T17:15:29","slug":"aviso-legal","status":"publish","type":"page","link":"http:\/\/www.agronomoscuenca.es\/index.php\/aviso-legal\/","title":{"rendered":"Aviso legal"},"content":{"rendered":"\n<h1 class=\"wp-block-heading\"><a href=\"https:\/\/www.agrocursos.es\/wp-admin\/post.php?post=63&amp;action=edit\">EDITAR<\/a><\/h1>\n\n\n\n<h1 class=\"wp-block-heading\">Aviso legal&nbsp;sobre la propiedad intelectual e industrial<\/h1>\n\n\n\n<figure class=\"wp-block-image\"><img decoding=\"async\" src=\"https:\/\/i0.wp.com\/www.agrocursos.es\/wp-content\/uploads\/2019\/12\/aviso-legal-agrocursos.jpg?resize=300%2C258\" alt=\"\" class=\"wp-image-43\"\/><\/figure>\n\n\n\n<h2 class=\"wp-block-heading\">Descripci\u00f3n de la p\u00e1gina<\/h2>\n\n\n\n<p>www.agronomoscuenca.es\u00a0(en adelante, \u201cla web\u201d o \u201cla p\u00e1gina web\u201d o \u201cwebsite\u201d) posee car\u00e1cter informativo gen\u00e9rico y de car\u00e1cter no exhaustivo, encontr\u00e1ndose dirigida a sus clientes y contactos y no a consumidores finales ni menores de edad.<\/p>\n\n\n\n<p>El acceso al website es gratuito salvo, en su caso, en lo relativo al coste de la conexi\u00f3n a trav\u00e9s de la red de telecomunicaciones suministrada por el proveedor de acceso contratado por el Usuario.<\/p>\n\n\n\n<h2 class=\"wp-block-heading\">Identificaci\u00f3n<\/h2>\n\n\n\n<p>El propietario de la p\u00e1gina es APIAC&nbsp;(Asociaci\u00f3n Profesional de Ingenieros Agr\u00f3nomos)&nbsp;Calle Alonso Chirino 4 1Derecha, 16001 Cuenca NIF G16301012<\/p>\n\n\n\n<h2 class=\"wp-block-heading\">Aceptaci\u00f3n de estas Condiciones<\/h2>\n\n\n\n<p>El hecho de que acceda a este sitio web implica que conoce, entiende y acepta las Condiciones de Uso en la versi\u00f3n existente en el momento del acceso. Dado que, en funci\u00f3n de las normativas legales vigentes en cada momento, las Condiciones pueden sufrir modificaciones, le recomendamos que las consulte cada vez que acceda a este sitio web, as\u00ed como nuestra Pol\u00edtica de Privacidad.<\/p>\n\n\n\n<h2 class=\"wp-block-heading\">Objeto del sitio. Exclusi\u00f3n de responsabilidades.<\/h2>\n\n\n\n<p>A trav\u00e9s de este sitio web, proporcionamos informaci\u00f3n sobre los servicios y\/o productos que ofrecemos o comercializamos. Esa informaci\u00f3n se ofrece tal y como puede verla el usuario, no aceptando&nbsp;APIAC responsabilidad alguna por posibles perjuicios causados por:<\/p>\n\n\n\n<ul class=\"wp-block-list\">\n<li>La inexistencia de la informaci\u00f3n o los servicios y\/o productos ofrecidos, su inexactitud, su falta de actualizaci\u00f3n o la existencia de fallos en el acceso a parte o a la totalidad de los contenidos de este sitio web o de otros a los que se pueda acceder desde \u00e9ste.<\/li>\n\n\n\n<li>La p\u00e9rdida de informaci\u00f3n o da\u00f1os en equipos causados por la utilizaci\u00f3n de este sitio web o de otros a los que se pueda acceder desde \u00e9ste.<\/li>\n<\/ul>\n\n\n\n<h2 class=\"wp-block-heading\">Utilizaci\u00f3n del sitio web<\/h2>\n\n\n\n<p>Su acceso a este sitio web tiene lugar bajo su \u00fanica y exclusiva responsabilidad, y as\u00ed lo acepta voluntaria y expresamente al acceder a \u00e9l. Consiente, asimismo, en no utilizar ninguno de los contenidos incluidos en el sitio web para fines que sean il\u00edcitos o vayan en contra del orden p\u00fablico, la moral y las buenas costumbres com\u00fanmente aceptadas. En particular, y sin que ello suponga una limitaci\u00f3n a lo aqu\u00ed enunciado, se compromete a no obtener, reproducir o distribuir los contenidos mostrados en este sitio web si no es para uso personal y en ning\u00fan caso lucrativo.<\/p>\n\n\n\n<h2 class=\"wp-block-heading\">Derechos de propiedad intelectual<\/h2>\n\n\n\n<p>Todas las marcas, nombres comerciales o signos distintivos de cualquier clase que aparecen en el sitio web son propiedad de&nbsp;APIAC&nbsp; o de terceros, sin que pueda entenderse que el acceso al sitio web le otorga derecho alguno sobre las citadas marcas, nombres comerciales y\/o signos distintivos. Asimismo, los contenidos son propiedad intelectual de nuestra empresa o de terceros, sin que puedan entenderse cedidos a usted ninguno de los derechos de explotaci\u00f3n que existen o puedan existir sobre ellos.<\/p>\n\n\n\n<p>Este website y los contenidos que alberga se encuentran protegidos por las leyes de Propiedad Intelectual. No podr\u00e1n ser objeto de explotaci\u00f3n, reproducci\u00f3n, distribuci\u00f3n, modificaci\u00f3n, comunicaci\u00f3n p\u00fablica, cesi\u00f3n o transformaci\u00f3n. El acceso a este website no otorga a los usuarios derecho, ni titularidad alguna sobre los derechos de propiedad intelectual o industrial de los contenidos que alberga este website.<\/p>\n\n\n\n<p>Enlaces a terceros<\/p>\n\n\n\n<p>El website puede contener enlaces con varias p\u00e1ginas web operadas por otros operadores de distinta naturaleza. La inclusi\u00f3n de tales enlaces se realiza como cortes\u00eda y para su mejor conveniencia. Al interactuar con cualquiera de tales enlaces, las presentes condiciones dejar\u00e1n de estar vigentes, no siendo \u201cel titular\u201d responsable sobre el contenido de p\u00e1ginas web de terceros ni sus pol\u00edticas de uso. Si considera que alguno de tales enlaces no es oportuno, por favor, comun\u00edquenoslo.<\/p>\n\n\n\n<h2 class=\"wp-block-heading\">Informaci\u00f3n para los medios<\/h2>\n\n\n\n<p>En el caso de querer mayor informaci\u00f3n sobre nuestras actividades actuales, pasadas y\/o futuras, resultados financieros, entrevistas con cualquiera de los integrantes de nuestro equipo, y\/o acceso a versiones profesionales de nuestros logotipos, por favor contacte con: info@agronomoscuenca.es,\u00a0 esta direcci\u00f3n de correo electr\u00f3nico est\u00e1 siendo protegida contra los robots de spam.<\/p>\n\n\n\n<h2 class=\"wp-block-heading\">Actualizaci\u00f3n de las Presentes Condiciones de Uso<\/h2>\n\n\n\n<p>Las presentes condiciones de uso pueden ser actualizadas y\/o modificadas. Por favor, revise peri\u00f3dicamente el contenido de las mismas para confirmar la existencia de cualquier cambio significativo en las mismas. Si tiene cualquier tipo de pregunta acerca de estas condiciones, s\u00edrvase contactarnos a: info@agronomoscuenca.es<\/p>\n\n\n\n<h2 class=\"wp-block-heading\">Legislaci\u00f3n aplicable.<\/h2>\n\n\n\n<p>Estas Condiciones de Uso se rigen por la legislaci\u00f3n espa\u00f1ola.&nbsp;APIAC&nbsp;y el usuario se someten a los Juzgados y Tribunales de Cuenca para cualquier controversia que pudiera derivarse de la prestaci\u00f3n de los servicios objeto de estas Condiciones de Uso.<\/p>\n","protected":false},"excerpt":{"rendered":"<p>EDITAR Aviso legal&nbsp;sobre la propiedad intelectual e industrial Descripci\u00f3n de la p\u00e1gina www.agronomoscuenca.es\u00a0(en adelante, \u201cla web\u201d o \u201cla p\u00e1gina web\u201d o \u201cwebsite\u201d) posee car\u00e1cter informativo gen\u00e9rico y de car\u00e1cter no exhaustivo, encontr\u00e1ndose dirigida a sus clientes y contactos y no a consumidores finales ni menores de edad. El acceso al website es gratuito salvo, en [&hellip;]<\/p>\n","protected":false},"author":1,"featured_media":0,"parent":0,"menu_order":0,"comment_status":"closed","ping_status":"closed","template":"","meta":{"footnotes":""},"class_list":["post-37","page","type-page","status-publish","czr-hentry"],"yoast_head":"<!-- This site is optimized with the Yoast SEO plugin v26.6 - https:\/\/yoast.com\/wordpress\/plugins\/seo\/ -->\n<title>Aviso legal - APIAC<\/title>\n<meta name=\"robots\" content=\"index, follow, max-snippet:-1, max-image-preview:large, max-video-preview:-1\" \/>\n<link rel=\"canonical\" href=\"http:\/\/www.agronomoscuenca.es\/index.php\/aviso-legal\/\" \/>\n<meta property=\"og:locale\" content=\"es_ES\" \/>\n<meta property=\"og:type\" content=\"article\" \/>\n<meta property=\"og:title\" content=\"Aviso legal - APIAC\" \/>\n<meta property=\"og:description\" content=\"EDITAR Aviso legal&nbsp;sobre la propiedad intelectual e industrial Descripci\u00f3n de la p\u00e1gina www.agronomoscuenca.es\u00a0(en adelante, \u201cla web\u201d o \u201cla p\u00e1gina web\u201d o \u201cwebsite\u201d) posee car\u00e1cter informativo gen\u00e9rico y de car\u00e1cter no exhaustivo, encontr\u00e1ndose dirigida a sus clientes y contactos y no a consumidores finales ni menores de edad. El acceso al website es gratuito salvo, en [&hellip;]\" \/>\n<meta property=\"og:url\" content=\"http:\/\/www.agronomoscuenca.es\/index.php\/aviso-legal\/\" \/>\n<meta property=\"og:site_name\" content=\"APIAC\" \/>\n<meta property=\"article:modified_time\" content=\"2023-06-22T17:15:29+00:00\" \/>\n<meta property=\"og:image\" content=\"https:\/\/i0.wp.com\/www.agrocursos.es\/wp-content\/uploads\/2019\/12\/aviso-legal-agrocursos.jpg?resize=300%2C258\" \/>\n<meta name=\"twitter:card\" content=\"summary_large_image\" \/>\n<meta name=\"twitter:label1\" content=\"Tiempo de lectura\" \/>\n\t<meta name=\"twitter:data1\" content=\"4 minutos\" \/>\n<script type=\"application\/ld+json\" class=\"yoast-schema-graph\">{\"@context\":\"https:\/\/schema.org\",\"@graph\":[{\"@type\":\"WebPage\",\"@id\":\"http:\/\/www.agronomoscuenca.es\/index.php\/aviso-legal\/\",\"url\":\"http:\/\/www.agronomoscuenca.es\/index.php\/aviso-legal\/\",\"name\":\"Aviso legal - APIAC\",\"isPartOf\":{\"@id\":\"https:\/\/www.agronomoscuenca.es\/#website\"},\"primaryImageOfPage\":{\"@id\":\"http:\/\/www.agronomoscuenca.es\/index.php\/aviso-legal\/#primaryimage\"},\"image\":{\"@id\":\"http:\/\/www.agronomoscuenca.es\/index.php\/aviso-legal\/#primaryimage\"},\"thumbnailUrl\":\"https:\/\/i0.wp.com\/www.agrocursos.es\/wp-content\/uploads\/2019\/12\/aviso-legal-agrocursos.jpg?resize=300%2C258\",\"datePublished\":\"2023-06-22T17:15:27+00:00\",\"dateModified\":\"2023-06-22T17:15:29+00:00\",\"breadcrumb\":{\"@id\":\"http:\/\/www.agronomoscuenca.es\/index.php\/aviso-legal\/#breadcrumb\"},\"inLanguage\":\"es\",\"potentialAction\":[{\"@type\":\"ReadAction\",\"target\":[\"http:\/\/www.agronomoscuenca.es\/index.php\/aviso-legal\/\"]}]},{\"@type\":\"ImageObject\",\"inLanguage\":\"es\",\"@id\":\"http:\/\/www.agronomoscuenca.es\/index.php\/aviso-legal\/#primaryimage\",\"url\":\"https:\/\/i0.wp.com\/www.agrocursos.es\/wp-content\/uploads\/2019\/12\/aviso-legal-agrocursos.jpg?resize=300%2C258\",\"contentUrl\":\"https:\/\/i0.wp.com\/www.agrocursos.es\/wp-content\/uploads\/2019\/12\/aviso-legal-agrocursos.jpg?resize=300%2C258\"},{\"@type\":\"BreadcrumbList\",\"@id\":\"http:\/\/www.agronomoscuenca.es\/index.php\/aviso-legal\/#breadcrumb\",\"itemListElement\":[{\"@type\":\"ListItem\",\"position\":1,\"name\":\"Portada\",\"item\":\"https:\/\/www.agronomoscuenca.es\/\"},{\"@type\":\"ListItem\",\"position\":2,\"name\":\"Aviso legal\"}]},{\"@type\":\"WebSite\",\"@id\":\"https:\/\/www.agronomoscuenca.es\/#website\",\"url\":\"https:\/\/www.agronomoscuenca.es\/\",\"name\":\"APIAC\",\"description\":\"Asociaci\u00f3n Profesional de Ingenieros Agronomos\",\"publisher\":{\"@id\":\"https:\/\/www.agronomoscuenca.es\/#organization\"},\"potentialAction\":[{\"@type\":\"SearchAction\",\"target\":{\"@type\":\"EntryPoint\",\"urlTemplate\":\"https:\/\/www.agronomoscuenca.es\/?s={search_term_string}\"},\"query-input\":{\"@type\":\"PropertyValueSpecification\",\"valueRequired\":true,\"valueName\":\"search_term_string\"}}],\"inLanguage\":\"es\"},{\"@type\":\"Organization\",\"@id\":\"https:\/\/www.agronomoscuenca.es\/#organization\",\"name\":\"APIAC\",\"url\":\"https:\/\/www.agronomoscuenca.es\/\",\"logo\":{\"@type\":\"ImageObject\",\"inLanguage\":\"es\",\"@id\":\"https:\/\/www.agronomoscuenca.es\/#\/schema\/logo\/image\/\",\"url\":\"http:\/\/www.agronomoscuenca.es\/wp-content\/uploads\/2023\/06\/cropped-logo-apiac-800x470-1.jpg\",\"contentUrl\":\"http:\/\/www.agronomoscuenca.es\/wp-content\/uploads\/2023\/06\/cropped-logo-apiac-800x470-1.jpg\",\"width\":800,\"height\":419,\"caption\":\"APIAC\"},\"image\":{\"@id\":\"https:\/\/www.agronomoscuenca.es\/#\/schema\/logo\/image\/\"}}]}<\/script>\n<!-- \/ Yoast SEO plugin. -->","yoast_head_json":{"title":"Aviso legal - APIAC","robots":{"index":"index","follow":"follow","max-snippet":"max-snippet:-1","max-image-preview":"max-image-preview:large","max-video-preview":"max-video-preview:-1"},"canonical":"http:\/\/www.agronomoscuenca.es\/index.php\/aviso-legal\/","og_locale":"es_ES","og_type":"article","og_title":"Aviso legal - APIAC","og_description":"EDITAR Aviso legal&nbsp;sobre la propiedad intelectual e industrial Descripci\u00f3n de la p\u00e1gina www.agronomoscuenca.es\u00a0(en adelante, \u201cla web\u201d o \u201cla p\u00e1gina web\u201d o \u201cwebsite\u201d) posee car\u00e1cter informativo gen\u00e9rico y de car\u00e1cter no exhaustivo, encontr\u00e1ndose dirigida a sus clientes y contactos y no a consumidores finales ni menores de edad. El acceso al website es gratuito salvo, en [&hellip;]","og_url":"http:\/\/www.agronomoscuenca.es\/index.php\/aviso-legal\/","og_site_name":"APIAC","article_modified_time":"2023-06-22T17:15:29+00:00","og_image":[{"url":"https:\/\/i0.wp.com\/www.agrocursos.es\/wp-content\/uploads\/2019\/12\/aviso-legal-agrocursos.jpg?resize=300%2C258","type":"","width":"","height":""}],"twitter_card":"summary_large_image","twitter_misc":{"Tiempo de lectura":"4 minutos"},"schema":{"@context":"https:\/\/schema.org","@graph":[{"@type":"WebPage","@id":"http:\/\/www.agronomoscuenca.es\/index.php\/aviso-legal\/","url":"http:\/\/www.agronomoscuenca.es\/index.php\/aviso-legal\/","name":"Aviso legal - APIAC","isPartOf":{"@id":"https:\/\/www.agronomoscuenca.es\/#website"},"primaryImageOfPage":{"@id":"http:\/\/www.agronomoscuenca.es\/index.php\/aviso-legal\/#primaryimage"},"image":{"@id":"http:\/\/www.agronomoscuenca.es\/index.php\/aviso-legal\/#primaryimage"},"thumbnailUrl":"https:\/\/i0.wp.com\/www.agrocursos.es\/wp-content\/uploads\/2019\/12\/aviso-legal-agrocursos.jpg?resize=300%2C258","datePublished":"2023-06-22T17:15:27+00:00","dateModified":"2023-06-22T17:15:29+00:00","breadcrumb":{"@id":"http:\/\/www.agronomoscuenca.es\/index.php\/aviso-legal\/#breadcrumb"},"inLanguage":"es","potentialAction":[{"@type":"ReadAction","target":["http:\/\/www.agronomoscuenca.es\/index.php\/aviso-legal\/"]}]},{"@type":"ImageObject","inLanguage":"es","@id":"http:\/\/www.agronomoscuenca.es\/index.php\/aviso-legal\/#primaryimage","url":"https:\/\/i0.wp.com\/www.agrocursos.es\/wp-content\/uploads\/2019\/12\/aviso-legal-agrocursos.jpg?resize=300%2C258","contentUrl":"https:\/\/i0.wp.com\/www.agrocursos.es\/wp-content\/uploads\/2019\/12\/aviso-legal-agrocursos.jpg?resize=300%2C258"},{"@type":"BreadcrumbList","@id":"http:\/\/www.agronomoscuenca.es\/index.php\/aviso-legal\/#breadcrumb","itemListElement":[{"@type":"ListItem","position":1,"name":"Portada","item":"https:\/\/www.agronomoscuenca.es\/"},{"@type":"ListItem","position":2,"name":"Aviso legal"}]},{"@type":"WebSite","@id":"https:\/\/www.agronomoscuenca.es\/#website","url":"https:\/\/www.agronomoscuenca.es\/","name":"APIAC","description":"Asociaci\u00f3n Profesional de Ingenieros Agronomos","publisher":{"@id":"https:\/\/www.agronomoscuenca.es\/#organization"},"potentialAction":[{"@type":"SearchAction","target":{"@type":"EntryPoint","urlTemplate":"https:\/\/www.agronomoscuenca.es\/?s={search_term_string}"},"query-input":{"@type":"PropertyValueSpecification","valueRequired":true,"valueName":"search_term_string"}}],"inLanguage":"es"},{"@type":"Organization","@id":"https:\/\/www.agronomoscuenca.es\/#organization","name":"APIAC","url":"https:\/\/www.agronomoscuenca.es\/","logo":{"@type":"ImageObject","inLanguage":"es","@id":"https:\/\/www.agronomoscuenca.es\/#\/schema\/logo\/image\/","url":"http:\/\/www.agronomoscuenca.es\/wp-content\/uploads\/2023\/06\/cropped-logo-apiac-800x470-1.jpg","contentUrl":"http:\/\/www.agronomoscuenca.es\/wp-content\/uploads\/2023\/06\/cropped-logo-apiac-800x470-1.jpg","width":800,"height":419,"caption":"APIAC"},"image":{"@id":"https:\/\/www.agronomoscuenca.es\/#\/schema\/logo\/image\/"}}]}},"jetpack_sharing_enabled":true,"_links":{"self":[{"href":"http:\/\/www.agronomoscuenca.es\/index.php\/wp-json\/wp\/v2\/pages\/37","targetHints":{"allow":["GET"]}}],"collection":[{"href":"http:\/\/www.agronomoscuenca.es\/index.php\/wp-json\/wp\/v2\/pages"}],"about":[{"href":"http:\/\/www.agronomoscuenca.es\/index.php\/wp-json\/wp\/v2\/types\/page"}],"author":[{"embeddable":true,"href":"http:\/\/www.agronomoscuenca.es\/index.php\/wp-json\/wp\/v2\/users\/1"}],"replies":[{"embeddable":true,"href":"http:\/\/www.agronomoscuenca.es\/index.php\/wp-json\/wp\/v2\/comments?post=37"}],"version-history":[{"count":1,"href":"http:\/\/www.agronomoscuenca.es\/index.php\/wp-json\/wp\/v2\/pages\/37\/revisions"}],"predecessor-version":[{"id":38,"href":"http:\/\/www.agronomoscuenca.es\/index.php\/wp-json\/wp\/v2\/pages\/37\/revisions\/38"}],"wp:attachment":[{"href":"http:\/\/www.agronomoscuenca.es\/index.php\/wp-json\/wp\/v2\/media?parent=37"}],"curies":[{"name":"wp","href":"https:\/\/api.w.org\/{rel}","templated":true}]}}