{"id":157,"date":"2023-06-22T22:32:07","date_gmt":"2023-06-22T22:32:07","guid":{"rendered":"http:\/\/www.agronomoscuenca.es\/?page_id=157"},"modified":"2023-06-23T21:28:23","modified_gmt":"2023-06-23T21:28:23","slug":"ahorro-y-eficiencia-energetica-en-explotaciones-agricolas-y-ganaderas","status":"publish","type":"page","link":"http:\/\/www.agronomoscuenca.es\/index.php\/ahorro-y-eficiencia-energetica-en-explotaciones-agricolas-y-ganaderas\/","title":{"rendered":"AHORRO Y EFICIENCIA ENERGETICA EN EXPLOTACIONES AGRICOLAS Y GANADERAS"},"content":{"rendered":"\n<p><a href=\"https:\/\/www.agrocursos.es\/wp-admin\/post.php?post=152&amp;action=edit\">EDITAR<\/a><\/p>\n\n\n\n<h2 class=\"wp-block-heading\">CURSO ONLINE: AHORRO Y EFICIENCIA ENERGETICA EN EXPLOTACIONES AGRICOLAS Y GANADERAS.<\/h2>\n\n\n\n<figure class=\"wp-block-image\"><img decoding=\"async\" src=\"https:\/\/i0.wp.com\/www.agrocursos.es\/wp-content\/uploads\/2019\/12\/ahorro-gasoleo-tractor.jpg?resize=800%2C543\" alt=\"\" class=\"wp-image-154\"\/><\/figure>\n\n\n\n<h1 class=\"wp-block-heading\">Caracter\u00edsticas del curso online AHORRO Y EFICIENCIA ENERGETICA EN EXPLOTACIONES AGRICOLAS Y GANADERAS.<\/h1>\n\n\n\n<ul class=\"wp-block-list\">\n<li>Duraci\u00f3n:&nbsp;25 horas.<\/li>\n\n\n\n<li>Nivel: Medio.<\/li>\n\n\n\n<li>Requisitos: Manejo b\u00e1sico del ordenador o tablet<\/li>\n\n\n\n<li>Tiempo para terminar el curso: 10-25 d\u00edas (1-2horas\/d\u00eda)<\/li>\n\n\n\n<li>Coste: 200 euros&nbsp;<\/li>\n\n\n\n<li>Plazas limitadas: 20 alumnos<\/li>\n<\/ul>\n\n\n\n<h1 class=\"wp-block-heading\">Objetivos<\/h1>\n\n\n\n<ul class=\"wp-block-list\">\n<li>El ahorro y uso eficiente de la energ\u00eda en la producci\u00f3n agr\u00edcola.<\/li>\n\n\n\n<li>Reducir el consumo de energ\u00eda en explotaciones agr\u00edcolas y ganaderas.<\/li>\n\n\n\n<li>Selecci\u00f3n del parque de maquinaria m\u00e1s apropiado a cada explotaci\u00f3n<\/li>\n\n\n\n<li>Conducci\u00f3n eficiente del tractor.<\/li>\n\n\n\n<li>Optimizar los procesos productivos y el empleo de la energ\u00eda utilizada en los mismos<\/li>\n\n\n\n<li>Producir m\u00e1s con menos energ\u00eda.<\/li>\n\n\n\n<li>Iluminar mejor consumiendo menos electricidad<\/li>\n<\/ul>\n\n\n\n<h2 class=\"wp-block-heading\">Temario<\/h2>\n\n\n\n<ol class=\"wp-block-list\">\n<li>OBJETIVOS ESPECIFICOS<\/li>\n\n\n\n<li>DURACCION<\/li>\n\n\n\n<li>EXTRUCTURA DE LA EXPLOTACI\u00d3N AGR\u00cdCOLA<br>3.1. INTRODUCCION<br>3.2. Caracterizaci\u00f3n de las explotaciones agr\u00edcolas<br>3.3. Influencia del tama\u00f1o de la explotaci\u00f3n en el consumo de combustible.<br>3.4. Las \u201cCUMA\u201d y \u201cAMA\u201d<br>3.5. Herramientas de ayuda a la decisi\u00f3n.&nbsp;<strong>Selecci\u00f3n del parque de maquinaria m\u00e1s apropiado para cada explotaci\u00f3n<\/strong><br>3.6. Estructura de la explotaci\u00f3n agr\u00edcola estructura de la explotaci\u00f3n agr\u00edcola.<br>3.7. Conclusiones pr\u00e1cticas para el ahorro y la eficiencia energ\u00e9tica<\/li>\n\n\n\n<li>SISTEMAS DE LABOREO AGRICOLA<br>4.1. Introducci\u00f3n<br>4.2. Factores previos a considerar en el laboreo que inciden en el consumo de gas\u00f3leo<br>4.3. Sistemas de laboreo<br>4.4. Labores e itinerario de labores<br>4.5. Recomendaciones<br>4.6. Conclusiones<\/li>\n\n\n\n<li><strong>AHORRO DE COMBUSTIBLE EN LE TRACTOR AGR\u00cdCOLA<\/strong><br>5.1. Introducci\u00f3n<br>5.2. La elecci\u00f3n 1: Elecci\u00f3n en la compra del tractor<br>5.3. Uso del tractor<br>5.4. Formaci\u00f3n del usuario<\/li>\n\n\n\n<li>EFICIENCIA ENERG\u00c9TICA EN INSTALACIONES GANADERAS<br>6.1. Introducci\u00f3n<br>6.2. Medidas a desarrollar para mejorar la eficiencia energ\u00e9tica<br>6.3. Necesidades energ\u00e9ticas<br>6.4. Medidas para la mejora de la eficiencia energ\u00e9tica<br>6.5. Reglas Clave<\/li>\n\n\n\n<li>ENLACES DE INTER\u00c9S Y BIBLIOGRAF\u00cdA<br>7.1. Enlaces de Inter\u00e9s<br>7.2. Bibliograf\u00eda<\/li>\n<\/ol>\n\n\n\n<p>Valido para incluirlo en los planes de formaci\u00f3n de las Ayudas del Plan de impulso de la sostenibilidad y competitividad de<br>la agricultura y la ganader\u00eda (III) en el marco del Plan de Recuperaci\u00f3n, Transformaci\u00f3n y Resiliencia.<\/p>\n\n\n\n<p><\/p>\n\n\n\n<div class=\"wp-block-contact-form-7-contact-form-selector\">\n<div class=\"wpcf7 no-js\" id=\"wpcf7-f178-o1\" lang=\"es-ES\" dir=\"ltr\" data-wpcf7-id=\"178\">\n<div class=\"screen-reader-response\"><p role=\"status\" aria-live=\"polite\" aria-atomic=\"true\"><\/p> <ul><\/ul><\/div>\n<form action=\"\/index.php\/wp-json\/wp\/v2\/pages\/157#wpcf7-f178-o1\" method=\"post\" class=\"wpcf7-form init\" aria-label=\"Formulario de contacto\" novalidate=\"novalidate\" data-status=\"init\">\n<fieldset class=\"hidden-fields-container\"><input type=\"hidden\" name=\"_wpcf7\" value=\"178\" \/><input type=\"hidden\" name=\"_wpcf7_version\" value=\"6.1.4\" \/><input type=\"hidden\" name=\"_wpcf7_locale\" value=\"es_ES\" \/><input type=\"hidden\" name=\"_wpcf7_unit_tag\" value=\"wpcf7-f178-o1\" \/><input type=\"hidden\" name=\"_wpcf7_container_post\" value=\"0\" \/><input type=\"hidden\" name=\"_wpcf7_posted_data_hash\" value=\"\" \/>\n<\/fieldset>\n<p><label> Nombre (requerido)<br \/>\n<span class=\"wpcf7-form-control-wrap\" data-name=\"nombre\"><input size=\"40\" maxlength=\"400\" class=\"wpcf7-form-control wpcf7-text wpcf7-validates-as-required\" aria-required=\"true\" aria-invalid=\"false\" value=\"\" type=\"text\" name=\"nombre\" \/><\/span> <\/label>\n<\/p>\n<p><label> Apellidos (requerido)<br \/>\n<span class=\"wpcf7-form-control-wrap\" data-name=\"apellidos\"><input size=\"40\" maxlength=\"400\" class=\"wpcf7-form-control wpcf7-text wpcf7-validates-as-required\" aria-required=\"true\" aria-invalid=\"false\" value=\"\" type=\"text\" name=\"apellidos\" \/><\/span> <\/label>\n<\/p>\n<p><label> DNI (requerido)<br \/>\n<span class=\"wpcf7-form-control-wrap\" data-name=\"dni\"><input size=\"40\" maxlength=\"400\" class=\"wpcf7-form-control wpcf7-text wpcf7-validates-as-required\" aria-required=\"true\" aria-invalid=\"false\" value=\"\" type=\"text\" name=\"dni\" \/><\/span> <\/label>\n<\/p>\n<p><label> Localidad (requerido)<br \/>\n<span class=\"wpcf7-form-control-wrap\" data-name=\"localidad\"><input size=\"40\" maxlength=\"400\" class=\"wpcf7-form-control wpcf7-text wpcf7-validates-as-required\" aria-required=\"true\" aria-invalid=\"false\" value=\"\" type=\"text\" name=\"localidad\" \/><\/span> <\/label>\n<\/p>\n<p><label> Provincia (requerido)<br \/>\n<span class=\"wpcf7-form-control-wrap\" data-name=\"provincia\"><input size=\"40\" maxlength=\"400\" class=\"wpcf7-form-control wpcf7-text wpcf7-validates-as-required\" aria-required=\"true\" aria-invalid=\"false\" value=\"\" type=\"text\" name=\"provincia\" \/><\/span> <\/label>\n<\/p>\n<p><label> Tu correo electr\u00f3nico (requerido)<br \/>\n<span class=\"wpcf7-form-control-wrap\" data-name=\"your-email\"><input size=\"40\" maxlength=\"400\" class=\"wpcf7-form-control wpcf7-email wpcf7-validates-as-required wpcf7-text wpcf7-validates-as-email\" aria-required=\"true\" aria-invalid=\"false\" value=\"\" type=\"email\" name=\"your-email\" \/><\/span> <\/label>\n<\/p>\n<p><label> Tu tel\u00e9fono (requerido)<br \/>\n<span class=\"wpcf7-form-control-wrap\" data-name=\"telefono01\"><input class=\"wpcf7-form-control wpcf7-number wpcf7-validates-as-number\" aria-invalid=\"false\" value=\"\" type=\"number\" name=\"telefono01\" \/><\/span><\/label>\n<\/p>\n<p><label> Asunto (requerido)<br \/>\n<span class=\"wpcf7-form-control-wrap\" data-name=\"textarea-132\"><textarea cols=\"40\" rows=\"10\" maxlength=\"2000\" class=\"wpcf7-form-control wpcf7-textarea\" aria-invalid=\"false\" name=\"textarea-132\"><\/textarea><\/span> <\/label>\n<\/p>\n<p><span class=\"wpcf7-form-control-wrap\" data-name=\"Politicadatospersonales\"><span class=\"wpcf7-form-control wpcf7-acceptance\"><span class=\"wpcf7-list-item\"><label><input type=\"checkbox\" name=\"Politicadatospersonales\" value=\"1\" aria-invalid=\"false\" \/><span class=\"wpcf7-list-item-label\">Acepto la <a href= \"http:\/\/www.agrocursos.es\/index.php\/politica-de-datos-de-caracter-personal\/\" target=\"_blank\"> Politica de datos de car\u00e1cter personal<\/a><\/span><\/label><\/span><\/span><\/span>\n<\/p>\n<p><input class=\"wpcf7-form-control wpcf7-submit has-spinner\" type=\"submit\" value=\"Enviar\" \/>\n<\/p><p style=\"display: none !important;\" class=\"akismet-fields-container\" data-prefix=\"_wpcf7_ak_\"><label>&#916;<textarea name=\"_wpcf7_ak_hp_textarea\" cols=\"45\" rows=\"8\" maxlength=\"100\"><\/textarea><\/label><input type=\"hidden\" id=\"ak_js_1\" name=\"_wpcf7_ak_js\" value=\"46\"\/><script>document.getElementById( \"ak_js_1\" ).setAttribute( \"value\", ( new Date() ).getTime() );<\/script><\/p><div class=\"wpcf7-response-output\" aria-hidden=\"true\"><\/div>\n<\/form>\n<\/div>\n<\/div>\n","protected":false},"excerpt":{"rendered":"<p>EDITAR CURSO ONLINE: AHORRO Y EFICIENCIA ENERGETICA EN EXPLOTACIONES AGRICOLAS Y GANADERAS. Caracter\u00edsticas del curso online AHORRO Y EFICIENCIA ENERGETICA EN EXPLOTACIONES AGRICOLAS Y GANADERAS. Objetivos Temario Valido para incluirlo en los planes de formaci\u00f3n de las Ayudas del Plan de impulso de la sostenibilidad y competitividad dela agricultura y la ganader\u00eda (III) en el [&hellip;]<\/p>\n","protected":false},"author":1,"featured_media":0,"parent":0,"menu_order":0,"comment_status":"closed","ping_status":"closed","template":"","meta":{"footnotes":""},"class_list":["post-157","page","type-page","status-publish","czr-hentry"],"yoast_head":"<!-- This site is optimized with the Yoast SEO plugin v26.6 - https:\/\/yoast.com\/wordpress\/plugins\/seo\/ -->\n<title>AHORRO Y EFICIENCIA ENERGETICA EN EXPLOTACIONES AGRICOLAS Y GANADERAS - APIAC<\/title>\n<meta name=\"robots\" content=\"index, follow, max-snippet:-1, max-image-preview:large, max-video-preview:-1\" \/>\n<link rel=\"canonical\" href=\"http:\/\/www.agronomoscuenca.es\/index.php\/ahorro-y-eficiencia-energetica-en-explotaciones-agricolas-y-ganaderas\/\" \/>\n<meta property=\"og:locale\" content=\"es_ES\" \/>\n<meta property=\"og:type\" content=\"article\" \/>\n<meta property=\"og:title\" content=\"AHORRO Y EFICIENCIA ENERGETICA EN EXPLOTACIONES AGRICOLAS Y GANADERAS - APIAC\" \/>\n<meta property=\"og:description\" content=\"EDITAR CURSO ONLINE: AHORRO Y EFICIENCIA ENERGETICA EN EXPLOTACIONES AGRICOLAS Y GANADERAS. Caracter\u00edsticas del curso online AHORRO Y EFICIENCIA ENERGETICA EN EXPLOTACIONES AGRICOLAS Y GANADERAS. Objetivos Temario Valido para incluirlo en los planes de formaci\u00f3n de las Ayudas del Plan de impulso de la sostenibilidad y competitividad dela agricultura y la ganader\u00eda (III) en el [&hellip;]\" \/>\n<meta property=\"og:url\" content=\"http:\/\/www.agronomoscuenca.es\/index.php\/ahorro-y-eficiencia-energetica-en-explotaciones-agricolas-y-ganaderas\/\" \/>\n<meta property=\"og:site_name\" content=\"APIAC\" \/>\n<meta property=\"article:modified_time\" content=\"2023-06-23T21:28:23+00:00\" \/>\n<meta property=\"og:image\" content=\"https:\/\/i0.wp.com\/www.agrocursos.es\/wp-content\/uploads\/2019\/12\/ahorro-gasoleo-tractor.jpg?resize=800%2C543\" \/>\n<meta name=\"twitter:card\" content=\"summary_large_image\" \/>\n<meta name=\"twitter:label1\" content=\"Tiempo de lectura\" \/>\n\t<meta name=\"twitter:data1\" content=\"2 minutos\" \/>\n<script type=\"application\/ld+json\" class=\"yoast-schema-graph\">{\"@context\":\"https:\/\/schema.org\",\"@graph\":[{\"@type\":\"WebPage\",\"@id\":\"http:\/\/www.agronomoscuenca.es\/index.php\/ahorro-y-eficiencia-energetica-en-explotaciones-agricolas-y-ganaderas\/\",\"url\":\"http:\/\/www.agronomoscuenca.es\/index.php\/ahorro-y-eficiencia-energetica-en-explotaciones-agricolas-y-ganaderas\/\",\"name\":\"AHORRO Y EFICIENCIA ENERGETICA EN EXPLOTACIONES AGRICOLAS Y GANADERAS - APIAC\",\"isPartOf\":{\"@id\":\"https:\/\/www.agronomoscuenca.es\/#website\"},\"primaryImageOfPage\":{\"@id\":\"http:\/\/www.agronomoscuenca.es\/index.php\/ahorro-y-eficiencia-energetica-en-explotaciones-agricolas-y-ganaderas\/#primaryimage\"},\"image\":{\"@id\":\"http:\/\/www.agronomoscuenca.es\/index.php\/ahorro-y-eficiencia-energetica-en-explotaciones-agricolas-y-ganaderas\/#primaryimage\"},\"thumbnailUrl\":\"https:\/\/i0.wp.com\/www.agrocursos.es\/wp-content\/uploads\/2019\/12\/ahorro-gasoleo-tractor.jpg?resize=800%2C543\",\"datePublished\":\"2023-06-22T22:32:07+00:00\",\"dateModified\":\"2023-06-23T21:28:23+00:00\",\"breadcrumb\":{\"@id\":\"http:\/\/www.agronomoscuenca.es\/index.php\/ahorro-y-eficiencia-energetica-en-explotaciones-agricolas-y-ganaderas\/#breadcrumb\"},\"inLanguage\":\"es\",\"potentialAction\":[{\"@type\":\"ReadAction\",\"target\":[\"http:\/\/www.agronomoscuenca.es\/index.php\/ahorro-y-eficiencia-energetica-en-explotaciones-agricolas-y-ganaderas\/\"]}]},{\"@type\":\"ImageObject\",\"inLanguage\":\"es\",\"@id\":\"http:\/\/www.agronomoscuenca.es\/index.php\/ahorro-y-eficiencia-energetica-en-explotaciones-agricolas-y-ganaderas\/#primaryimage\",\"url\":\"https:\/\/i0.wp.com\/www.agrocursos.es\/wp-content\/uploads\/2019\/12\/ahorro-gasoleo-tractor.jpg?resize=800%2C543\",\"contentUrl\":\"https:\/\/i0.wp.com\/www.agrocursos.es\/wp-content\/uploads\/2019\/12\/ahorro-gasoleo-tractor.jpg?resize=800%2C543\"},{\"@type\":\"BreadcrumbList\",\"@id\":\"http:\/\/www.agronomoscuenca.es\/index.php\/ahorro-y-eficiencia-energetica-en-explotaciones-agricolas-y-ganaderas\/#breadcrumb\",\"itemListElement\":[{\"@type\":\"ListItem\",\"position\":1,\"name\":\"Portada\",\"item\":\"https:\/\/www.agronomoscuenca.es\/\"},{\"@type\":\"ListItem\",\"position\":2,\"name\":\"AHORRO Y EFICIENCIA ENERGETICA EN EXPLOTACIONES AGRICOLAS Y GANADERAS\"}]},{\"@type\":\"WebSite\",\"@id\":\"https:\/\/www.agronomoscuenca.es\/#website\",\"url\":\"https:\/\/www.agronomoscuenca.es\/\",\"name\":\"APIAC\",\"description\":\"Asociaci\u00f3n Profesional de Ingenieros Agronomos\",\"publisher\":{\"@id\":\"https:\/\/www.agronomoscuenca.es\/#organization\"},\"potentialAction\":[{\"@type\":\"SearchAction\",\"target\":{\"@type\":\"EntryPoint\",\"urlTemplate\":\"https:\/\/www.agronomoscuenca.es\/?s={search_term_string}\"},\"query-input\":{\"@type\":\"PropertyValueSpecification\",\"valueRequired\":true,\"valueName\":\"search_term_string\"}}],\"inLanguage\":\"es\"},{\"@type\":\"Organization\",\"@id\":\"https:\/\/www.agronomoscuenca.es\/#organization\",\"name\":\"APIAC\",\"url\":\"https:\/\/www.agronomoscuenca.es\/\",\"logo\":{\"@type\":\"ImageObject\",\"inLanguage\":\"es\",\"@id\":\"https:\/\/www.agronomoscuenca.es\/#\/schema\/logo\/image\/\",\"url\":\"http:\/\/www.agronomoscuenca.es\/wp-content\/uploads\/2023\/06\/cropped-logo-apiac-800x470-1.jpg\",\"contentUrl\":\"http:\/\/www.agronomoscuenca.es\/wp-content\/uploads\/2023\/06\/cropped-logo-apiac-800x470-1.jpg\",\"width\":800,\"height\":419,\"caption\":\"APIAC\"},\"image\":{\"@id\":\"https:\/\/www.agronomoscuenca.es\/#\/schema\/logo\/image\/\"}}]}<\/script>\n<!-- \/ Yoast SEO plugin. -->","yoast_head_json":{"title":"AHORRO Y EFICIENCIA ENERGETICA EN EXPLOTACIONES AGRICOLAS Y GANADERAS - APIAC","robots":{"index":"index","follow":"follow","max-snippet":"max-snippet:-1","max-image-preview":"max-image-preview:large","max-video-preview":"max-video-preview:-1"},"canonical":"http:\/\/www.agronomoscuenca.es\/index.php\/ahorro-y-eficiencia-energetica-en-explotaciones-agricolas-y-ganaderas\/","og_locale":"es_ES","og_type":"article","og_title":"AHORRO Y EFICIENCIA ENERGETICA EN EXPLOTACIONES AGRICOLAS Y GANADERAS - APIAC","og_description":"EDITAR CURSO ONLINE: AHORRO Y EFICIENCIA ENERGETICA EN EXPLOTACIONES AGRICOLAS Y GANADERAS. Caracter\u00edsticas del curso online AHORRO Y EFICIENCIA ENERGETICA EN EXPLOTACIONES AGRICOLAS Y GANADERAS. Objetivos Temario Valido para incluirlo en los planes de formaci\u00f3n de las Ayudas del Plan de impulso de la sostenibilidad y competitividad dela agricultura y la ganader\u00eda (III) en el [&hellip;]","og_url":"http:\/\/www.agronomoscuenca.es\/index.php\/ahorro-y-eficiencia-energetica-en-explotaciones-agricolas-y-ganaderas\/","og_site_name":"APIAC","article_modified_time":"2023-06-23T21:28:23+00:00","og_image":[{"url":"https:\/\/i0.wp.com\/www.agrocursos.es\/wp-content\/uploads\/2019\/12\/ahorro-gasoleo-tractor.jpg?resize=800%2C543","type":"","width":"","height":""}],"twitter_card":"summary_large_image","twitter_misc":{"Tiempo de lectura":"2 minutos"},"schema":{"@context":"https:\/\/schema.org","@graph":[{"@type":"WebPage","@id":"http:\/\/www.agronomoscuenca.es\/index.php\/ahorro-y-eficiencia-energetica-en-explotaciones-agricolas-y-ganaderas\/","url":"http:\/\/www.agronomoscuenca.es\/index.php\/ahorro-y-eficiencia-energetica-en-explotaciones-agricolas-y-ganaderas\/","name":"AHORRO Y EFICIENCIA ENERGETICA EN EXPLOTACIONES AGRICOLAS Y GANADERAS - APIAC","isPartOf":{"@id":"https:\/\/www.agronomoscuenca.es\/#website"},"primaryImageOfPage":{"@id":"http:\/\/www.agronomoscuenca.es\/index.php\/ahorro-y-eficiencia-energetica-en-explotaciones-agricolas-y-ganaderas\/#primaryimage"},"image":{"@id":"http:\/\/www.agronomoscuenca.es\/index.php\/ahorro-y-eficiencia-energetica-en-explotaciones-agricolas-y-ganaderas\/#primaryimage"},"thumbnailUrl":"https:\/\/i0.wp.com\/www.agrocursos.es\/wp-content\/uploads\/2019\/12\/ahorro-gasoleo-tractor.jpg?resize=800%2C543","datePublished":"2023-06-22T22:32:07+00:00","dateModified":"2023-06-23T21:28:23+00:00","breadcrumb":{"@id":"http:\/\/www.agronomoscuenca.es\/index.php\/ahorro-y-eficiencia-energetica-en-explotaciones-agricolas-y-ganaderas\/#breadcrumb"},"inLanguage":"es","potentialAction":[{"@type":"ReadAction","target":["http:\/\/www.agronomoscuenca.es\/index.php\/ahorro-y-eficiencia-energetica-en-explotaciones-agricolas-y-ganaderas\/"]}]},{"@type":"ImageObject","inLanguage":"es","@id":"http:\/\/www.agronomoscuenca.es\/index.php\/ahorro-y-eficiencia-energetica-en-explotaciones-agricolas-y-ganaderas\/#primaryimage","url":"https:\/\/i0.wp.com\/www.agrocursos.es\/wp-content\/uploads\/2019\/12\/ahorro-gasoleo-tractor.jpg?resize=800%2C543","contentUrl":"https:\/\/i0.wp.com\/www.agrocursos.es\/wp-content\/uploads\/2019\/12\/ahorro-gasoleo-tractor.jpg?resize=800%2C543"},{"@type":"BreadcrumbList","@id":"http:\/\/www.agronomoscuenca.es\/index.php\/ahorro-y-eficiencia-energetica-en-explotaciones-agricolas-y-ganaderas\/#breadcrumb","itemListElement":[{"@type":"ListItem","position":1,"name":"Portada","item":"https:\/\/www.agronomoscuenca.es\/"},{"@type":"ListItem","position":2,"name":"AHORRO Y EFICIENCIA ENERGETICA EN EXPLOTACIONES AGRICOLAS Y GANADERAS"}]},{"@type":"WebSite","@id":"https:\/\/www.agronomoscuenca.es\/#website","url":"https:\/\/www.agronomoscuenca.es\/","name":"APIAC","description":"Asociaci\u00f3n Profesional de Ingenieros Agronomos","publisher":{"@id":"https:\/\/www.agronomoscuenca.es\/#organization"},"potentialAction":[{"@type":"SearchAction","target":{"@type":"EntryPoint","urlTemplate":"https:\/\/www.agronomoscuenca.es\/?s={search_term_string}"},"query-input":{"@type":"PropertyValueSpecification","valueRequired":true,"valueName":"search_term_string"}}],"inLanguage":"es"},{"@type":"Organization","@id":"https:\/\/www.agronomoscuenca.es\/#organization","name":"APIAC","url":"https:\/\/www.agronomoscuenca.es\/","logo":{"@type":"ImageObject","inLanguage":"es","@id":"https:\/\/www.agronomoscuenca.es\/#\/schema\/logo\/image\/","url":"http:\/\/www.agronomoscuenca.es\/wp-content\/uploads\/2023\/06\/cropped-logo-apiac-800x470-1.jpg","contentUrl":"http:\/\/www.agronomoscuenca.es\/wp-content\/uploads\/2023\/06\/cropped-logo-apiac-800x470-1.jpg","width":800,"height":419,"caption":"APIAC"},"image":{"@id":"https:\/\/www.agronomoscuenca.es\/#\/schema\/logo\/image\/"}}]}},"jetpack_sharing_enabled":true,"_links":{"self":[{"href":"http:\/\/www.agronomoscuenca.es\/index.php\/wp-json\/wp\/v2\/pages\/157","targetHints":{"allow":["GET"]}}],"collection":[{"href":"http:\/\/www.agronomoscuenca.es\/index.php\/wp-json\/wp\/v2\/pages"}],"about":[{"href":"http:\/\/www.agronomoscuenca.es\/index.php\/wp-json\/wp\/v2\/types\/page"}],"author":[{"embeddable":true,"href":"http:\/\/www.agronomoscuenca.es\/index.php\/wp-json\/wp\/v2\/users\/1"}],"replies":[{"embeddable":true,"href":"http:\/\/www.agronomoscuenca.es\/index.php\/wp-json\/wp\/v2\/comments?post=157"}],"version-history":[{"count":2,"href":"http:\/\/www.agronomoscuenca.es\/index.php\/wp-json\/wp\/v2\/pages\/157\/revisions"}],"predecessor-version":[{"id":184,"href":"http:\/\/www.agronomoscuenca.es\/index.php\/wp-json\/wp\/v2\/pages\/157\/revisions\/184"}],"wp:attachment":[{"href":"http:\/\/www.agronomoscuenca.es\/index.php\/wp-json\/wp\/v2\/media?parent=157"}],"curies":[{"name":"wp","href":"https:\/\/api.w.org\/{rel}","templated":true}]}}